{"id":9452,"date":"2021-10-19T10:12:55","date_gmt":"2021-10-19T14:12:55","guid":{"rendered":"https:\/\/spefct.org\/?page_id=9452"},"modified":"2024-04-04T14:55:45","modified_gmt":"2024-04-04T18:55:45","slug":"appeal","status":"publish","type":"page","link":"https:\/\/spefct.org\/es\/appeal\/","title":{"rendered":"Campa\u00f1a anual 2023: \u00a1Done hoy!"},"content":{"rendered":"<div class=\"wpb-content-wrapper\"><div class=\"vc_row wpb_row vc_row-fluid\"><div class=\"wpb_column vc_column_container vc_col-sm-3 vc_hidden-xs\"><div class=\"vc_column-inner\"><div class=\"wpb_wrapper\">\n\t<div class=\"wpb_text_column wpb_content_element\" >\n\t\t<div class=\"wpb_wrapper\">\n\t\t\t<h3 style=\"text-align: center;\"><strong>Junta Directiva<\/strong><\/h3>\n\n\t\t<\/div>\n\t<\/div>\n\n\t<div class=\"wpb_text_column wpb_content_element\" >\n\t\t<div class=\"wpb_wrapper\">\n\t\t\t<p style=\"text-align: center;\"><strong>Susan Briggs Blos<br \/>\n<\/strong><strong><em>Presidente<br \/>\n<\/em><\/strong>Tudor Investment Corporation<\/p>\n<p style=\"text-align: center;\"><strong>Sandra O\u00b4Keefe<br \/>\n<\/strong><strong><em>Vicepresidente<br \/>\n<\/em><\/strong>State Street Global Advisors<\/p>\n<p style=\"text-align: center;\"><strong>Bryan Bishop<br \/>\n<\/strong><strong><em>Tesorero<br \/>\n<\/em><\/strong>Vialto Partners<\/p>\n<p style=\"text-align: center;\"><strong>katherine molina-powell<br \/>\n<\/strong><strong><em>Secretario<br \/>\n<\/em><\/strong>Los ni\u00f1os de Nueva York se elevan<\/p>\n<p style=\"text-align: center;\"><strong>\u00a0<\/strong><strong>Kiran Anand<br \/>\n<\/strong>Banco de Nueva York Mellon<\/p>\n<p style=\"text-align: center;\"><strong>\u00a0<\/strong><strong>Barbara Aronica-Buck<br \/>\n<\/strong>Biblioteca Ferguson<\/p>\n<p style=\"text-align: center;\"><strong>\u00a0<\/strong><strong>Peggy Erlenkotter<br \/>\n<\/strong>Voluntario de la comunidad<\/p>\n<p style=\"text-align: center;\"><strong>\u00a0<\/strong><strong>Juliana Foy<br \/>\n<\/strong>Waterside School<\/p>\n<p style=\"text-align: center;\"><strong>\u00a0<\/strong><strong>Crist\u00f3bal Geotes<br \/>\n<\/strong>Mart\u00edn LLP<\/p>\n<p style=\"text-align: center;\"><strong>\u00a0<\/strong><strong>Rowland Hanley<br \/>\n<\/strong>Gartner<\/p>\n<p style=\"text-align: center;\"><strong>\u00a0<\/strong><strong>Aruna Hobbs<br \/>\n<\/strong>MassMutual<\/p>\n<p style=\"text-align: center;\"><strong>Sebasti\u00e1n Kulesza<br \/>\n<\/strong>primer banco del condado<\/p>\n<p style=\"text-align: center;\"><strong>Nerur &quot;Shiv&quot; Kumar<br \/>\n<\/strong>Scala Computing<\/p>\n<p style=\"text-align: center;\"><strong>Jaclyn Leung<br \/>\n<\/strong>Thermo Fisher Scientific<\/p>\n<p style=\"text-align: center;\"><strong>\u00a0<\/strong><strong>John Martin<br \/>\n<\/strong>Verizon<\/p>\n<p style=\"text-align: center;\"><strong>Heloise Nana<br \/>\n<\/strong>Biblioteca Ferguson<\/p>\n<p style=\"text-align: center;\"><strong>Jos\u00e9 Zale<br \/>\n<\/strong>Deloitte<\/p>\n\n\t\t<\/div>\n\t<\/div>\n<\/div><\/div><\/div><div class=\"wpb_column vc_column_container vc_col-sm-9\"><div class=\"vc_column-inner\"><div class=\"wpb_wrapper\"><div class=\"vc_btn3-container vc_btn3-right vc_custom_1634862679065\" ><a class=\"vc_general vc_btn3 vc_btn3-size-lg vc_btn3-shape-rounded vc_btn3-style-modern vc_btn3-color-primary\" href=\"https:\/\/spefct.salsalabs.org\/donation\/index.html\" title=\"\" target=\"_blank\">Donar hoy<\/a><\/div>\n\t<div class=\"wpb_text_column wpb_content_element\" >\n\t\t<div class=\"wpb_wrapper\">\n\t\t\t<p><strong>Estimado partidario,<\/strong><\/p>\n<p>Estamos encantados de compartir que el <strong>Fundaci\u00f3n de Educaci\u00f3n P\u00fablica de Stamford (SPEF)<\/strong> est\u00e1 de regreso en las aulas de las escuelas primarias, intermedias y secundarias (despu\u00e9s de una ausencia debido a la pandemia), \u00a1y se siente genial!<\/p>\n\n\t\t<\/div>\n\t<\/div>\n\n\t<div class=\"wpb_text_column wpb_content_element\" >\n\t\t<div class=\"wpb_wrapper\">\n\t\t\t<p><a class=\"dt-pswp-item\" href=\"https:\/\/spefct.org\/wp-content\/uploads\/2023\/11\/DSC04651.png\" data-dt-img-description=\"\" data-large_image_width=\"1080\" data-large_image_height=\"1080\"><img loading=\"lazy\" decoding=\"async\" class=\"wp-image-11816 alignleft\" src=\"https:\/\/spefct.org\/wp-content\/uploads\/2023\/11\/DSC04651-300x200.png\" alt=\"\" width=\"222\" height=\"148\" srcset=\"https:\/\/spefct.org\/wp-content\/uploads\/2023\/11\/DSC04651-300x200.png 300w, https:\/\/spefct.org\/wp-content\/uploads\/2023\/11\/DSC04651-1024x683.png 1024w, https:\/\/spefct.org\/wp-content\/uploads\/2023\/11\/DSC04651-768x512.png 768w, https:\/\/spefct.org\/wp-content\/uploads\/2023\/11\/DSC04651-1536x1024.png 1536w, https:\/\/spefct.org\/wp-content\/uploads\/2023\/11\/DSC04651-2048x1366.png 2048w, https:\/\/spefct.org\/wp-content\/uploads\/2023\/11\/DSC04651-18x12.png 18w\" sizes=\"auto, (max-width: 222px) 100vw, 222px\" \/><\/a><\/p>\n<p><strong><span style=\"color: #0077be;\">DONA HOY. <\/span><\/strong>Con su apoyo, este a\u00f1o lograremos <strong>elevar el \u00e9xito<\/strong> de <strong>M\u00e1s de 1000 estudiantes<\/strong> que necesitan apoyo acad\u00e9mico y socioemocional para prosperar.<\/p>\n<p>\u00bfSab\u00edas que Stamford se encuentra entre las ciudades con mayor diversidad \u00e9tnica de Estados Unidos? Mientras disfrutamos celebrando nuestra hermosa comunidad escolar multicultural, el <strong>brecha de oportunidades<\/strong> es muy real para los ni\u00f1os que el SPEF apoya. Trabajando estrechamente con nuestras escuelas y socios comunitarios, SPEF tiene un profundo compromiso con <strong>abordar las necesidades insatisfechas<\/strong> y desaf\u00edos que enfrentan nuestros estudiantes y sus familias.<\/p>\n\n\t\t<\/div>\n\t<\/div>\n<div class=\"vc_row wpb_row vc_inner vc_row-fluid\"><div class=\"wpb_column vc_column_container vc_col-sm-12\"><div class=\"vc_column-inner\"><div class=\"wpb_wrapper\">\n\t<div class=\"wpb_text_column wpb_content_element\" >\n\t\t<div class=\"wpb_wrapper\">\n\t\t\t<p><strong><span style=\"color: #0077be;\">\u00a1GRACIAS!<\/span><\/strong> Su apoyo permite a SPEF <strong>elevar el \u00e9xito estudiantil<\/strong> ofreciendo programas, como tutor\u00eda, tutor\u00eda y preparaci\u00f3n para el jard\u00edn de infantes, para que <strong>CADA<\/strong> El estudiante est\u00e1 preparado e inspirado para prosperar. Lea sobre algunas de nuestras estrellas brillantes, Jasmin, Felix y Kelly en la p\u00e1gina siguiente.<\/p>\n<p><strong><span style=\"color: #0077be;\">DONAR HOY<\/span><\/strong>. Esperamos <strong><span style=\"color: #0077be;\">T\u00da<\/span><\/strong> Creemos como nosotros: nuestros estudiantes son el futuro. Ahora es el momento de apoyar el importante trabajo que SPEF realiza todos los d\u00edas para eliminar las barreras que obstaculizan el \u00e9xito de los estudiantes.<\/p>\n<p><strong><span style=\"color: #0077be;\">\u00a1HAGA SU DONACI\u00d3N DEDUCIBLE DE IMPUESTOS ANTES DEL 31 DE DICIEMBRE!<\/span><\/strong><br \/>\n<strong>Visite spefct.org o complete y devuelva el sobre adjunto.<\/strong><\/p>\n<p>Gracias por tu apoyo. Contamos contigo.<\/p>\n\n\t\t<\/div>\n\t<\/div>\n<\/div><\/div><\/div><\/div><div class=\"vc_row wpb_row vc_inner vc_row-fluid\"><div class=\"wpb_column vc_column_container vc_col-sm-6\"><div class=\"vc_column-inner\"><div class=\"wpb_wrapper\">\n\t<div class=\"wpb_text_column wpb_content_element\" >\n\t\t<div class=\"wpb_wrapper\">\n\t\t\t<p style=\"text-align: center;\"><img loading=\"lazy\" decoding=\"async\" class=\"alignnone wp-image-11817\" src=\"https:\/\/spefct.org\/wp-content\/uploads\/2023\/11\/MalenaSignature-300x113.png\" alt=\"\" width=\"228\" height=\"86\" srcset=\"https:\/\/spefct.org\/wp-content\/uploads\/2023\/11\/MalenaSignature-300x113.png 300w, https:\/\/spefct.org\/wp-content\/uploads\/2023\/11\/MalenaSignature-18x7.png 18w, https:\/\/spefct.org\/wp-content\/uploads\/2023\/11\/MalenaSignature.png 352w\" sizes=\"auto, (max-width: 228px) 100vw, 228px\" \/><\/p>\n<p style=\"text-align: center;\">Malena Loucks<\/p>\n<p style=\"text-align: center;\">Director Ejecutivo<\/p>\n\n\t\t<\/div>\n\t<\/div>\n<\/div><\/div><\/div><div class=\"wpb_column vc_column_container vc_col-sm-6\"><div class=\"vc_column-inner\"><div class=\"wpb_wrapper\">\n\t<div class=\"wpb_text_column wpb_content_element\" >\n\t\t<div class=\"wpb_wrapper\">\n\t\t\t<p style=\"text-align: center;\"><img loading=\"lazy\" decoding=\"async\" class=\"alignnone wp-image-11818\" src=\"https:\/\/spefct.org\/wp-content\/uploads\/2023\/11\/SusanSignature-300x118.png\" alt=\"\" width=\"201\" height=\"79\" srcset=\"https:\/\/spefct.org\/wp-content\/uploads\/2023\/11\/SusanSignature-300x118.png 300w, https:\/\/spefct.org\/wp-content\/uploads\/2023\/11\/SusanSignature-18x7.png 18w, https:\/\/spefct.org\/wp-content\/uploads\/2023\/11\/SusanSignature.png 338w\" sizes=\"auto, (max-width: 201px) 100vw, 201px\" \/><\/p>\n<p style=\"text-align: center;\">Susan Briggs Blos<\/p>\n<p style=\"text-align: center;\">Presidente, Junta Directiva<\/p>\n\n\t\t<\/div>\n\t<\/div>\n<\/div><\/div><\/div><\/div>\n\t<div class=\"wpb_text_column wpb_content_element\" >\n\t\t<div class=\"wpb_wrapper\">\n\t\t\t<p><strong><span style=\"color: #0077be;\">PS SPEF TE NECESITA!<\/span><\/strong> ay\u00fadanos a alcanzar <strong>nuestra meta de $65,000 este a\u00f1o. <\/strong>\u00a1Juntos podemos preparar e inspirar a nuestros estudiantes y familias de Stamford!<\/p>\n<p><strong>\u00a1Por favor haga su donaci\u00f3n hoy!<\/strong><\/p>\n\n\t\t<\/div>\n\t<\/div>\n<div class=\"vc_btn3-container vc_btn3-center\" ><a class=\"vc_general vc_btn3 vc_btn3-size-md vc_btn3-shape-rounded vc_btn3-style-modern vc_btn3-color-primary\" href=\"https:\/\/spefct.salsalabs.org\/donation\/index.html\" title=\"\" target=\"_blank\">Done ahora<\/a><\/div><div class=\"vc_empty_space\"   style=\"height: 32px\"><span class=\"vc_empty_space_inner\"><\/span><\/div>\n\t<div class=\"wpb_text_column wpb_content_element\" >\n\t\t<div class=\"wpb_wrapper\">\n\t\t\t<p><a class=\"dt-pswp-item\" href=\"https:\/\/spefct.org\/wp-content\/uploads\/2023\/11\/DSC09782.png\" data-dt-img-description=\"\" data-large_image_width=\"6000\" data-large_image_height=\"4000\"><img loading=\"lazy\" decoding=\"async\" class=\"wp-image-11819 alignleft\" src=\"https:\/\/spefct.org\/wp-content\/uploads\/2023\/11\/DSC09782-300x200.png\" alt=\"\" width=\"203\" height=\"135\" srcset=\"https:\/\/spefct.org\/wp-content\/uploads\/2023\/11\/DSC09782-300x200.png 300w, https:\/\/spefct.org\/wp-content\/uploads\/2023\/11\/DSC09782-1024x683.png 1024w, https:\/\/spefct.org\/wp-content\/uploads\/2023\/11\/DSC09782-768x512.png 768w, https:\/\/spefct.org\/wp-content\/uploads\/2023\/11\/DSC09782-1536x1024.png 1536w, https:\/\/spefct.org\/wp-content\/uploads\/2023\/11\/DSC09782-2048x1365.png 2048w, https:\/\/spefct.org\/wp-content\/uploads\/2023\/11\/DSC09782-18x12.png 18w\" sizes=\"auto, (max-width: 203px) 100vw, 203px\" \/><\/a><strong>Conozca a Jasmin, quien nunca tuvo la oportunidad de asistir a Pre-K.<\/strong><br \/>\nCuando Jasmin entr\u00f3 en el SPEF <strong>Summer Start<\/strong> programa ella dudaba sobre la idea de la escuela. Luch\u00f3 con la barrera del idioma, lo que le provoc\u00f3 verg\u00fcenza a la hora de hablar con profesores y otros estudiantes. Avancemos dos semanas: una ma\u00f1ana, Jasmin entra al sal\u00f3n de clases con una gran sonrisa y anuncia con orgullo su nombre. Durante el programa de cinco semanas, Jasmin aprendi\u00f3 a escribir su nombre. Tambi\u00e9n aprendi\u00f3 a identificar m\u00e1s letras, n\u00fameros y colores. <strong><span style=\"color: #0077be;\">Al final del programa, su confianza creci\u00f3, se sinti\u00f3 c\u00f3moda en el sal\u00f3n de clases, hizo amigos y estaba lista para comenzar el jard\u00edn de infantes.<\/span><\/strong><\/p>\n<p>&nbsp;<\/p>\n<p><strong><em><a class=\"dt-pswp-item\" href=\"https:\/\/spefct.org\/wp-content\/uploads\/2023\/11\/4789BFE8-6634-4D56-8758-7081A2C03AF8.png\" data-dt-img-description=\"\" data-large_image_width=\"2573\" data-large_image_height=\"3431\"><img loading=\"lazy\" decoding=\"async\" class=\"wp-image-11820 alignright\" src=\"https:\/\/spefct.org\/wp-content\/uploads\/2023\/11\/4789BFE8-6634-4D56-8758-7081A2C03AF8-225x300.png\" alt=\"\" width=\"179\" height=\"239\" srcset=\"https:\/\/spefct.org\/wp-content\/uploads\/2023\/11\/4789BFE8-6634-4D56-8758-7081A2C03AF8-225x300.png 225w, https:\/\/spefct.org\/wp-content\/uploads\/2023\/11\/4789BFE8-6634-4D56-8758-7081A2C03AF8-768x1024.png 768w, https:\/\/spefct.org\/wp-content\/uploads\/2023\/11\/4789BFE8-6634-4D56-8758-7081A2C03AF8-1152x1536.png 1152w, https:\/\/spefct.org\/wp-content\/uploads\/2023\/11\/4789BFE8-6634-4D56-8758-7081A2C03AF8-1536x2048.png 1536w, https:\/\/spefct.org\/wp-content\/uploads\/2023\/11\/4789BFE8-6634-4D56-8758-7081A2C03AF8-9x12.png 9w\" sizes=\"auto, (max-width: 179px) 100vw, 179px\" \/><\/a>Conozca a F\u00e9lix, un estudiante de sexto grado en la escuela secundaria Dolan.<br \/>\n<\/em><\/strong>F\u00e9lix ten\u00eda dificultades en la escuela y se sent\u00eda desconectado, cuando su maestra le sugiri\u00f3 que se uniera al SPEF. <strong>Programa de tutor\u00eda de Stamford. <\/strong>Durante su estancia en el programa,<strong><span style=\"color: #0077be;\"> F\u00e9lix construy\u00f3 una relaci\u00f3n especial con su cari\u00f1oso mentor. Tambi\u00e9n se le brind\u00f3 acceso a tutor\u00eda gratuita de matem\u00e1ticas, asesoramiento socioemocional y becas para actividades extraescolares.<\/span><\/strong>. F\u00e9lix aprendi\u00f3 lecciones de vida durante sus sesiones de tutor\u00eda que llevar\u00e1 consigo, incluida la importancia de establecer metas a corto, mediano y largo plazo. Tener un mentor fue \u00fatil y divertido. <em>&quot;Pudimos hablar sobre cosas de las que no hablamos en clase, como mis metas en la vida y mi futuro&quot;.<\/em><\/p>\n<p>&nbsp;<\/p>\n<p><strong><em><a class=\"dt-pswp-item\" href=\"https:\/\/spefct.org\/wp-content\/uploads\/2023\/11\/2D8CA604-DBF0-4ED7-ACF7-37C0E43D0EBC.png\" data-dt-img-description=\"\" data-large_image_width=\"2446\" data-large_image_height=\"2628\"><img loading=\"lazy\" decoding=\"async\" class=\"wp-image-11821 alignleft\" src=\"https:\/\/spefct.org\/wp-content\/uploads\/2023\/11\/2D8CA604-DBF0-4ED7-ACF7-37C0E43D0EBC-279x300.png\" alt=\"\" width=\"200\" height=\"215\" srcset=\"https:\/\/spefct.org\/wp-content\/uploads\/2023\/11\/2D8CA604-DBF0-4ED7-ACF7-37C0E43D0EBC-279x300.png 279w, https:\/\/spefct.org\/wp-content\/uploads\/2023\/11\/2D8CA604-DBF0-4ED7-ACF7-37C0E43D0EBC-953x1024.png 953w, https:\/\/spefct.org\/wp-content\/uploads\/2023\/11\/2D8CA604-DBF0-4ED7-ACF7-37C0E43D0EBC-768x825.png 768w, https:\/\/spefct.org\/wp-content\/uploads\/2023\/11\/2D8CA604-DBF0-4ED7-ACF7-37C0E43D0EBC-1430x1536.png 1430w, https:\/\/spefct.org\/wp-content\/uploads\/2023\/11\/2D8CA604-DBF0-4ED7-ACF7-37C0E43D0EBC-1906x2048.png 1906w, https:\/\/spefct.org\/wp-content\/uploads\/2023\/11\/2D8CA604-DBF0-4ED7-ACF7-37C0E43D0EBC-11x12.png 11w\" sizes=\"auto, (max-width: 200px) 100vw, 200px\" \/><\/a>Conozca a Kelly, una estudiante de noveno grado en Stamford High.<\/em><\/strong><br \/>\nKelly fue seleccionada para participar en el programa gratuito de SPEF.<strong> Programa de tutor\u00edas del laboratorio de matem\u00e1ticas.<\/strong>. Cuando comenz\u00f3, Kelly le dijo a su tutor que \u201cno le interesaban en absoluto las matem\u00e1ticas\u201d. Cuando su tutor descubri\u00f3 que Kelly ten\u00eda pasi\u00f3n por los viajes espaciales, hizo la conexi\u00f3n y explic\u00f3 que las matem\u00e1ticas son una herramienta fundamental para viajar a la luna y la exploraci\u00f3n espacial. \u201cKelly estaba enganchada\u201d, comparti\u00f3 su tutor. \u201cDespu\u00e9s de hacer esa conexi\u00f3n, lleg\u00f3 al Laboratorio de Matem\u00e1ticas con entusiasmo y una notable \u00e9tica de trabajo\u201d. <strong><span style=\"color: #0077be;\">Al final del a\u00f1o, las calificaciones de matem\u00e1ticas de Kelly hab\u00edan mejorado dram\u00e1ticamente y dijo que Math Lab era su \u201cclase favorita de la semana\u201d. <\/span><\/strong><\/p>\n\n\t\t<\/div>\n\t<\/div>\n<div class=\"vc_row wpb_row vc_inner vc_row-fluid\"><div class=\"AABORDERS wpb_column vc_column_container vc_col-sm-10 vc_col-has-fill\"><div class=\"vc_column-inner vc_custom_1699982052911\"><div class=\"wpb_wrapper\">\n\t<div class=\"wpb_text_column wpb_content_element\" >\n\t\t<div class=\"wpb_wrapper\">\n\t\t\t<p style=\"text-align: center;\"><strong><span style=\"color: #0077be;\">\u00a1HAGA SU DONACI\u00d3N DEDUCIBLE DE IMPUESTOS ANTES DEL 31 DE DICIEMBRE!<\/span><\/strong><\/p>\n<p style=\"text-align: center;\"><strong>Su donaci\u00f3n permite a SPEF continuar siendo un proveedor l\u00edder de programas educativos en Stamford.<\/strong><\/p>\n<p style=\"text-align: center;\"><strong>Visite spefct.org\/donate o escanee el c\u00f3digo QR para donar.<\/strong><\/p>\n\n\t\t<\/div>\n\t<\/div>\n<\/div><\/div><\/div><div class=\"wpb_column vc_column_container vc_col-sm-2\"><div class=\"vc_column-inner\"><div class=\"wpb_wrapper\">\n\t<div class=\"wpb_text_column wpb_content_element  vc_custom_1704393362606\" >\n\t\t<div class=\"wpb_wrapper\">\n\t\t\t<p><img loading=\"lazy\" decoding=\"async\" class=\"aligncenter wp-image-11824\" src=\"https:\/\/spefct.org\/wp-content\/uploads\/2023\/11\/Annual_Giving_2023-2-1.png\" alt=\"\" width=\"114\" height=\"141\" srcset=\"https:\/\/spefct.org\/wp-content\/uploads\/2023\/11\/Annual_Giving_2023-2-1.png 216w, https:\/\/spefct.org\/wp-content\/uploads\/2023\/11\/Annual_Giving_2023-2-1-10x12.png 10w\" sizes=\"auto, (max-width: 114px) 100vw, 114px\" \/><\/p>\n\n\t\t<\/div>\n\t<\/div>\n<\/div><\/div><\/div><\/div><\/div><\/div><\/div><\/div><div class=\"vc_row wpb_row vc_row-fluid\"><div class=\"wpb_column vc_column_container vc_col-sm-9\"><div class=\"vc_column-inner\"><div class=\"wpb_wrapper\"><\/div><\/div><\/div><div class=\"wpb_column vc_column_container vc_col-sm-3 vc_hidden-lg vc_hidden-md vc_hidden-sm\"><div class=\"vc_column-inner\"><div class=\"wpb_wrapper\">\n\t<div class=\"wpb_text_column wpb_content_element\" >\n\t\t<div class=\"wpb_wrapper\">\n\t\t\t<h3 style=\"text-align: center;\"><strong>Junta Directiva<\/strong><\/h3>\n\n\t\t<\/div>\n\t<\/div>\n\n\t<div class=\"wpb_text_column wpb_content_element\" >\n\t\t<div class=\"wpb_wrapper\">\n\t\t\t<p style=\"text-align: center;\"><strong>Susan Briggs Blos<br \/>\n<\/strong><strong><em>Presidente<br \/>\n<\/em><\/strong>Tudor Investment Corporation<\/p>\n<p style=\"text-align: center;\"><strong>Sandra O\u00b4Keefe<br \/>\n<\/strong><strong><em>Vicepresidente<br \/>\n<\/em><\/strong>State Street Global Advisors<\/p>\n<p style=\"text-align: center;\"><strong>Bryan Bishop<br \/>\n<\/strong><strong><em>Tesorero<br \/>\n<\/em><\/strong>Vialto Partners<\/p>\n<p style=\"text-align: center;\"><strong>katherine molina-powell<br \/>\n<\/strong><strong><em>Secretario<br \/>\n<\/em><\/strong>Los ni\u00f1os de Nueva York se elevan<\/p>\n<p style=\"text-align: center;\"><strong>\u00a0<\/strong><strong>Kiran Anand<br \/>\n<\/strong>Banco de Nueva York Mellon<\/p>\n<p style=\"text-align: center;\"><strong>\u00a0<\/strong><strong>Barbara Aronica-Buck<br \/>\n<\/strong>Biblioteca Ferguson<\/p>\n<p style=\"text-align: center;\"><strong>\u00a0<\/strong><strong>Peggy Erlenkotter<br \/>\n<\/strong>Voluntario de la comunidad<\/p>\n<p style=\"text-align: center;\"><strong>\u00a0<\/strong><strong>Juliana Foy<br \/>\n<\/strong>Waterside School<\/p>\n<p style=\"text-align: center;\"><strong>\u00a0<\/strong><strong>Crist\u00f3bal Geotes<br \/>\n<\/strong>Mart\u00edn LLP<\/p>\n<p style=\"text-align: center;\"><strong>\u00a0<\/strong><strong>Rowland Hanley<br \/>\n<\/strong>Gartner<\/p>\n<p style=\"text-align: center;\"><strong>\u00a0<\/strong><strong>Aruna Hobbs<br \/>\n<\/strong>MassMutual<\/p>\n<p style=\"text-align: center;\"><strong>Sebasti\u00e1n Kulesza<br \/>\n<\/strong>primer banco del condado<\/p>\n<p style=\"text-align: center;\"><strong>Nerur &quot;Shiv&quot; Kumar<br \/>\n<\/strong>Scala Computing<\/p>\n<p style=\"text-align: center;\"><strong>Jaclyn Leung<br \/>\n<\/strong>Thermo Fisher Scientific<\/p>\n<p style=\"text-align: center;\"><strong>\u00a0<\/strong><strong>John Martin<br \/>\n<\/strong>Verizon<\/p>\n<p style=\"text-align: center;\"><strong>Heloise Nana<br \/>\n<\/strong>Biblioteca Ferguson<\/p>\n<p style=\"text-align: center;\"><strong>Jos\u00e9 Zale<br \/>\n<\/strong>Deloitte<\/p>\n\n\t\t<\/div>\n\t<\/div>\n<\/div><\/div><\/div><\/div><div class=\"vc_row wpb_row vc_row-fluid\"><div class=\"wpb_column vc_column_container vc_col-sm-12\"><div class=\"vc_column-inner\"><div class=\"wpb_wrapper\"><\/div><\/div><\/div><\/div><\/div>","protected":false},"excerpt":{"rendered":"<p>Junta Directiva Susan Briggs Bloss Presidenta Tudor Investment Corporation Sandra O&#039;Keefe Vicepresidenta State Street Global Advisors Bryan Bishop Tesorero Vialto Partners Katherine Molina-Powell Secretaria NYC Kids RISE Kiran Anand Bank of New York Mellon Biblioteca Barbara Aronica-Buck Ferguson Peggy Erlenkotter Voluntaria de la comunidad Julienne Foy Waterside School Christopher Geotes Martin LLP Rowland Hanley Gartner\u2026<\/p>","protected":false},"author":50,"featured_media":0,"parent":0,"menu_order":0,"comment_status":"closed","ping_status":"closed","template":"","meta":{"om_disable_all_campaigns":false,"_monsterinsights_skip_tracking":false,"_monsterinsights_sitenote_active":false,"_monsterinsights_sitenote_note":"","_monsterinsights_sitenote_category":0,"footnotes":""},"class_list":["post-9452","page","type-page","status-publish","hentry","description-off"],"aioseo_notices":[],"_links":{"self":[{"href":"https:\/\/spefct.org\/es\/wp-json\/wp\/v2\/pages\/9452","targetHints":{"allow":["GET"]}}],"collection":[{"href":"https:\/\/spefct.org\/es\/wp-json\/wp\/v2\/pages"}],"about":[{"href":"https:\/\/spefct.org\/es\/wp-json\/wp\/v2\/types\/page"}],"author":[{"embeddable":true,"href":"https:\/\/spefct.org\/es\/wp-json\/wp\/v2\/users\/50"}],"replies":[{"embeddable":true,"href":"https:\/\/spefct.org\/es\/wp-json\/wp\/v2\/comments?post=9452"}],"version-history":[{"count":81,"href":"https:\/\/spefct.org\/es\/wp-json\/wp\/v2\/pages\/9452\/revisions"}],"predecessor-version":[{"id":12521,"href":"https:\/\/spefct.org\/es\/wp-json\/wp\/v2\/pages\/9452\/revisions\/12521"}],"wp:attachment":[{"href":"https:\/\/spefct.org\/es\/wp-json\/wp\/v2\/media?parent=9452"}],"curies":[{"name":"gracias","href":"https:\/\/api.w.org\/{rel}","templated":true}]}}