{"id":7236,"date":"2020-09-29T18:15:11","date_gmt":"2020-09-29T22:15:11","guid":{"rendered":"https:\/\/spefct.org\/?page_id=7236"},"modified":"2023-04-26T09:16:52","modified_gmt":"2023-04-26T13:16:52","slug":"family-engagement-programs","status":"publish","type":"page","link":"https:\/\/spefct.org\/es\/family-engagement-programs\/","title":{"rendered":"PROGRAMAS DE PARTICIPACI\u00d3N FAMILIAR"},"content":{"rendered":"<div class=\"wpb-content-wrapper\"><div class=\"vc_row wpb_row vc_row-fluid\"><div class=\"wpb_column vc_column_container vc_col-sm-6\"><div class=\"vc_column-inner\"><div class=\"wpb_wrapper\">\n\t<div class=\"wpb_text_column wpb_content_element\" >\n\t\t<div class=\"wpb_wrapper\">\n\t\t\t<p>La Fundaci\u00f3n de Educaci\u00f3n P\u00fablica de Stamford tiene como objetivo colaborar con todas las partes interesadas que invierten en la educaci\u00f3n de un ni\u00f1o. Creemos que se necesita un pueblo para criar a un ni\u00f1o y brindarle a la comunidad programas que apoyen a las familias mientras navegan por el sistema de escuelas p\u00fablicas de Stamford.<\/p>\n\n\t\t<\/div>\n\t<\/div>\n\n\t<div class=\"wpb_text_column wpb_content_element\" >\n\t\t<div class=\"wpb_wrapper\">\n\t\t\t<h3><strong>\u00bfC\u00f3mo est\u00e1n afectando los programas de participaci\u00f3n familiar de SPEF a nuestra comunidad?<\/strong><\/h3>\n<p><strong>Libros en Stamford:<\/strong> Distribuy\u00f3 m\u00e1s de 1,000 libros nuevos en todo Stamford para ayudar a los ni\u00f1os, desde prek\u00ednder hasta<br \/>\n5to grado, construya bibliotecas caseras y fomente el amor por la lectura.<\/p>\n<p><strong>Capacitaci\u00f3n de liderazgo para padres:<\/strong> Proporcion\u00f3 capacitaci\u00f3n en profundidad para promover un fuerte liderazgo y habilidades de defensa,<br \/>\ngraduando a 51 padres de nuestros programas de capacitaci\u00f3n de liderazgo para padres, incluido el Entrenamiento de liderazgo para padres<br \/>\nInstitute (PLTI) y People Empowering People en espa\u00f1ol.<\/p>\n\n\t\t<\/div>\n\t<\/div>\n<\/div><\/div><\/div><div class=\"wpb_column vc_column_container vc_col-sm-6\"><div class=\"vc_column-inner\"><div class=\"wpb_wrapper\">\n\t<div  class=\"wpb_single_image wpb_content_element vc_align_right\">\n\t\t\n\t\t<figure class=\"wpb_wrapper vc_figure\">\n\t\t\t<div class=\"vc_single_image-wrapper   vc_box_border_grey\"><img decoding=\"async\" class=\"vc_single_image-img\" src=\"https:\/\/spefct.org\/wp-content\/uploads\/2020\/09\/Books-Across-Stamford-4-500x400.jpg\" width=\"500\" height=\"400\" alt=\"Books Across Stamford 4\" title=\"Libros en Stamford 4\" loading=\"lazy\"  data-dt-location=\"https:\/\/spefct.org\/es\/family-engagement-programs\/books-across-stamford-4-3\/\" \/><\/div>\n\t\t<\/figure>\n\t<\/div>\n<\/div><\/div><\/div><\/div><div class=\"vc_row wpb_row vc_row-fluid\"><div class=\"wpb_column vc_column_container vc_col-sm-12\"><div class=\"vc_column-inner\"><div class=\"wpb_wrapper\">\n\t<div class=\"wpb_text_column wpb_content_element\" >\n\t\t<div class=\"wpb_wrapper\">\n\t\t\t<h3><strong>Para obtener m\u00e1s informaci\u00f3n, haga clic en uno de los programas de participaci\u00f3n familiar a continuaci\u00f3n:<\/strong><\/h3>\n<h4><a href=\"https:\/\/spefct.org\/es\/books-across-stamford\/\"><span style=\"color: #0077be;\">Books Across Stamford<\/span><\/a><\/h4>\n<h4><a href=\"https:\/\/spefct.org\/es\/here2help\/\"><span style=\"color: #0077be;\">Here-to-Help<\/span><\/a><\/h4>\n<h4><a href=\"https:\/\/spefct.org\/es\/parent-leadership-programs\/\"><span style=\"color: #0077be;\">Programas de liderazgo para padres<\/span><\/a><\/h4>\n\n\t\t<\/div>\n\t<\/div>\n<\/div><\/div><\/div><\/div><\/div>","protected":false},"excerpt":{"rendered":"<p>La Fundaci\u00f3n de Educaci\u00f3n P\u00fablica de Stamford tiene como objetivo colaborar con todas las partes interesadas que invierten en la educaci\u00f3n de un ni\u00f1o. Creemos que se necesita un pueblo para criar a un ni\u00f1o y brindarle a la comunidad programas que apoyen a las familias mientras navegan por el sistema de Escuelas P\u00fablicas de Stamford. \u00bfC\u00f3mo est\u00e1n afectando los programas de participaci\u00f3n familiar de SPEF a nuestra comunidad? Libros en Stamford:\u2026<\/p>","protected":false},"author":50,"featured_media":0,"parent":0,"menu_order":0,"comment_status":"closed","ping_status":"closed","template":"","meta":{"om_disable_all_campaigns":false,"_monsterinsights_skip_tracking":false,"_monsterinsights_sitenote_active":false,"_monsterinsights_sitenote_note":"","_monsterinsights_sitenote_category":0,"footnotes":""},"class_list":["post-7236","page","type-page","status-publish","hentry","description-off"],"aioseo_notices":[],"_links":{"self":[{"href":"https:\/\/spefct.org\/es\/wp-json\/wp\/v2\/pages\/7236","targetHints":{"allow":["GET"]}}],"collection":[{"href":"https:\/\/spefct.org\/es\/wp-json\/wp\/v2\/pages"}],"about":[{"href":"https:\/\/spefct.org\/es\/wp-json\/wp\/v2\/types\/page"}],"author":[{"embeddable":true,"href":"https:\/\/spefct.org\/es\/wp-json\/wp\/v2\/users\/50"}],"replies":[{"embeddable":true,"href":"https:\/\/spefct.org\/es\/wp-json\/wp\/v2\/comments?post=7236"}],"version-history":[{"count":13,"href":"https:\/\/spefct.org\/es\/wp-json\/wp\/v2\/pages\/7236\/revisions"}],"predecessor-version":[{"id":11204,"href":"https:\/\/spefct.org\/es\/wp-json\/wp\/v2\/pages\/7236\/revisions\/11204"}],"wp:attachment":[{"href":"https:\/\/spefct.org\/es\/wp-json\/wp\/v2\/media?parent=7236"}],"curies":[{"name":"gracias","href":"https:\/\/api.w.org\/{rel}","templated":true}]}}