{"id":7217,"date":"2020-09-26T12:01:58","date_gmt":"2020-09-26T16:01:58","guid":{"rendered":"https:\/\/spefct.org\/?page_id=7217"},"modified":"2023-08-22T12:29:42","modified_gmt":"2023-08-22T16:29:42","slug":"college-and-career-readiness-2","status":"publish","type":"page","link":"https:\/\/spefct.org\/es\/college-and-career-readiness-2\/","title":{"rendered":"PREPARACI\u00d3N UNIVERSITARIA Y PROFESIONAL"},"content":{"rendered":"<div class=\"wpb-content-wrapper\"><div class=\"vc_row wpb_row vc_row-fluid\"><div class=\"wpb_column vc_column_container vc_col-sm-12\"><div class=\"vc_column-inner\"><div class=\"wpb_wrapper\"><div class=\"vc_row wpb_row vc_inner vc_row-fluid\"><div class=\"wpb_column vc_column_container vc_col-sm-4\"><div class=\"vc_column-inner\"><div class=\"wpb_wrapper\">\n\t<div  class=\"wpb_single_image wpb_content_element vc_align_center\">\n\t\t\n\t\t<figure class=\"wpb_wrapper vc_figure\">\n\t\t\t<div class=\"vc_single_image-wrapper   vc_box_border_grey\"><img decoding=\"async\" class=\"vc_single_image-img\" src=\"https:\/\/spefct.org\/wp-content\/uploads\/2021\/04\/a8WQ62GQ-scaled-500x300.jpeg\" width=\"500\" height=\"300\" alt=\"a8WQ62GQ\" title=\"a8WQ62GQ\" loading=\"lazy\"  data-dt-location=\"https:\/\/spefct.org\/es\/college-and-career-readiness-2\/a8wq62gq\/\" \/><\/div>\n\t\t<\/figure>\n\t<\/div>\n<\/div><\/div><\/div><div class=\"wpb_column vc_column_container vc_col-sm-4\"><div class=\"vc_column-inner\"><div class=\"wpb_wrapper\">\n\t<div  class=\"wpb_single_image wpb_content_element vc_align_center\">\n\t\t\n\t\t<figure class=\"wpb_wrapper vc_figure\">\n\t\t\t<div class=\"vc_single_image-wrapper   vc_box_border_grey\"><img decoding=\"async\" class=\"vc_single_image-img\" src=\"https:\/\/spefct.org\/wp-content\/uploads\/2023\/03\/Photo-Jan-25-12-14-55-PM-scaled-500x300.jpg\" width=\"500\" height=\"300\" alt=\"Photo Jan 25, 12 14 55 PM\" title=\"Foto Ene 25, 12 14 55 PM\" loading=\"lazy\"  data-dt-location=\"https:\/\/spefct.org\/es\/college-and-career-readiness-2\/photo-jan-25-12-14-55-pm-2\/\" \/><\/div>\n\t\t<\/figure>\n\t<\/div>\n<\/div><\/div><\/div><div class=\"wpb_column vc_column_container vc_col-sm-4\"><div class=\"vc_column-inner\"><div class=\"wpb_wrapper\">\n\t<div  class=\"wpb_single_image wpb_content_element vc_align_center\">\n\t\t\n\t\t<figure class=\"wpb_wrapper vc_figure\">\n\t\t\t<div class=\"vc_single_image-wrapper   vc_box_border_grey\"><img decoding=\"async\" class=\"vc_single_image-img\" src=\"https:\/\/spefct.org\/wp-content\/uploads\/2020\/09\/1b-500x300.png\" width=\"500\" height=\"300\" alt=\"1b\" title=\"1b\" loading=\"lazy\"  data-dt-location=\"https:\/\/spefct.org\/es\/1b\/\" \/><\/div>\n\t\t<\/figure>\n\t<\/div>\n<\/div><\/div><\/div><\/div><div class=\"vc_row wpb_row vc_inner vc_row-fluid\"><div class=\"wpb_column vc_column_container vc_col-sm-12\"><div class=\"vc_column-inner\"><div class=\"wpb_wrapper\">\n\t<div class=\"wpb_text_column wpb_content_element\" >\n\t\t<div class=\"wpb_wrapper\">\n\t\t\t<h3>Preparando a los estudiantes para el \u00e9xito<\/h3>\n<p><span data-contrast=\"auto\">Los programas de preparaci\u00f3n universitaria y profesional de la Stamford Public Education Foundation (SPEF) brindan servicios de apoyo que ayudan a fortalecer el \u00e9xito acad\u00e9mico y el bienestar socioemocional de los estudiantes a medida que avanzan en su viaje personal hacia el \u00e9xito de posgrado. Ya sea que esto signifique continuar su educaci\u00f3n, asegurar un trabajo o algo m\u00e1s, SPEF trabaja en colaboraci\u00f3n con las Escuelas P\u00fablicas de Stamford y los socios de la comunidad para garantizar que los estudiantes tengan una base s\u00f3lida que los ayude a prosperar despu\u00e9s de graduarse. Al proporcionar programaci\u00f3n espec\u00edfica para la edad basada en necesidades individualizadas, SPEF ayuda a los estudiantes a formar h\u00e1bitos productivos y desarrollar habilidades para la vida que les servir\u00e1n mucho despu\u00e9s de la graduaci\u00f3n.\u00a0<\/span><span data-ccp-props=\"{&quot;201341983&quot;:0,&quot;335559739&quot;:0,&quot;335559740&quot;:240}\">\u00a0<\/span><\/p>\n<p><span data-contrast=\"auto\">La programaci\u00f3n SPEF fomenta el crecimiento de los estudiantes que enfrentan barreras sistem\u00e1ticas. Todo el personal de SPEF est\u00e1 equipado con habilidades para monitorear y apoyar las necesidades socioemocionales de los estudiantes.<\/span><\/p>\n\n\t\t<\/div>\n\t<\/div>\n\n\t<div class=\"wpb_text_column wpb_content_element\" >\n\t\t<div class=\"wpb_wrapper\">\n\t\t\t<h3><strong>Para obtener m\u00e1s informaci\u00f3n, haga clic en uno de los programas de preparaci\u00f3n universitaria y profesional a continuaci\u00f3n:<\/strong><\/h3>\n<h4><a href=\"https:\/\/spefct.org\/es\/stamford-mentoring-program\/\"><span style=\"color: #0077be;\">Programa de mentores de la escuela intermedia<\/span><\/a><\/h4>\n<h4><a href=\"https:\/\/spefct.org\/es\/service-learning\/\"><span style=\"color: #0077be;\">Aprendizaje-servicio para estudiantes de primaria<\/span><\/a><\/h4>\n<h4><a href=\"https:\/\/spefct.org\/es\/tutoru\/\"><span style=\"color: #0077be;\">Tutor tu<\/span><\/a><\/h4>\n<h4><a href=\"https:\/\/spefct.org\/es\/math-lab\/\"><span style=\"color: #0077be;\">Laboratorio de matem\u00e1ticas<\/span><\/a><\/h4>\n<h4><a href=\"https:\/\/spefct.org\/es\/scholarships\/\"><span style=\"color: #0077be;\">becas<\/span><\/a><\/h4>\n\n\t\t<\/div>\n\t<\/div>\n<\/div><\/div><\/div><\/div><\/div><\/div><\/div><\/div><\/div>","protected":false},"excerpt":{"rendered":"<p>Preparando a los estudiantes para el \u00e9xito Los programas de preparaci\u00f3n universitaria y profesional de la Stamford Public Education Foundation (SPEF) brindan servicios de apoyo que ayudan a fortalecer el \u00e9xito acad\u00e9mico y el bienestar socioemocional de los estudiantes a medida que avanzan en su viaje personal hacia el \u00e9xito de posgrado. . Ya sea que esto signifique continuar su educaci\u00f3n, conseguir un trabajo o algo m\u00e1s, SPEF trabaja en colaboraci\u00f3n con...<\/p>","protected":false},"author":50,"featured_media":0,"parent":0,"menu_order":0,"comment_status":"closed","ping_status":"closed","template":"","meta":{"om_disable_all_campaigns":false,"_monsterinsights_skip_tracking":false,"_monsterinsights_sitenote_active":false,"_monsterinsights_sitenote_note":"","_monsterinsights_sitenote_category":0,"footnotes":""},"class_list":["post-7217","page","type-page","status-publish","hentry","description-off"],"aioseo_notices":[],"_links":{"self":[{"href":"https:\/\/spefct.org\/es\/wp-json\/wp\/v2\/pages\/7217","targetHints":{"allow":["GET"]}}],"collection":[{"href":"https:\/\/spefct.org\/es\/wp-json\/wp\/v2\/pages"}],"about":[{"href":"https:\/\/spefct.org\/es\/wp-json\/wp\/v2\/types\/page"}],"author":[{"embeddable":true,"href":"https:\/\/spefct.org\/es\/wp-json\/wp\/v2\/users\/50"}],"replies":[{"embeddable":true,"href":"https:\/\/spefct.org\/es\/wp-json\/wp\/v2\/comments?post=7217"}],"version-history":[{"count":34,"href":"https:\/\/spefct.org\/es\/wp-json\/wp\/v2\/pages\/7217\/revisions"}],"predecessor-version":[{"id":11679,"href":"https:\/\/spefct.org\/es\/wp-json\/wp\/v2\/pages\/7217\/revisions\/11679"}],"wp:attachment":[{"href":"https:\/\/spefct.org\/es\/wp-json\/wp\/v2\/media?parent=7217"}],"curies":[{"name":"gracias","href":"https:\/\/api.w.org\/{rel}","templated":true}]}}