{"id":6533,"date":"2020-08-13T13:00:27","date_gmt":"2020-08-13T17:00:27","guid":{"rendered":"https:\/\/spefct.org\/?page_id=6533"},"modified":"2026-04-03T12:59:14","modified_gmt":"2026-04-03T16:59:14","slug":"volunteer","status":"publish","type":"page","link":"https:\/\/spefct.org\/es\/volunteer\/","title":{"rendered":"VOLUNTARIO"},"content":{"rendered":"<div class=\"wpb-content-wrapper\"><div class=\"vc_row wpb_row vc_row-fluid\"><div class=\"wpb_column vc_column_container vc_col-sm-12\"><div class=\"vc_column-inner\"><div class=\"wpb_wrapper\"><div class=\"vc_row wpb_row vc_inner vc_row-fluid\"><div class=\"wpb_column vc_column_container vc_col-sm-4\"><div class=\"vc_column-inner\"><div class=\"wpb_wrapper\">\n\t<div  class=\"wpb_single_image wpb_content_element vc_align_center\">\n\t\t\n\t\t<figure class=\"wpb_wrapper vc_figure\">\n\t\t\t<div class=\"vc_single_image-wrapper   vc_box_border_grey\"><img decoding=\"async\" class=\"vc_single_image-img\" src=\"https:\/\/spefct.org\/wp-content\/uploads\/2020\/09\/1c-500x300.png\" width=\"500\" height=\"300\" alt=\"1c\" title=\"1c\" loading=\"lazy\"  data-dt-location=\"https:\/\/spefct.org\/es\/1c\/\" \/><\/div>\n\t\t<\/figure>\n\t<\/div>\n<\/div><\/div><\/div><div class=\"wpb_column vc_column_container vc_col-sm-4\"><div class=\"vc_column-inner\"><div class=\"wpb_wrapper\">\n\t<div  class=\"wpb_single_image wpb_content_element vc_align_center\">\n\t\t\n\t\t<figure class=\"wpb_wrapper vc_figure\">\n\t\t\t<div class=\"vc_single_image-wrapper   vc_box_border_grey\"><img decoding=\"async\" class=\"vc_single_image-img\" src=\"https:\/\/spefct.org\/wp-content\/uploads\/2020\/09\/1b-500x300.png\" width=\"500\" height=\"300\" alt=\"1b\" title=\"1b\" loading=\"lazy\"  data-dt-location=\"https:\/\/spefct.org\/es\/1b\/\" \/><\/div>\n\t\t<\/figure>\n\t<\/div>\n<\/div><\/div><\/div><div class=\"wpb_column vc_column_container vc_col-sm-4\"><div class=\"vc_column-inner\"><div class=\"wpb_wrapper\">\n\t<div  class=\"wpb_single_image wpb_content_element vc_align_center\">\n\t\t\n\t\t<figure class=\"wpb_wrapper vc_figure\">\n\t\t\t<div class=\"vc_single_image-wrapper   vc_box_border_grey\"><img decoding=\"async\" class=\"vc_single_image-img\" src=\"https:\/\/spefct.org\/wp-content\/uploads\/2020\/09\/1d-500x300.png\" width=\"500\" height=\"300\" alt=\"1d\" title=\"1d\" loading=\"lazy\"  data-dt-location=\"https:\/\/spefct.org\/es\/1d\/\" \/><\/div>\n\t\t<\/figure>\n\t<\/div>\n<\/div><\/div><\/div><\/div><\/div><\/div><\/div><\/div><div class=\"vc_row wpb_row vc_row-fluid\"><div class=\"wpb_column vc_column_container vc_col-sm-12\"><div class=\"vc_column-inner\"><div class=\"wpb_wrapper\">\n\t<div class=\"wpb_text_column wpb_content_element\" >\n\t\t<div class=\"wpb_wrapper\">\n\t\t\t<h3><strong>Desarrollado por Voluntarios.<\/strong><\/h3>\n<h3 style=\"text-align: left;\"><strong>Juntos educamos, empoderamos y construimos un Stamford m\u00e1s fuerte.<\/strong><\/h3>\n<p>SPEF depende en gran medida del talento y las contribuciones de los voluntarios para cumplir nuestra misi\u00f3n de ofrecer programas y recursos educativos que eleven el \u00e9xito de los estudiantes, educadores y padres en las Escuelas P\u00fablicas de Stamford. Cada a\u00f1o, reclutamos a cientos de voluntarios para apoyar a los estudiantes de K-12 en nuestros programas de tutor\u00eda, tutor\u00eda y alfabetizaci\u00f3n. \u00a1Usted puede hacer una diferencia en la vida de un ni\u00f1o en nuestra comunidad uni\u00e9ndose a nuestro equipo #SPEF!<\/p>\n<p>Ofrecemos oportunidades de voluntariado para individuos, grupos y socios corporativos que van desde actividades realizadas en un d\u00eda hasta programas y campa\u00f1as en curso. Para obtener m\u00e1s informaci\u00f3n sobre las muchas opciones para intensificar y servir a los ni\u00f1os y familias de Stamford con SPEF, <a href=\"https:\/\/spefct.salsalabs.org\/volunteer\/index.html\" target=\"_blank\" rel=\"noopener\">Complete el Formulario de inter\u00e9s para voluntarios.<\/a><\/p>\n\n\t\t<\/div>\n\t<\/div>\n<a href=\"https:\/\/spefct.salsalabs.org\/volunteer\/index.html\" class=\"btn-shortcode dt-btn-l dt-btn default-btn-color default-btn-hover-color default-btn-bg-color default-btn-bg-hover-color mainbutton\" target=\"_blank\" id=\"dt-btn-1\" rel=\"noopener\"><span>VOLUNTARIADO AQU\u00cd<\/span><\/a><\/div><\/div><\/div><\/div><\/div>","protected":false},"excerpt":{"rendered":"<p>Desarrollado por voluntarios. Juntos educamos, empoderamos y construimos un Stamford m\u00e1s fuerte. SPEF depende en gran medida del talento y las contribuciones de los voluntarios para cumplir nuestra misi\u00f3n de ofrecer programas y recursos educativos que eleven el \u00e9xito de los estudiantes, educadores y padres en las Escuelas P\u00fablicas de Stamford. Cada a\u00f1o, reclutamos cientos de voluntarios para apoyar a los estudiantes K-12...<\/p>","protected":false},"author":50,"featured_media":0,"parent":0,"menu_order":0,"comment_status":"closed","ping_status":"closed","template":"","meta":{"om_disable_all_campaigns":false,"_monsterinsights_skip_tracking":false,"_monsterinsights_sitenote_active":false,"_monsterinsights_sitenote_note":"","_monsterinsights_sitenote_category":0,"footnotes":""},"class_list":["post-6533","page","type-page","status-publish","hentry","description-off"],"aioseo_notices":[],"_links":{"self":[{"href":"https:\/\/spefct.org\/es\/wp-json\/wp\/v2\/pages\/6533","targetHints":{"allow":["GET"]}}],"collection":[{"href":"https:\/\/spefct.org\/es\/wp-json\/wp\/v2\/pages"}],"about":[{"href":"https:\/\/spefct.org\/es\/wp-json\/wp\/v2\/types\/page"}],"author":[{"embeddable":true,"href":"https:\/\/spefct.org\/es\/wp-json\/wp\/v2\/users\/50"}],"replies":[{"embeddable":true,"href":"https:\/\/spefct.org\/es\/wp-json\/wp\/v2\/comments?post=6533"}],"version-history":[{"count":23,"href":"https:\/\/spefct.org\/es\/wp-json\/wp\/v2\/pages\/6533\/revisions"}],"predecessor-version":[{"id":9017,"href":"https:\/\/spefct.org\/es\/wp-json\/wp\/v2\/pages\/6533\/revisions\/9017"}],"wp:attachment":[{"href":"https:\/\/spefct.org\/es\/wp-json\/wp\/v2\/media?parent=6533"}],"curies":[{"name":"gracias","href":"https:\/\/api.w.org\/{rel}","templated":true}]}}