{"id":6386,"date":"2020-07-09T11:15:01","date_gmt":"2020-07-09T15:15:01","guid":{"rendered":"https:\/\/spefct.org\/?page_id=6386"},"modified":"2025-11-07T16:06:00","modified_gmt":"2025-11-07T21:06:00","slug":"the-bridge","status":"publish","type":"page","link":"https:\/\/spefct.org\/es\/the-bridge\/","title":{"rendered":"THE BRIDGE"},"content":{"rendered":"<div class=\"wpb-content-wrapper\"><div class=\"vc_row wpb_row vc_row-fluid\"><div class=\"wpb_column vc_column_container vc_col-sm-12\"><div class=\"vc_column-inner\"><div class=\"wpb_wrapper\">\n\t<div  class=\"wpb_single_image wpb_content_element vc_align_center\">\n\t\t\n\t\t<figure class=\"wpb_wrapper vc_figure\">\n\t\t\t<div class=\"vc_single_image-wrapper   vc_box_border_grey\"><img loading=\"lazy\" decoding=\"async\" width=\"300\" height=\"232\" src=\"https:\/\/spefct.org\/wp-content\/uploads\/2020\/07\/The-Bridge_JPEG-300x232.jpg\" class=\"vc_single_image-img attachment-medium\" alt=\"\" title=\"El puente_JPEG\" srcset=\"https:\/\/spefct.org\/wp-content\/uploads\/2020\/07\/The-Bridge_JPEG-300x232.jpg 300w, https:\/\/spefct.org\/wp-content\/uploads\/2020\/07\/The-Bridge_JPEG-1024x791.jpg 1024w, https:\/\/spefct.org\/wp-content\/uploads\/2020\/07\/The-Bridge_JPEG-768x593.jpg 768w, https:\/\/spefct.org\/wp-content\/uploads\/2020\/07\/The-Bridge_JPEG-1536x1187.jpg 1536w, https:\/\/spefct.org\/wp-content\/uploads\/2020\/07\/The-Bridge_JPEG-2048x1583.jpg 2048w\" sizes=\"auto, (max-width: 300px) 100vw, 300px\"  data-dt-location=\"https:\/\/spefct.org\/es\/the-bridge\/the-bridge_jpeg\/\" \/><\/div>\n\t\t<\/figure>\n\t<\/div>\n<\/div><\/div><\/div><\/div><div class=\"vc_row wpb_row vc_row-fluid\"><div class=\"wpb_column vc_column_container vc_col-sm-12\"><div class=\"vc_column-inner\"><div class=\"wpb_wrapper\">\n\t<div class=\"wpb_text_column wpb_content_element\" >\n\t\t<div class=\"wpb_wrapper\">\n\t\t\t<h3 style=\"text-align: center;\"><strong><span style=\"color: #0077b3;\">\u00a1MANTENTE CONECTADO!<\/span><\/strong><\/h3>\n<p style=\"text-align: center;\"><a href=\"http:\/\/spefct.org\/es\/newsletter\/\">Registrate aqu\u00ed<\/a> para ser agregado al bolet\u00edn electr\u00f3nico hoy.<\/p>\n\n\t\t<\/div>\n\t<\/div>\n<div class=\"text-centered\"><a href=\"https:\/\/spefct.org\/es\/newsletter\/\" class=\"btn-shortcode dt-btn-l dt-btn default-btn-color default-btn-hover-color default-btn-bg-color default-btn-bg-hover-color mainbutton\" target=\"_blank\" id=\"dt-btn-1\" rel=\"noopener\"><span>REG\u00cdSTRATE AQU\u00cd<\/span><\/a><\/div><\/div><\/div><\/div><\/div><div class=\"vc_row wpb_row vc_row-fluid\"><div class=\"wpb_column vc_column_container vc_col-sm-12\"><div class=\"vc_column-inner\"><div class=\"wpb_wrapper\">\n\t<div class=\"wpb_tabs wpb_content_element  tab-style-one\" data-interval=\"0\">\n\t\t<div class=\"wpb_wrapper wpb_tour_tabs_wrapper ui-tabs vc_clearfix\">\n\t\t\t<h2 class=\"wpb_heading wpb_tabs_heading\">2025<\/h2><ul class=\"wpb_tabs_nav ui-tabs-nav vc_clearfix text-big\"><li><a href=\"#tab-1762548511522-0-6\">Octubre<\/a><\/li><li><a href=\"#tab-1762548511535-0-4\">Julio<\/a><\/li><li><a href=\"#tab-1762548511549-0-2\">Abril<\/a><\/li><li><a href=\"#tab-1762548511561-0-6\">Marzo<\/a><\/li><\/ul>\n\t<div id=\"tab-1762548511522-0-6\" class=\"wpb_tab ui-tabs-panel wpb_ui-tabs-hide vc_clearfix\">\n\t\t\n\t<div class=\"wpb_text_column wpb_content_element\" >\n\t\t<div class=\"wpb_wrapper\">\n\t\t\t<p><a href=\"https:\/\/spefct.salsalabs.org\/thebridge_october2025\" target=\"_blank\" rel=\"noopener\">\u00a1Haga clic aqu\u00ed para revisar el bolet\u00edn electr\u00f3nico de octubre!<\/a><\/p>\n\n\t\t<\/div>\n\t<\/div>\n\n\t<\/div>\n\n\t<div id=\"tab-1762548511535-0-4\" class=\"wpb_tab ui-tabs-panel wpb_ui-tabs-hide vc_clearfix\">\n\t\t\n\t<div class=\"wpb_text_column wpb_content_element\" >\n\t\t<div class=\"wpb_wrapper\">\n\t\t\t<p><a href=\"https:\/\/spefct.salsalabs.org\/thebridge_july2025\" target=\"_blank\" rel=\"noopener\">\u00a1Haga clic aqu\u00ed para revisar el bolet\u00edn electr\u00f3nico de julio!<\/a><\/p>\n\n\t\t<\/div>\n\t<\/div>\n\n\t<\/div>\n\n\t<div id=\"tab-1762548511549-0-2\" class=\"wpb_tab ui-tabs-panel wpb_ui-tabs-hide vc_clearfix\">\n\t\t\n\t<div class=\"wpb_text_column wpb_content_element\" >\n\t\t<div class=\"wpb_wrapper\">\n\t\t\t<p><a href=\"https:\/\/spefct.salsalabs.org\/thebridge_april2025\" target=\"_blank\" rel=\"noopener\">\u00a1Haga clic aqu\u00ed para revisar el bolet\u00edn electr\u00f3nico de abril!<\/a><\/p>\n\n\t\t<\/div>\n\t<\/div>\n\n\t<\/div>\n\n\t<div id=\"tab-1762548511561-0-6\" class=\"wpb_tab ui-tabs-panel wpb_ui-tabs-hide vc_clearfix\">\n\t\t\n\t<div class=\"wpb_text_column wpb_content_element\" >\n\t\t<div class=\"wpb_wrapper\">\n\t\t\t<p><a href=\"https:\/\/spefct.salsalabs.org\/thebridge_march2025\" target=\"_blank\" rel=\"noopener\">\u00a1Haga clic aqu\u00ed para revisar el bolet\u00edn electr\u00f3nico de marzo!<\/a><\/p>\n\n\t\t<\/div>\n\t<\/div>\n\n\t<\/div>\n\n\t\t<\/div>\n\t<\/div>\n\n\t<div class=\"wpb_tabs wpb_content_element  tab-style-one\" data-interval=\"0\">\n\t\t<div class=\"wpb_wrapper wpb_tour_tabs_wrapper ui-tabs vc_clearfix\">\n\t\t\t<h2 class=\"wpb_heading wpb_tabs_heading\">2024<\/h2><ul class=\"wpb_tabs_nav ui-tabs-nav vc_clearfix text-big\"><li><a href=\"#tab-1729274395435-3-1\">Noviembre<\/a><\/li><li><a href=\"#tab-1731510712249-4-9\">Septiembre<\/a><\/li><li><a href=\"#tab-1719944063578-1-0\">Mayo<\/a><\/li><li><a href=\"#tab-1719944147032-2-9\">Abril<\/a><\/li><li><a href=\"#tab-1697465563790-0-6\">Enero<\/a><\/li><\/ul>\n\t<div id=\"tab-1729274395435-3-1\" class=\"wpb_tab ui-tabs-panel wpb_ui-tabs-hide vc_clearfix\">\n\t\t\n\t<div class=\"wpb_text_column wpb_content_element\" >\n\t\t<div class=\"wpb_wrapper\">\n\t\t\t<p><a href=\"https:\/\/spefct.salsalabs.org\/thebridge_november2024\" target=\"_blank\" rel=\"noopener\">\u00a1Haga clic aqu\u00ed para revisar el bolet\u00edn electr\u00f3nico de noviembre!<\/a><\/p>\n\n\t\t<\/div>\n\t<\/div>\n\n\t<\/div>\n\n\t<div id=\"tab-1731510712249-4-9\" class=\"wpb_tab ui-tabs-panel wpb_ui-tabs-hide vc_clearfix\">\n\t\t\n\t<div class=\"wpb_text_column wpb_content_element\" >\n\t\t<div class=\"wpb_wrapper\">\n\t\t\t<p><a href=\"https:\/\/spefct.salsalabs.org\/thebridge_september2024\" target=\"_blank\" rel=\"noopener\">\u00a1Haga clic aqu\u00ed para revisar el bolet\u00edn electr\u00f3nico de septiembre!<\/a><\/p>\n\n\t\t<\/div>\n\t<\/div>\n\n\t<\/div>\n\n\t<div id=\"tab-1719944063578-1-0\" class=\"wpb_tab ui-tabs-panel wpb_ui-tabs-hide vc_clearfix\">\n\t\t\n\t<div class=\"wpb_text_column wpb_content_element\" >\n\t\t<div class=\"wpb_wrapper\">\n\t\t\t<p><a href=\"https:\/\/spefct.salsalabs.org\/thebridge_may2024\" target=\"_blank\" rel=\"noopener\">\u00a1Haga clic aqu\u00ed para revisar el bolet\u00edn electr\u00f3nico de mayo!<\/a><\/p>\n\n\t\t<\/div>\n\t<\/div>\n\n\t<\/div>\n\n\t<div id=\"tab-1719944147032-2-9\" class=\"wpb_tab ui-tabs-panel wpb_ui-tabs-hide vc_clearfix\">\n\t\t\n\t<div class=\"wpb_text_column wpb_content_element\" >\n\t\t<div class=\"wpb_wrapper\">\n\t\t\t<p><a href=\"https:\/\/spefct.salsalabs.org\/thebridge_april2024\" target=\"_blank\" rel=\"noopener\">\u00a1Haga clic aqu\u00ed para revisar el bolet\u00edn electr\u00f3nico de abril!<\/a><\/p>\n\n\t\t<\/div>\n\t<\/div>\n\n\t<\/div>\n\n\t<div id=\"tab-1697465563790-0-6\" class=\"wpb_tab ui-tabs-panel wpb_ui-tabs-hide vc_clearfix\">\n\t\t\n\t<div class=\"wpb_text_column wpb_content_element\" >\n\t\t<div class=\"wpb_wrapper\">\n\t\t\t<p><a href=\"https:\/\/spefct.salsalabs.org\/thebridge_january2024\" target=\"_blank\" rel=\"noopener\">\u00a1Haga clic aqu\u00ed para revisar el bolet\u00edn electr\u00f3nico de enero!<\/a><\/p>\n\n\t\t<\/div>\n\t<\/div>\n\n\t<\/div>\n\n\t\t<\/div>\n\t<\/div>\n\n\t<div class=\"wpb_tabs wpb_content_element  tab-style-one\" data-interval=\"0\">\n\t\t<div class=\"wpb_wrapper wpb_tour_tabs_wrapper ui-tabs vc_clearfix\">\n\t\t\t<h2 class=\"wpb_heading wpb_tabs_heading\">2023<\/h2><ul class=\"wpb_tabs_nav ui-tabs-nav vc_clearfix text-big\"><li><a href=\"#tab-1705512552296-0-2\">Noviembre<\/a><\/li><li><a href=\"#tab-1705512552309-0-2\">Octubre<\/a><\/li><li><a href=\"#tab-1705512552322-0-2\">Agosto<\/a><\/li><li><a href=\"#tab-1705512552343-0-8\">Julio<\/a><\/li><li><a href=\"#tab-1705512552359-0-9\">Mayo<\/a><\/li><li><a href=\"#tab-1705512552369-0-3\">Febrero<\/a><\/li><li><a href=\"#tab-1705512552383-0-4\">Enero<\/a><\/li><\/ul>\n\t<div id=\"tab-1705512552296-0-2\" class=\"wpb_tab ui-tabs-panel wpb_ui-tabs-hide vc_clearfix\">\n\t\t\n\t<div class=\"wpb_text_column wpb_content_element\" >\n\t\t<div class=\"wpb_wrapper\">\n\t\t\t<p><a href=\"https:\/\/spefct.salsalabs.org\/thebridge_november2023\" target=\"_blank\" rel=\"noopener\">\u00a1Haga clic aqu\u00ed para revisar el bolet\u00edn electr\u00f3nico de noviembre!<\/a><\/p>\n\n\t\t<\/div>\n\t<\/div>\n\n\t<\/div>\n\n\t<div id=\"tab-1705512552309-0-2\" class=\"wpb_tab ui-tabs-panel wpb_ui-tabs-hide vc_clearfix\">\n\t\t\n\t<div class=\"wpb_text_column wpb_content_element\" >\n\t\t<div class=\"wpb_wrapper\">\n\t\t\t<p><a href=\"https:\/\/spefct.salsalabs.org\/thebridge_october2023\" target=\"_blank\" rel=\"noopener\">\u00a1Haga clic aqu\u00ed para revisar el bolet\u00edn electr\u00f3nico de octubre!<\/a><\/p>\n\n\t\t<\/div>\n\t<\/div>\n\n\t<\/div>\n\n\t<div id=\"tab-1705512552322-0-2\" class=\"wpb_tab ui-tabs-panel wpb_ui-tabs-hide vc_clearfix\">\n\t\t\n\t<div class=\"wpb_text_column wpb_content_element\" >\n\t\t<div class=\"wpb_wrapper\">\n\t\t\t<p><a href=\"https:\/\/spefct.salsalabs.org\/thebridge_august2023\" target=\"_blank\" rel=\"noopener\">\u00a1Haga clic aqu\u00ed para revisar el bolet\u00edn electr\u00f3nico de agosto!<\/a><\/p>\n\n\t\t<\/div>\n\t<\/div>\n\n\t<\/div>\n\n\t<div id=\"tab-1705512552343-0-8\" class=\"wpb_tab ui-tabs-panel wpb_ui-tabs-hide vc_clearfix\">\n\t\t\n\t<div class=\"wpb_text_column wpb_content_element\" >\n\t\t<div class=\"wpb_wrapper\">\n\t\t\t<p><a href=\"https:\/\/spefct.salsalabs.org\/thebridge_july2023\" target=\"_blank\" rel=\"noopener\">\u00a1Haga clic aqu\u00ed para revisar el bolet\u00edn electr\u00f3nico de julio!<\/a><\/p>\n\n\t\t<\/div>\n\t<\/div>\n\n\t<\/div>\n\n\t<div id=\"tab-1705512552359-0-9\" class=\"wpb_tab ui-tabs-panel wpb_ui-tabs-hide vc_clearfix\">\n\t\t\n\t<div class=\"wpb_text_column wpb_content_element\" >\n\t\t<div class=\"wpb_wrapper\">\n\t\t\t<p><a href=\"https:\/\/spefct.salsalabs.org\/thebridge_february2023\" target=\"_blank\" rel=\"noopener\">\u00a1Haga clic aqu\u00ed para revisar el bolet\u00edn electr\u00f3nico de mayo!<\/a><\/p>\n\n\t\t<\/div>\n\t<\/div>\n\n\t<\/div>\n\n\t<div id=\"tab-1705512552369-0-3\" class=\"wpb_tab ui-tabs-panel wpb_ui-tabs-hide vc_clearfix\">\n\t\t\n\t<div class=\"wpb_text_column wpb_content_element\" >\n\t\t<div class=\"wpb_wrapper\">\n\t\t\t<p><a href=\"https:\/\/spefct.salsalabs.org\/thebridge_february2023\" target=\"_blank\" rel=\"noopener\">\u00a1Haga clic aqu\u00ed para revisar el bolet\u00edn electr\u00f3nico de febrero!<\/a><\/p>\n\n\t\t<\/div>\n\t<\/div>\n\n\t<\/div>\n\n\t<div id=\"tab-1705512552383-0-4\" class=\"wpb_tab ui-tabs-panel wpb_ui-tabs-hide vc_clearfix\">\n\t\t\n\t<div class=\"wpb_text_column wpb_content_element\" >\n\t\t<div class=\"wpb_wrapper\">\n\t\t\t<p><a href=\"https:\/\/spefct.salsalabs.org\/thebridge_january2023\" target=\"_blank\" rel=\"noopener\">\u00a1Haga clic aqu\u00ed para revisar el bolet\u00edn electr\u00f3nico de enero!<\/a><\/p>\n\n\t\t<\/div>\n\t<\/div>\n\n\t<\/div>\n\n\t\t<\/div>\n\t<\/div>\n\n\t<div class=\"wpb_tabs wpb_content_element  tab-style-one\" data-interval=\"0\">\n\t\t<div class=\"wpb_wrapper wpb_tour_tabs_wrapper ui-tabs vc_clearfix\">\n\t\t\t<h2 class=\"wpb_heading wpb_tabs_heading\">2022<\/h2><ul class=\"wpb_tabs_nav ui-tabs-nav vc_clearfix text-big\"><li><a href=\"#tab-1675099559294-0-5\">Diciembre<\/a><\/li><li><a href=\"#tab-1675099559307-0-9\">Septiembre<\/a><\/li><li><a href=\"#tab-1675099559320-0-0\">Julio<\/a><\/li><li><a href=\"#tab-1675099559331-0-7\">Marzo<\/a><\/li><li><a href=\"#tab-1675099559342-0-9\">Enero<\/a><\/li><\/ul>\n\t<div id=\"tab-1675099559294-0-5\" class=\"wpb_tab ui-tabs-panel wpb_ui-tabs-hide vc_clearfix\">\n\t\t\n\t<div class=\"wpb_text_column wpb_content_element\" >\n\t\t<div class=\"wpb_wrapper\">\n\t\t\t<p><a href=\"https:\/\/spefct.salsalabs.org\/annualappeal2022_final\" target=\"_blank\" rel=\"noopener\">\u00a1Haga clic aqu\u00ed para revisar el bolet\u00edn electr\u00f3nico de diciembre!<\/a><\/p>\n\n\t\t<\/div>\n\t<\/div>\n\n\t<\/div>\n\n\t<div id=\"tab-1675099559307-0-9\" class=\"wpb_tab ui-tabs-panel wpb_ui-tabs-hide vc_clearfix\">\n\t\t\n\t<div class=\"wpb_text_column wpb_content_element\" >\n\t\t<div class=\"wpb_wrapper\">\n\t\t\t<p><a href=\"https:\/\/spefct.salsalabs.org\/thebridge_sept2022\" target=\"_blank\" rel=\"noopener\">\u00a1Haga clic aqu\u00ed para revisar el bolet\u00edn electr\u00f3nico de septiembre!<\/a><\/p>\n\n\t\t<\/div>\n\t<\/div>\n\n\t<\/div>\n\n\t<div id=\"tab-1675099559320-0-0\" class=\"wpb_tab ui-tabs-panel wpb_ui-tabs-hide vc_clearfix\">\n\t\t\n\t<div class=\"wpb_text_column wpb_content_element\" >\n\t\t<div class=\"wpb_wrapper\">\n\t\t\t<p><a href=\"https:\/\/spefct.salsalabs.org\/thebridge_july2022\" target=\"_blank\" rel=\"noopener\">\u00a1Haga clic aqu\u00ed para revisar el bolet\u00edn electr\u00f3nico de julio!<\/a><\/p>\n\n\t\t<\/div>\n\t<\/div>\n\n\t<\/div>\n\n\t<div id=\"tab-1675099559331-0-7\" class=\"wpb_tab ui-tabs-panel wpb_ui-tabs-hide vc_clearfix\">\n\t\t\n\t<div class=\"wpb_text_column wpb_content_element\" >\n\t\t<div class=\"wpb_wrapper\">\n\t\t\t<p><a href=\"https:\/\/spefct.salsalabs.org\/thebridge_march2022\" target=\"_blank\" rel=\"noopener\">\u00a1Haga clic aqu\u00ed para revisar el bolet\u00edn electr\u00f3nico de marzo!<\/a><\/p>\n\n\t\t<\/div>\n\t<\/div>\n\n\t<\/div>\n\n\t<div id=\"tab-1675099559342-0-9\" class=\"wpb_tab ui-tabs-panel wpb_ui-tabs-hide vc_clearfix\">\n\t\t\n\t<div class=\"wpb_text_column wpb_content_element\" >\n\t\t<div class=\"wpb_wrapper\">\n\t\t\t<p><a href=\"https:\/\/spefct.salsalabs.org\/thebridge_january2022\" target=\"_blank\" rel=\"noopener\">\u00a1Haga clic aqu\u00ed para revisar el bolet\u00edn electr\u00f3nico de enero!<\/a><\/p>\n\n\t\t<\/div>\n\t<\/div>\n\n\t<\/div>\n\n\t\t<\/div>\n\t<\/div>\n\n\t<div class=\"wpb_tabs wpb_content_element  tab-style-one\" data-interval=\"0\">\n\t\t<div class=\"wpb_wrapper wpb_tour_tabs_wrapper ui-tabs vc_clearfix\">\n\t\t\t<h2 class=\"wpb_heading wpb_tabs_heading\">2021<\/h2><ul class=\"wpb_tabs_nav ui-tabs-nav vc_clearfix text-big\"><li><a href=\"#tab-1643310973394-0-8\">Octubre<\/a><\/li><li><a href=\"#tab-1643310973414-0-1\">Agosto<\/a><\/li><li><a href=\"#tab-1643310973439-0-9\">Julio<\/a><\/li><li><a href=\"#tab-1643310973463-0-8\">Febrero<\/a><\/li><\/ul>\n\t<div id=\"tab-1643310973394-0-8\" class=\"wpb_tab ui-tabs-panel wpb_ui-tabs-hide vc_clearfix\">\n\t\t\n\t<div class=\"wpb_text_column wpb_content_element\" >\n\t\t<div class=\"wpb_wrapper\">\n\t\t\t<p><a href=\"https:\/\/spefct.salsalabs.org\/thebridge_october2021\" target=\"_blank\" rel=\"noopener\">\u00a1Haga clic aqu\u00ed para revisar el bolet\u00edn electr\u00f3nico de octubre!<\/a><\/p>\n\n\t\t<\/div>\n\t<\/div>\n\n\t<\/div>\n\n\t<div id=\"tab-1643310973414-0-1\" class=\"wpb_tab ui-tabs-panel wpb_ui-tabs-hide vc_clearfix\">\n\t\t\n\t<div class=\"wpb_text_column wpb_content_element\" >\n\t\t<div class=\"wpb_wrapper\">\n\t\t\t<p><a href=\"#\" target=\"_blank\" rel=\"noopener\">\u00a1Haga clic aqu\u00ed para revisar el bolet\u00edn electr\u00f3nico de agosto!<\/a><\/p>\n\n\t\t<\/div>\n\t<\/div>\n\n\t<\/div>\n\n\t<div id=\"tab-1643310973439-0-9\" class=\"wpb_tab ui-tabs-panel wpb_ui-tabs-hide vc_clearfix\">\n\t\t\n\t<div class=\"wpb_text_column wpb_content_element\" >\n\t\t<div class=\"wpb_wrapper\">\n\t\t\t<p><a href=\"https:\/\/spefct.salsalabs.org\/thebridge_july2021\" target=\"_blank\" rel=\"noopener\">\u00a1Haga clic aqu\u00ed para revisar el bolet\u00edn electr\u00f3nico de julio!<\/a><\/p>\n\n\t\t<\/div>\n\t<\/div>\n\n\t<\/div>\n\n\t<div id=\"tab-1643310973463-0-8\" class=\"wpb_tab ui-tabs-panel wpb_ui-tabs-hide vc_clearfix\">\n\t\t\n\t<div class=\"wpb_text_column wpb_content_element\" >\n\t\t<div class=\"wpb_wrapper\">\n\t\t\t<p><a href=\"https:\/\/spefct.salsalabs.org\/thebridge_feb2021\" target=\"_blank\" rel=\"noopener\">\u00a1Haga clic aqu\u00ed para revisar el bolet\u00edn electr\u00f3nico de febrero!<\/a><\/p>\n\n\t\t<\/div>\n\t<\/div>\n\n\t<\/div>\n\n\t\t<\/div>\n\t<\/div>\n\n\t<div class=\"wpb_tabs wpb_content_element  tab-style-one\" data-interval=\"0\">\n\t\t<div class=\"wpb_wrapper wpb_tour_tabs_wrapper ui-tabs vc_clearfix\">\n\t\t\t<h2 class=\"wpb_heading wpb_tabs_heading\">2020<\/h2><ul class=\"wpb_tabs_nav ui-tabs-nav vc_clearfix text-big\"><li><a href=\"#tab-1612887207168-6-9\">Diciembre<\/a><\/li><li><a href=\"#tab-1612887194252-5-8\">Noviembre<\/a><\/li><li><a href=\"#tab-1604378860554-4-3\">Octubre<\/a><\/li><li><a href=\"#tab-1604378849180-3-9\">Agosto<\/a><\/li><li><a href=\"#tab-1604378838242-2-0\">Julio<\/a><\/li><li><a href=\"#tab-16347636-301f-9\">Mayo<\/a><\/li><li><a href=\"#tab-335cdf9c-8c3b-2\">Abril<\/a><\/li><\/ul>\n\t<div id=\"tab-1612887207168-6-9\" class=\"wpb_tab ui-tabs-panel wpb_ui-tabs-hide vc_clearfix\">\n\t\t\n\t<div class=\"wpb_text_column wpb_content_element\" >\n\t\t<div class=\"wpb_wrapper\">\n\t\t\t<p><a href=\"https:\/\/spefct.salsalabs.org\/annualappeal2020_copy1\" target=\"_blank\" rel=\"noopener\">\u00a1Haga clic aqu\u00ed para revisar el bolet\u00edn electr\u00f3nico de diciembre!<\/a><\/p>\n\n\t\t<\/div>\n\t<\/div>\n\n\t<\/div>\n\n\t<div id=\"tab-1612887194252-5-8\" class=\"wpb_tab ui-tabs-panel wpb_ui-tabs-hide vc_clearfix\">\n\t\t\n\t<div class=\"wpb_text_column wpb_content_element\" >\n\t\t<div class=\"wpb_wrapper\">\n\t\t\t<p><a href=\"https:\/\/spefct.salsalabs.org\/annualappeal2020\" target=\"_blank\" rel=\"noopener\">\u00a1Haga clic aqu\u00ed para revisar el bolet\u00edn electr\u00f3nico de noviembre!<\/a><\/p>\n\n\t\t<\/div>\n\t<\/div>\n\n\t<\/div>\n\n\t<div id=\"tab-1604378860554-4-3\" class=\"wpb_tab ui-tabs-panel wpb_ui-tabs-hide vc_clearfix\">\n\t\t\n\t<div class=\"wpb_text_column wpb_content_element\" >\n\t\t<div class=\"wpb_wrapper\">\n\t\t\t<p><a href=\"https:\/\/spefct.salsalabs.org\/thebridge_october2020\" target=\"_blank\" rel=\"noopener\">\u00a1Haga clic aqu\u00ed para revisar el bolet\u00edn electr\u00f3nico de octubre!<\/a><\/p>\n\n\t\t<\/div>\n\t<\/div>\n\n\t<\/div>\n\n\t<div id=\"tab-1604378849180-3-9\" class=\"wpb_tab ui-tabs-panel wpb_ui-tabs-hide vc_clearfix\">\n\t\t\n\t<div class=\"wpb_text_column wpb_content_element\" >\n\t\t<div class=\"wpb_wrapper\">\n\t\t\t<p><a href=\"https:\/\/spefct.salsalabs.org\/thebridge_august2020\" target=\"_blank\" rel=\"noopener\">\u00a1Haga clic aqu\u00ed para revisar el bolet\u00edn electr\u00f3nico de agosto!<\/a><\/p>\n\n\t\t<\/div>\n\t<\/div>\n\n\t<\/div>\n\n\t<div id=\"tab-1604378838242-2-0\" class=\"wpb_tab ui-tabs-panel wpb_ui-tabs-hide vc_clearfix\">\n\t\t\n\t<div class=\"wpb_text_column wpb_content_element\" >\n\t\t<div class=\"wpb_wrapper\">\n\t\t\t<p><a href=\"https:\/\/spefct.salsalabs.org\/TheBridgeKeepingusconnected0_copy1\" target=\"_blank\" rel=\"noopener\">\u00a1Haga clic aqu\u00ed para revisar el bolet\u00edn electr\u00f3nico de julio!<\/a><\/p>\n\n\t\t<\/div>\n\t<\/div>\n\n\t<\/div>\n\n\t<div id=\"tab-16347636-301f-9\" class=\"wpb_tab ui-tabs-panel wpb_ui-tabs-hide vc_clearfix\">\n\t\t\n\t<div class=\"wpb_text_column wpb_content_element\" >\n\t\t<div class=\"wpb_wrapper\">\n\t\t\t<p><a href=\"https:\/\/spefct.salsalabs.org\/TheBridgeKeepingusconnected0_copy1_copy1\" target=\"_blank\" rel=\"noopener\">\u00a1Haga clic aqu\u00ed para revisar el bolet\u00edn electr\u00f3nico de mayo!<\/a><\/p>\n\n\t\t<\/div>\n\t<\/div>\n\n\t<\/div>\n\n\t<div id=\"tab-335cdf9c-8c3b-2\" class=\"wpb_tab ui-tabs-panel wpb_ui-tabs-hide vc_clearfix\">\n\t\t\n\t<div class=\"wpb_text_column wpb_content_element\" >\n\t\t<div class=\"wpb_wrapper\">\n\t\t\t<p><a href=\"https:\/\/spefct.salsalabs.org\/TheBridgeKeepingusconnected0\" target=\"_blank\" rel=\"noopener\">\u00a1Haga clic aqu\u00ed para revisar el bolet\u00edn electr\u00f3nico de abril!<\/a><\/p>\n\n\t\t<\/div>\n\t<\/div>\n\n\t<\/div>\n\n\t\t<\/div>\n\t<\/div>\n<\/div><\/div><\/div><\/div><\/div>","protected":false},"excerpt":{"rendered":"<p>STAY CONNECTED! Sign up here to be added to the e-newsletter today. 2025OctoberJulyAprilMarch Click here to review the October e-newsletter! Click here to review the July e-newsletter! Click here to review the April e-newsletter! Click here to review the March e-newsletter! 2024NovemberSeptemberMayAprilJanuary Click here to review the November e-newsletter! Click here to review the September&hellip;<\/p>","protected":false},"author":50,"featured_media":0,"parent":0,"menu_order":0,"comment_status":"closed","ping_status":"closed","template":"","meta":{"om_disable_all_campaigns":false,"_monsterinsights_skip_tracking":false,"_monsterinsights_sitenote_active":false,"_monsterinsights_sitenote_note":"","_monsterinsights_sitenote_category":0,"footnotes":""},"class_list":["post-6386","page","type-page","status-publish","hentry","description-off"],"aioseo_notices":[],"_links":{"self":[{"href":"https:\/\/spefct.org\/es\/wp-json\/wp\/v2\/pages\/6386","targetHints":{"allow":["GET"]}}],"collection":[{"href":"https:\/\/spefct.org\/es\/wp-json\/wp\/v2\/pages"}],"about":[{"href":"https:\/\/spefct.org\/es\/wp-json\/wp\/v2\/types\/page"}],"author":[{"embeddable":true,"href":"https:\/\/spefct.org\/es\/wp-json\/wp\/v2\/users\/50"}],"replies":[{"embeddable":true,"href":"https:\/\/spefct.org\/es\/wp-json\/wp\/v2\/comments?post=6386"}],"version-history":[{"count":40,"href":"https:\/\/spefct.org\/es\/wp-json\/wp\/v2\/pages\/6386\/revisions"}],"predecessor-version":[{"id":12908,"href":"https:\/\/spefct.org\/es\/wp-json\/wp\/v2\/pages\/6386\/revisions\/12908"}],"wp:attachment":[{"href":"https:\/\/spefct.org\/es\/wp-json\/wp\/v2\/media?parent=6386"}],"curies":[{"name":"gracias","href":"https:\/\/api.w.org\/{rel}","templated":true}]}}