{"id":6333,"date":"2020-02-18T15:48:01","date_gmt":"2020-02-18T20:48:01","guid":{"rendered":"https:\/\/spefct.org\/?page_id=6333"},"modified":"2026-04-03T00:46:10","modified_gmt":"2026-04-03T04:46:10","slug":"summer-start","status":"publish","type":"page","link":"https:\/\/spefct.org\/es\/summer-start\/","title":{"rendered":"COMIENZO DE VERANO"},"content":{"rendered":"<div class=\"wpb-content-wrapper\"><div class=\"vc_row wpb_row vc_row-fluid\"><div class=\"wpb_column vc_column_container vc_col-sm-12\"><div class=\"vc_column-inner\"><div class=\"wpb_wrapper\"><div class=\"vc_row wpb_row vc_inner vc_row-fluid\"><div class=\"wpb_column vc_column_container vc_col-sm-4\"><div class=\"vc_column-inner\"><div class=\"wpb_wrapper\">\n\t<div  class=\"wpb_single_image wpb_content_element vc_align_center\">\n\t\t\n\t\t<figure class=\"wpb_wrapper vc_figure\">\n\t\t\t<div class=\"vc_single_image-wrapper   vc_box_border_grey\"><img decoding=\"async\" class=\"vc_single_image-img\" src=\"https:\/\/spefct.org\/wp-content\/uploads\/2022\/08\/DSC04506-2-scaled-500x300.jpg\" width=\"500\" height=\"300\" alt=\"DSC04506\" title=\"DSC04506\" loading=\"lazy\"  data-dt-location=\"https:\/\/spefct.org\/es\/dsc04506\/\" \/><\/div>\n\t\t<\/figure>\n\t<\/div>\n<\/div><\/div><\/div><div class=\"wpb_column vc_column_container vc_col-sm-4\"><div class=\"vc_column-inner\"><div class=\"wpb_wrapper\">\n\t<div  class=\"wpb_single_image wpb_content_element vc_align_center\">\n\t\t\n\t\t<figure class=\"wpb_wrapper vc_figure\">\n\t\t\t<div class=\"vc_single_image-wrapper   vc_box_border_grey\"><img decoding=\"async\" class=\"vc_single_image-img\" src=\"https:\/\/spefct.org\/wp-content\/uploads\/2022\/08\/DSC04509-scaled-500x300.jpg\" width=\"500\" height=\"300\" alt=\"DSC04509\" title=\"DSC04509\" loading=\"lazy\"  data-dt-location=\"https:\/\/spefct.org\/es\/dsc04509\/\" \/><\/div>\n\t\t<\/figure>\n\t<\/div>\n<\/div><\/div><\/div><div class=\"wpb_column vc_column_container vc_col-sm-4\"><div class=\"vc_column-inner\"><div class=\"wpb_wrapper\">\n\t<div  class=\"wpb_single_image wpb_content_element vc_align_center\">\n\t\t\n\t\t<figure class=\"wpb_wrapper vc_figure\">\n\t\t\t<div class=\"vc_single_image-wrapper   vc_box_border_grey\"><img decoding=\"async\" class=\"vc_single_image-img\" src=\"https:\/\/spefct.org\/wp-content\/uploads\/2022\/08\/DSC04591-scaled-500x300.jpg\" width=\"500\" height=\"300\" alt=\"DSC04591\" title=\"DSC04591\" loading=\"lazy\"  data-dt-location=\"https:\/\/spefct.org\/es\/dt_gallery\/summer-start-2022\/dsc04591\/\" \/><\/div>\n\t\t<\/figure>\n\t<\/div>\n<\/div><\/div><\/div><\/div><\/div><\/div><\/div><div class=\"wpb_column vc_column_container vc_col-sm-12\"><div class=\"vc_column-inner\"><div class=\"wpb_wrapper\"><div class=\"vc_row wpb_row vc_inner vc_row-fluid\"><div class=\"wpb_column vc_column_container vc_col-sm-12\"><div class=\"vc_column-inner\"><div class=\"wpb_wrapper\">\n\t<div class=\"wpb_text_column wpb_content_element\" >\n\t\t<div class=\"wpb_wrapper\">\n\t\t\t<h3><strong>Experiencia de aprendizaje temprano de Summer Start\u00a0<\/strong><\/h3>\n\n\t\t<\/div>\n\t<\/div>\n<\/div><\/div><\/div><\/div><div class=\"vc_row wpb_row vc_inner vc_row-fluid\"><div class=\"wpb_column vc_column_container vc_col-sm-6\"><div class=\"vc_column-inner\"><div class=\"wpb_wrapper\">\n\t<div class=\"wpb_text_column wpb_content_element\" >\n\t\t<div class=\"wpb_wrapper\">\n\t\t\t<p><b><span data-contrast=\"none\"><span style=\"color: #0077be;\">Acerca de Summer Start<\/span><\/span><\/b><span data-contrast=\"none\"><br \/>\n<\/span><span data-contrast=\"none\">El inicio del verano es una<\/span><b><span data-contrast=\"none\">GRATIS <\/span><\/b><span data-contrast=\"none\">Programa de medio d\u00eda de 5 semanas dise\u00f1ado para ni\u00f1os que ingresan a las Escuelas P\u00fablicas de Stamford (SPS) y que no han tenido una experiencia preescolar formal o de un a\u00f1o completo.<\/span><span data-ccp-props=\"{&quot;134233117&quot;:false,&quot;134233118&quot;:false,&quot;201341983&quot;:0,&quot;335559738&quot;:0,&quot;335559739&quot;:240,&quot;335559740&quot;:240}\">\u00a0<\/span><\/p>\n<p><b><span data-contrast=\"none\"><span style=\"color: #0077be;\">\u00bfPor qu\u00e9 Summer Start?<\/span><\/span><\/b><span data-contrast=\"none\"><br \/>\n<\/span><span data-contrast=\"none\">Muchos factores pueden generar desaf\u00edos y brechas en el aprendizaje de un ni\u00f1o. Antes de comenzar la educaci\u00f3n formal en las Escuelas P\u00fablicas de Stamford, SPEF busca brindar a cada ni\u00f1o una experiencia de aprendizaje preescolar segura, divertida y enriquecedora.<\/span><\/p>\n\n\t\t<\/div>\n\t<\/div>\n<\/div><\/div><\/div><div class=\"wpb_column vc_column_container vc_col-sm-6\"><div class=\"vc_column-inner\"><div class=\"wpb_wrapper\">\n\t<div class=\"wpb_text_column wpb_content_element\" >\n\t\t<div class=\"wpb_wrapper\">\n\t\t\t<p><b><span data-contrast=\"none\"><span style=\"color: #0077be;\">La importancia del jard\u00edn de infancia<\/span><\/span><\/b><span data-contrast=\"none\"><br \/>\n<\/span><span data-contrast=\"none\">Cada a\u00f1o, m\u00e1s de 1300 nuevos estudiantes se incorporan al distrito de Escuelas P\u00fablicas de Stamford (SPS), de los cuales aproximadamente 25% carecen de experiencia en preescolar formal o de un a\u00f1o completo. El k\u00ednder es crucial para la formaci\u00f3n de estos j\u00f3venes estudiantes, y es esencial que tengan una experiencia positiva en el aula para despertar su pasi\u00f3n por el aprendizaje de por vida.<\/span><span data-ccp-props=\"{&quot;134233117&quot;:false,&quot;134233118&quot;:false,&quot;201341983&quot;:0,&quot;335559738&quot;:0,&quot;335559739&quot;:240,&quot;335559740&quot;:240}\">\u00a0<\/span><\/p>\n<p><b><span data-contrast=\"none\"><span style=\"color: #0077be;\">Compromiso del SPEF<\/span><\/span><\/b><span data-contrast=\"none\"><br \/>\n<\/span><span data-contrast=\"none\">SPEF se dedica a apoyar a estudiantes, familias y docentes para que tengan una experiencia positiva en la educaci\u00f3n temprana. Todo comienza con la inscripci\u00f3n de su hijo\/a en k\u00ednder.<\/span><span data-ccp-props=\"{&quot;134233117&quot;:false,&quot;134233118&quot;:false,&quot;201341983&quot;:0,&quot;335559738&quot;:0,&quot;335559739&quot;:240,&quot;335559740&quot;:240}\">\u00a0<\/span><\/p>\n\n\t\t<\/div>\n\t<\/div>\n<\/div><\/div><\/div><\/div><\/div><\/div><\/div><\/div><div class=\"vc_row wpb_row vc_row-fluid\"><div class=\"wpb_column vc_column_container vc_col-sm-12 vc_col-has-fill\"><div class=\"vc_column-inner vc_custom_1744217116370\"><div class=\"wpb_wrapper\"><div class=\"vc_row wpb_row vc_inner vc_row-fluid\"><div class=\"wpb_column vc_column_container vc_col-sm-6\"><div class=\"vc_column-inner vc_custom_1744216312821\"><div class=\"wpb_wrapper\">\n\t<div class=\"wpb_text_column wpb_content_element  vc_custom_1774900936400\" >\n\t\t<div class=\"wpb_wrapper\">\n\t\t\t<h3><strong><span style=\"color: #ffffff;\">\u00bfEst\u00e1 interesado en el inicio del verano para su hijo?\u00a0<\/span><\/strong><\/h3>\n<p><span style=\"color: #ffffff;\">Thank you for your interest in our Summer Start Program for 2026! Please submit your details using the linked form, and we will get back to you with more information.\u00a0<\/span><\/p>\n\n\t\t<\/div>\n\t<\/div>\n<style type=\"text\/css\" data-type=\"the7_shortcodes-inline-css\">#default-btn-5d32ff1ce6638047a4cd7886fb3900c0.ico-right-side > i {\n  margin-right: 0px;\n  margin-left: 8px;\n}\n#default-btn-5d32ff1ce6638047a4cd7886fb3900c0 > i {\n  margin-right: 8px;\n}\n<\/style><div class=\"btn-align-center\"><a href=\"https:\/\/www.cognitoforms.com\/SPEF1\/SummerStart2026InquiryForm\" class=\"default-btn-shortcode dt-btn dt-btn-l shake animate-element animation-builder link-hover-off full-width-btn  vc_custom_1772732747396\" target=\"_blank\" id=\"default-btn-5d32ff1ce6638047a4cd7886fb3900c0\" rel=\"noopener\"><span>Aplicar aqu\u00ed<\/span><\/a><\/div><\/div><\/div><\/div><div class=\"wpb_column vc_column_container vc_col-sm-6\"><div class=\"vc_column-inner\"><div class=\"wpb_wrapper\">\n\t<div class=\"wpb_video_widget wpb_content_element vc_clearfix   vc_video-aspect-ratio-169 vc_video-el-width-90 vc_video-align-center\" >\n\t\t<div class=\"wpb_wrapper\">\n\t\t\t\n\t\t\t<div class=\"wpb_video_wrapper\"><iframe loading=\"lazy\" title=\"SoundWaters visita el inicio del verano\" width=\"500\" height=\"281\" src=\"https:\/\/www.youtube.com\/embed\/IKvz4Xzl648?feature=oembed\" frameborder=\"0\" allow=\"accelerometer; autoplay; clipboard-write; encrypted-media; gyroscope; picture-in-picture; web-share\" allowfullscreen><\/iframe><\/div>\n\t\t<\/div>\n\t<\/div>\n<\/div><\/div><\/div><\/div><\/div><\/div><\/div><\/div><div class=\"vc_row wpb_row vc_row-fluid\"><div class=\"wpb_column vc_column_container vc_col-sm-12\"><div class=\"vc_column-inner\"><div class=\"wpb_wrapper\"><div class=\"vc_empty_space\"   style=\"height: 32px\"><span class=\"vc_empty_space_inner\"><\/span><\/div><\/div><\/div><\/div><\/div><div class=\"vc_row wpb_row vc_row-fluid\"><div class=\"wpb_column vc_column_container vc_col-sm-12\"><div class=\"vc_column-inner\"><div class=\"wpb_wrapper\"><div class=\"vc_row wpb_row vc_inner vc_row-fluid\"><div class=\"wpb_column vc_column_container vc_col-sm-12\"><div class=\"vc_column-inner\"><div class=\"wpb_wrapper\">\n\t<div class=\"wpb_text_column wpb_content_element\" >\n\t\t<div class=\"wpb_wrapper\">\n\t\t\t<h3><strong><span class=\"TextRun MacChromeBold SCXW151898621 BCX0\" lang=\"EN-US\" xml:lang=\"EN-US\" data-contrast=\"none\"><span class=\"NormalTextRun SCXW151898621 BCX0\">Una mirada retrospectiva al inicio del verano de 2024<\/span><\/span><span class=\"TextRun SCXW151898621 BCX0\" lang=\"EN-US\" xml:lang=\"EN-US\" data-contrast=\"none\"><span class=\"NormalTextRun SCXW151898621 BCX0\">\u202f<\/span><\/span><\/strong><\/h3>\n<p><span class=\"TextRun SCXW151898621 BCX0\" lang=\"EN-US\" xml:lang=\"EN-US\" data-contrast=\"none\"><span class=\"NormalTextRun SCXW151898621 BCX0\">El programa Summer Start concluy\u00f3 el 2 de agosto, con 107 estudiantes asistiendo al programa en la Escuela Primaria Hart Magnet. Estos ni\u00f1os no hab\u00edan... <\/span><span class=\"NormalTextRun SCXW151898621 BCX0\">beneficiado<\/span><span class=\"NormalTextRun SCXW151898621 BCX0\"> de una experiencia preescolar de calidad y, por lo tanto, carec\u00edan de las competencias previas a las matem\u00e1ticas y la lectura, las habilidades sociales y la confianza necesarias para el jard\u00edn de infantes.<\/span><\/span><span class=\"EOP SCXW151898621 BCX0\" data-ccp-props=\"{&quot;201341983&quot;:0,&quot;335559739&quot;:240,&quot;335559740&quot;:240}\">\u00a0<\/span><\/p>\n<h3><b>Aspectos destacados del programa<\/b><\/h3>\n<p>\u00b7\u00a0<b>Visita al Arboreto Bartlett<\/b>:Lecci\u00f3n pr\u00e1ctica sobre insectos.<\/p>\n<p>\u00b7\u00a0<b>Actuaci\u00f3n de la Madre Ganso<\/b>:Las rimas infantiles cobran vida.<\/p>\n<p>\u00b7\u00a0<b>Donaciones de libros<\/b>:Nuevos libros para bibliotecas dom\u00e9sticas de la iniciativa Books Across Stamford de SPEF.<\/p>\n<p>\u00b7\u00a0<b>Mochilas<\/b>:Lleno de \u00fatiles para jard\u00edn de infantes.<\/p>\n<p>\u00b7\u00a0<b>Primer viaje en autob\u00fas<\/b>:Viaje al Museo y Centro Natural de Stamford para conocer animales vivos y explorar sus h\u00e1bitats.<\/p>\n<h3><b>Participaci\u00f3n familiar y comunitaria<\/b><\/h3>\n<p>Summer Start colabora con la Oficina de Participaci\u00f3n Familiar y Comunitaria de las Escuelas P\u00fablicas de Stamford para ayudar a las familias con la inscripci\u00f3n en las Escuelas P\u00fablicas de Stamford (SPS), asegur\u00e1ndose de que est\u00e9n listos para comenzar la escuela a tiempo. Los estudiantes completan las pruebas FLSA y EL con el personal del distrito durante el programa, y todos los datos de las evaluaciones y encuestas se comparten con las escuelas para garantizar una transici\u00f3n fluida al k\u00ednder.<\/p>\n<h3><b>Nuevo componente de participaci\u00f3n familiar<\/b><\/h3>\n<p>Este a\u00f1o, los padres tuvieron la oportunidad de:<\/p>\n<p>\u00b7 Conocer a otras familias que asisten a la misma escuela primaria.<\/p>\n<p>\u00b7 Con\u00e9ctese con los directores de las escuelas y los representantes del PTO durante los Coffee Meet &amp; Greets.<\/p>\n<p>\u00b7 Asistir a talleres sobre el aprendizaje, el curr\u00edculo y las expectativas del jard\u00edn de infantes.<\/p>\n<p>\u00b7 Recibir boletines mensuales con informaci\u00f3n para apoyarlos durante el primer a\u00f1o de jard\u00edn de infantes de sus hijos.<\/p>\n<p>\u00b7 Participar en talleres adicionales sobre tarjetas de calificaciones de jard\u00edn de infantes y defensa de sus hijos.<\/p>\n\n\t\t<\/div>\n\t<\/div>\n<div class=\"vc_separator wpb_content_element vc_separator_align_center vc_sep_width_100 vc_sep_pos_align_center vc_separator_no_text vc_sep_color_grey wpb_content_element  wpb_content_element\" ><span class=\"vc_sep_holder vc_sep_holder_l\"><span class=\"vc_sep_line\"><\/span><\/span><span class=\"vc_sep_holder vc_sep_holder_r\"><span class=\"vc_sep_line\"><\/span><\/span>\n<\/div>\n\t<div class=\"wpb_text_column wpb_content_element\" >\n\t\t<div class=\"wpb_wrapper\">\n\t\t\t<p>Aprende m\u00e1s. Comun\u00edquese al (203) 965-7733 o program@spefct.org (ingl\u00e9s\/espa\u00f1ol).<\/p>\n\n\t\t<\/div>\n\t<\/div>\n<\/div><\/div><\/div><\/div><\/div><\/div><\/div><\/div><div class=\"vc_row wpb_row vc_row-fluid\"><div class=\"wpb_column vc_column_container vc_col-sm-12\"><div class=\"vc_column-inner\"><div class=\"wpb_wrapper\"><style type=\"text\/css\" data-type=\"the7_shortcodes-inline-css\">.photos-carousel-shortcode-id-1f3bb808b36ed8063dc930fb88cd0701.owl-carousel .owl-nav div {\n  width: 36px;\n  height: 36px;\n  border-radius: 500px;\n}\n.photos-carousel-shortcode-id-1f3bb808b36ed8063dc930fb88cd0701.owl-carousel .owl-nav div:before,\n.photos-carousel-shortcode-id-1f3bb808b36ed8063dc930fb88cd0701.owl-carousel .owl-nav div:after {\n  border-width: 0px;\n}\n.photos-carousel-shortcode-id-1f3bb808b36ed8063dc930fb88cd0701.owl-carousel .owl-nav div.owl-prev {\n  top: 50%;\n  transform: translateY(calc(-50% + 0px));\n  left: -43px;\n}\n@media all and (-ms-high-contrast: none) {\n  .photos-carousel-shortcode-id-1f3bb808b36ed8063dc930fb88cd0701.owl-carousel .owl-nav div.owl-prev {\n    transform: translateY(-50%);\n    margin-top: 0px;\n  }\n}\n.photos-carousel-shortcode-id-1f3bb808b36ed8063dc930fb88cd0701.owl-carousel .owl-nav div.owl-prev i {\n  padding: 0px 0px 0px 0px;\n}\n.photos-carousel-shortcode-id-1f3bb808b36ed8063dc930fb88cd0701.owl-carousel .owl-nav div.owl-next {\n  top: 50%;\n  transform: translateY(calc(-50% + 0px));\n  right: -43px;\n}\n@media all and (-ms-high-contrast: none) {\n  .photos-carousel-shortcode-id-1f3bb808b36ed8063dc930fb88cd0701.owl-carousel .owl-nav div.owl-next {\n    transform: translateY(-50%);\n    margin-top: 0px;\n  }\n}\n.photos-carousel-shortcode-id-1f3bb808b36ed8063dc930fb88cd0701.owl-carousel .owl-nav div.owl-next i {\n  padding: 0px 0px 0px 0px;\n}\n.photos-carousel-shortcode-id-1f3bb808b36ed8063dc930fb88cd0701.owl-carousel .owl-nav i {\n  font-size: 18px;\n}\n.photos-carousel-shortcode-id-1f3bb808b36ed8063dc930fb88cd0701.owl-carousel .owl-nav div:not(:hover) i,\n.photos-carousel-shortcode-id-1f3bb808b36ed8063dc930fb88cd0701.owl-carousel .owl-nav div:not(:hover) i:before {\n  color: #ffffff;\n  background: none;\n}\n.photos-carousel-shortcode-id-1f3bb808b36ed8063dc930fb88cd0701.owl-carousel .owl-nav div:hover i,\n.photos-carousel-shortcode-id-1f3bb808b36ed8063dc930fb88cd0701.owl-carousel .owl-nav div:hover i:before {\n  color: rgba(255,255,255,0.75);\n  background: none;\n}\n.photos-carousel-shortcode-id-1f3bb808b36ed8063dc930fb88cd0701 .owl-dots {\n  top: calc(100% + 20px);\n  left: 50%;\n  transform: translateX(calc(-50% + 0px));\n}\n@media all and (-ms-high-contrast: none) {\n  .photos-carousel-shortcode-id-1f3bb808b36ed8063dc930fb88cd0701 .owl-dots {\n    transform: translateX(-50%);\n    margin-left: 0px;\n  }\n}\n.photos-carousel-shortcode-id-1f3bb808b36ed8063dc930fb88cd0701 .owl-dot {\n  width: 10px;\n  height: 10px;\n  margin: 0 8px;\n}\n@media screen and (max-width: 778px) {\n  .photos-carousel-shortcode-id-1f3bb808b36ed8063dc930fb88cd0701.hide-arrows.owl-carousel .owl-nav a {\n    display: none;\n  }\n}\n@media screen and (max-width: 778px) {\n  .photos-carousel-shortcode-id-1f3bb808b36ed8063dc930fb88cd0701.reposition-arrows.owl-carousel .owl-nav .owl-prev {\n    top: 50%;\n    transform: translateY(calc(-50% + 0px));\n    left: 10px;\n  }\n  .photos-carousel-shortcode-id-1f3bb808b36ed8063dc930fb88cd0701.reposition-arrows.owl-carousel .owl-nav .owl-next {\n    top: 50%;\n    transform: translateY(calc(-50% + 0px));\n    right: 10px;\n  }\n}\n@media screen and (max-width: 778px) and all and (-ms-high-contrast: none) {\n  .photos-carousel-shortcode-id-1f3bb808b36ed8063dc930fb88cd0701.reposition-arrows.owl-carousel .owl-nav .owl-prev {\n    transform: translateY(-50%);\n    margin-top: 0px;\n  }\n}\n@media screen and (max-width: 778px) and all and (-ms-high-contrast: none) {\n  .photos-carousel-shortcode-id-1f3bb808b36ed8063dc930fb88cd0701.reposition-arrows.owl-carousel .owl-nav .owl-next {\n    transform: translateY(-50%);\n    margin-top: 0px;\n  }\n}\n.photos-carousel-shortcode-id-1f3bb808b36ed8063dc930fb88cd0701 figure,\n.photos-carousel-shortcode-id-1f3bb808b36ed8063dc930fb88cd0701 .rollover,\n.photos-carousel-shortcode-id-1f3bb808b36ed8063dc930fb88cd0701 img,\n.photos-carousel-shortcode-id-1f3bb808b36ed8063dc930fb88cd0701 .gallery-rollover {\n  border-radius: 0px;\n}\n.photos-carousel-shortcode-id-1f3bb808b36ed8063dc930fb88cd0701.enable-bg-rollover .gallery-rollover {\n  background: -webkit-linear-gradient();\n  background: linear-gradient();\n}\n.photos-carousel-shortcode-id-1f3bb808b36ed8063dc930fb88cd0701.enable-bg-rollover.hover-scale .rollover:after {\n  background: -webkit-linear-gradient();\n  background: linear-gradient();\n}\n.photos-carousel-shortcode-id-1f3bb808b36ed8063dc930fb88cd0701.enable-img-shadow .owl-stage-outer {\n  padding: 14px 0;\n}\n.photos-carousel-shortcode-id-1f3bb808b36ed8063dc930fb88cd0701.gallery-shortcode .gallery-zoom-ico {\n  width: 44px;\n  height: 44px;\n  line-height: 44px;\n  border-radius: 100px;\n  margin: -22px 0 0 -22px;\n  border-width: 0px;\n}\n.dt-icon-bg-on.photos-carousel-shortcode-id-1f3bb808b36ed8063dc930fb88cd0701.gallery-shortcode .gallery-zoom-ico {\n  background: rgba(255,255,255,0.3);\n  -webkit-box-shadow: none;\n  box-shadow: none;\n}\n.photos-carousel-shortcode-id-1f3bb808b36ed8063dc930fb88cd0701.gallery-shortcode .gallery-zoom-ico:before,\n.photos-carousel-shortcode-id-1f3bb808b36ed8063dc930fb88cd0701.gallery-shortcode .gallery-zoom-ico span {\n  font-size: 32px;\n  line-height: 44px;\n  color: #ffffff;\n  background: none;\n}\n<\/style><div class=\"owl-carousel gallery-carousel-shortcode gallery-shortcode dt-gallery-container album-gallery-shortcode dt-owl-carousel-call photos-carousel-shortcode-id-1f3bb808b36ed8063dc930fb88cd0701 quick-scale-img enable-bg-rollover meta-info-off bullets-small-dot-stroke reposition-arrows dt-icon-bg-off arrows-bg-on dt-arrow-border-on dt-arrow-hover-border-on disable-arrows-hover-bg arrows-hover-bg-on  hover-fade\" data-scroll-mode=\"1\" data-col-num=\"6\" data-wide-col-num=\"6\" data-laptop-col=\"5\" data-h-tablet-columns-num=\"4\" data-v-tablet-columns-num=\"3\" data-phone-columns-num=\"1\" data-col-gap=\"10\" data-stage-padding=\"0\" data-speed=\"600\" data-autoplay=\"false\" data-autoplay_speed=\"6000\" data-arrows=\"true\" data-bullet=\"false\" data-next-icon=\"icon-ar-017-r\" data-prev-icon=\"icon-ar-017-l\" data-img-shadow-size=\"12px\" data-img-shadow-spread=\"3px\"><article class=\"post visible post-10692 attachment type-attachment status-inherit hentry\"><a href=\"https:\/\/spefct.org\/wp-content\/uploads\/2022\/08\/DSC04591-scaled.jpg\" class=\"rollover-click-target rollover dt-pswp-item layzr-bg\" title=\"DSC04591\" data-dt-img-description=\"\"  data-large_image_width=\"2560\" data-large_image_height = \"1707\" ><img fetchpriority=\"high\" decoding=\"async\" class=\"preload-me owl-lazy-load aspect\" src=\"data:image\/svg+xml,%3Csvg%20xmlns%3D&#39;http%3A%2F%2Fwww.w3.org%2F2000%2Fsvg&#39;%20viewBox%3D&#39;0%200%20768%20768&#39;%2F%3E\" data-src=\"https:\/\/spefct.org\/wp-content\/uploads\/2022\/08\/DSC04591-scaled-768x768.jpg\" data-srcset=\"https:\/\/spefct.org\/wp-content\/uploads\/2022\/08\/DSC04591-scaled-768x768.jpg 768w, https:\/\/spefct.org\/wp-content\/uploads\/2022\/08\/DSC04591-scaled-1152x1152.jpg 1152w\" loading=\"eager\" style=\"--ratio: 768 \/ 768\" sizes=\"(max-width: 768px) 100vw, 768px\" alt=\"\" width=\"768\" height=\"768\"  \/><span class=\"gallery-rollover\"><span class=\"gallery-zoom-ico icomoon-the7-font-the7-zoom-06\"><span><\/span><\/span><\/span><\/a><\/article><article class=\"post visible post-10693 attachment type-attachment status-inherit hentry\"><a href=\"https:\/\/spefct.org\/wp-content\/uploads\/2022\/08\/DSC04525-scaled.jpg\" class=\"rollover-click-target rollover dt-pswp-item layzr-bg\" title=\"DSC04525\" data-dt-img-description=\"\"  data-large_image_width=\"2560\" data-large_image_height = \"1707\" ><img decoding=\"async\" class=\"preload-me owl-lazy-load aspect\" src=\"data:image\/svg+xml,%3Csvg%20xmlns%3D&#39;http%3A%2F%2Fwww.w3.org%2F2000%2Fsvg&#39;%20viewBox%3D&#39;0%200%20768%20768&#39;%2F%3E\" data-src=\"https:\/\/spefct.org\/wp-content\/uploads\/2022\/08\/DSC04525-scaled-768x768.jpg\" data-srcset=\"https:\/\/spefct.org\/wp-content\/uploads\/2022\/08\/DSC04525-scaled-768x768.jpg 768w, https:\/\/spefct.org\/wp-content\/uploads\/2022\/08\/DSC04525-scaled-1152x1152.jpg 1152w\" loading=\"eager\" style=\"--ratio: 768 \/ 768\" sizes=\"(max-width: 768px) 100vw, 768px\" alt=\"\" width=\"768\" height=\"768\"  \/><span class=\"gallery-rollover\"><span class=\"gallery-zoom-ico icomoon-the7-font-the7-zoom-06\"><span><\/span><\/span><\/span><\/a><\/article><article class=\"post visible post-10694 attachment type-attachment status-inherit hentry\"><a href=\"https:\/\/spefct.org\/wp-content\/uploads\/2022\/08\/DSC04668-scaled.jpg\" class=\"rollover-click-target rollover dt-pswp-item layzr-bg\" title=\"DSC04668\" data-dt-img-description=\"\"  data-large_image_width=\"2560\" data-large_image_height = \"1707\" ><img decoding=\"async\" class=\"preload-me owl-lazy-load aspect\" src=\"data:image\/svg+xml,%3Csvg%20xmlns%3D&#39;http%3A%2F%2Fwww.w3.org%2F2000%2Fsvg&#39;%20viewBox%3D&#39;0%200%20768%20768&#39;%2F%3E\" data-src=\"https:\/\/spefct.org\/wp-content\/uploads\/2022\/08\/DSC04668-scaled-768x768.jpg\" data-srcset=\"https:\/\/spefct.org\/wp-content\/uploads\/2022\/08\/DSC04668-scaled-768x768.jpg 768w, https:\/\/spefct.org\/wp-content\/uploads\/2022\/08\/DSC04668-scaled-1152x1152.jpg 1152w\" loading=\"eager\" style=\"--ratio: 768 \/ 768\" sizes=\"(max-width: 768px) 100vw, 768px\" alt=\"\" width=\"768\" height=\"768\"  \/><span class=\"gallery-rollover\"><span class=\"gallery-zoom-ico icomoon-the7-font-the7-zoom-06\"><span><\/span><\/span><\/span><\/a><\/article><article class=\"post visible post-10695 attachment type-attachment status-inherit hentry\"><a href=\"https:\/\/spefct.org\/wp-content\/uploads\/2022\/08\/DSC04501-scaled.jpg\" class=\"rollover-click-target rollover dt-pswp-item layzr-bg\" title=\"DSC04501\" data-dt-img-description=\"\"  data-large_image_width=\"2560\" data-large_image_height = \"1707\" ><img decoding=\"async\" class=\"preload-me owl-lazy-load aspect\" src=\"data:image\/svg+xml,%3Csvg%20xmlns%3D&#39;http%3A%2F%2Fwww.w3.org%2F2000%2Fsvg&#39;%20viewBox%3D&#39;0%200%20768%20768&#39;%2F%3E\" data-src=\"https:\/\/spefct.org\/wp-content\/uploads\/2022\/08\/DSC04501-scaled-768x768.jpg\" data-srcset=\"https:\/\/spefct.org\/wp-content\/uploads\/2022\/08\/DSC04501-scaled-768x768.jpg 768w, https:\/\/spefct.org\/wp-content\/uploads\/2022\/08\/DSC04501-scaled-1152x1152.jpg 1152w\" loading=\"eager\" style=\"--ratio: 768 \/ 768\" sizes=\"(max-width: 768px) 100vw, 768px\" alt=\"\" width=\"768\" height=\"768\"  \/><span class=\"gallery-rollover\"><span class=\"gallery-zoom-ico icomoon-the7-font-the7-zoom-06\"><span><\/span><\/span><\/span><\/a><\/article><article class=\"post visible post-10696 attachment type-attachment status-inherit hentry\"><a href=\"https:\/\/spefct.org\/wp-content\/uploads\/2022\/08\/DSC04897-scaled.jpg\" class=\"rollover-click-target rollover dt-pswp-item layzr-bg\" title=\"DSC04897\" data-dt-img-description=\"\"  data-large_image_width=\"2560\" data-large_image_height = \"1707\" ><img decoding=\"async\" class=\"preload-me owl-lazy-load aspect\" src=\"data:image\/svg+xml,%3Csvg%20xmlns%3D&#39;http%3A%2F%2Fwww.w3.org%2F2000%2Fsvg&#39;%20viewBox%3D&#39;0%200%20768%20768&#39;%2F%3E\" data-src=\"https:\/\/spefct.org\/wp-content\/uploads\/2022\/08\/DSC04897-scaled-768x768.jpg\" data-srcset=\"https:\/\/spefct.org\/wp-content\/uploads\/2022\/08\/DSC04897-scaled-768x768.jpg 768w, https:\/\/spefct.org\/wp-content\/uploads\/2022\/08\/DSC04897-scaled-1152x1152.jpg 1152w\" loading=\"eager\" style=\"--ratio: 768 \/ 768\" sizes=\"(max-width: 768px) 100vw, 768px\" alt=\"\" width=\"768\" height=\"768\"  \/><span class=\"gallery-rollover\"><span class=\"gallery-zoom-ico icomoon-the7-font-the7-zoom-06\"><span><\/span><\/span><\/span><\/a><\/article><article class=\"post visible post-10698 attachment type-attachment status-inherit hentry\"><a href=\"https:\/\/spefct.org\/wp-content\/uploads\/2022\/08\/DSC04783-scaled.jpg\" class=\"rollover-click-target rollover dt-pswp-item layzr-bg\" title=\"DSC04783\" data-dt-img-description=\"\"  data-large_image_width=\"2560\" data-large_image_height = \"1707\" ><img decoding=\"async\" class=\"preload-me owl-lazy-load aspect\" src=\"data:image\/svg+xml,%3Csvg%20xmlns%3D&#39;http%3A%2F%2Fwww.w3.org%2F2000%2Fsvg&#39;%20viewBox%3D&#39;0%200%20768%20768&#39;%2F%3E\" data-src=\"https:\/\/spefct.org\/wp-content\/uploads\/2022\/08\/DSC04783-scaled-768x768.jpg\" data-srcset=\"https:\/\/spefct.org\/wp-content\/uploads\/2022\/08\/DSC04783-scaled-768x768.jpg 768w, https:\/\/spefct.org\/wp-content\/uploads\/2022\/08\/DSC04783-scaled-1152x1152.jpg 1152w\" loading=\"eager\" style=\"--ratio: 768 \/ 768\" sizes=\"(max-width: 768px) 100vw, 768px\" alt=\"\" width=\"768\" height=\"768\"  \/><span class=\"gallery-rollover\"><span class=\"gallery-zoom-ico icomoon-the7-font-the7-zoom-06\"><span><\/span><\/span><\/span><\/a><\/article><\/div><\/div><\/div><\/div><\/div><\/div>","protected":false},"excerpt":{"rendered":"\u2026","protected":false},"author":50,"featured_media":0,"parent":0,"menu_order":0,"comment_status":"closed","ping_status":"closed","template":"","meta":{"om_disable_all_campaigns":false,"_monsterinsights_skip_tracking":false,"_monsterinsights_sitenote_active":false,"_monsterinsights_sitenote_note":"","_monsterinsights_sitenote_category":0,"footnotes":""},"class_list":["post-6333","page","type-page","status-publish","hentry","description-off"],"aioseo_notices":[],"_links":{"self":[{"href":"https:\/\/spefct.org\/es\/wp-json\/wp\/v2\/pages\/6333","targetHints":{"allow":["GET"]}}],"collection":[{"href":"https:\/\/spefct.org\/es\/wp-json\/wp\/v2\/pages"}],"about":[{"href":"https:\/\/spefct.org\/es\/wp-json\/wp\/v2\/types\/page"}],"author":[{"embeddable":true,"href":"https:\/\/spefct.org\/es\/wp-json\/wp\/v2\/users\/50"}],"replies":[{"embeddable":true,"href":"https:\/\/spefct.org\/es\/wp-json\/wp\/v2\/comments?post=6333"}],"version-history":[{"count":84,"href":"https:\/\/spefct.org\/es\/wp-json\/wp\/v2\/pages\/6333\/revisions"}],"predecessor-version":[{"id":12987,"href":"https:\/\/spefct.org\/es\/wp-json\/wp\/v2\/pages\/6333\/revisions\/12987"}],"wp:attachment":[{"href":"https:\/\/spefct.org\/es\/wp-json\/wp\/v2\/media?parent=6333"}],"curies":[{"name":"gracias","href":"https:\/\/api.w.org\/{rel}","templated":true}]}}