{"id":4071,"date":"2017-11-13T15:26:05","date_gmt":"2017-11-13T20:26:05","guid":{"rendered":"https:\/\/spefct.org\/?page_id=4071"},"modified":"2026-04-03T00:36:32","modified_gmt":"2026-04-03T04:36:32","slug":"elementary-school","status":"publish","type":"page","link":"https:\/\/spefct.org\/es\/elementary-school\/","title":{"rendered":"ESCUELA PRIMARIA"},"content":{"rendered":"<div class=\"wpb-content-wrapper\"><div class=\"vc_row wpb_row vc_row-fluid\"><div class=\"wpb_column vc_column_container vc_col-sm-12\"><div class=\"vc_column-inner\"><div class=\"wpb_wrapper\"><div class=\"vc_row wpb_row vc_inner vc_row-fluid\"><div class=\"wpb_column vc_column_container vc_col-sm-4\"><div class=\"vc_column-inner\"><div class=\"wpb_wrapper\">\n\t<div  class=\"wpb_single_image wpb_content_element vc_align_center\">\n\t\t\n\t\t<figure class=\"wpb_wrapper vc_figure\">\n\t\t\t<div class=\"vc_single_image-wrapper   vc_box_border_grey\"><img decoding=\"async\" class=\"vc_single_image-img\" src=\"https:\/\/spefct.org\/wp-content\/uploads\/2020\/08\/1.14.20-scaled-500x300.jpg\" width=\"500\" height=\"300\" alt=\"1.14.20\" title=\"1.14.20\" loading=\"lazy\"  data-dt-location=\"https:\/\/spefct.org\/es\/elementary-school\/1-14-20\/\" \/><\/div>\n\t\t<\/figure>\n\t<\/div>\n<\/div><\/div><\/div><div class=\"wpb_column vc_column_container vc_col-sm-4\"><div class=\"vc_column-inner\"><div class=\"wpb_wrapper\">\n\t<div  class=\"wpb_single_image wpb_content_element vc_align_left\">\n\t\t\n\t\t<figure class=\"wpb_wrapper vc_figure\">\n\t\t\t<div class=\"vc_single_image-wrapper   vc_box_border_grey\"><img decoding=\"async\" class=\"vc_single_image-img\" src=\"https:\/\/spefct.org\/wp-content\/uploads\/2023\/03\/54DE7E0D-DABB-445A-BBFD-55FA0528AE4B-scaled-500x300.jpeg\" width=\"500\" height=\"300\" alt=\"54DE7E0D-DABB-445A-BBFD-55FA0528AE4B\" title=\"54DE7E0D-DABB-445A-BBFD-55FA0528AE4B\" loading=\"lazy\"  data-dt-location=\"https:\/\/spefct.org\/es\/elementary-school\/54de7e0d-dabb-445a-bbfd-55fa0528ae4b\/\" \/><\/div>\n\t\t<\/figure>\n\t<\/div>\n<\/div><\/div><\/div><div class=\"wpb_column vc_column_container vc_col-sm-4\"><div class=\"vc_column-inner\"><div class=\"wpb_wrapper\">\n\t<div  class=\"wpb_single_image wpb_content_element vc_align_center\">\n\t\t\n\t\t<figure class=\"wpb_wrapper vc_figure\">\n\t\t\t<div class=\"vc_single_image-wrapper   vc_box_border_grey\"><img decoding=\"async\" class=\"vc_single_image-img\" src=\"https:\/\/spefct.org\/wp-content\/uploads\/2020\/08\/4.25.19-17-500x300.jpg\" width=\"500\" height=\"300\" alt=\"4.25.19 (17)\" title=\"4.25.19 (17)\" loading=\"lazy\"  data-dt-location=\"https:\/\/spefct.org\/es\/elementary-school\/4-25-19-17\/\" \/><\/div>\n\t\t<\/figure>\n\t<\/div>\n<\/div><\/div><\/div><\/div><div class=\"vc_row wpb_row vc_inner vc_row-fluid\"><div class=\"wpb_column vc_column_container vc_col-sm-12\"><div class=\"vc_column-inner\"><div class=\"wpb_wrapper\">\n\t<div class=\"wpb_text_column wpb_content_element\" >\n\t\t<div class=\"wpb_wrapper\">\n\t\t\t<h3><strong>Aprendiendo a generar un impacto<\/strong><\/h3>\n<p>El Programa de tutor\u00eda para escuelas primarias de SPEF se est\u00e1 ejecutando actualmente en aulas de tercer a quinto grado en las Escuelas P\u00fablicas de Stamford. Las aulas participan en sesiones de tutor\u00eda semanales en las que mentores voluntarios de escuelas secundarias discuten temas con sus aprendices relacionados con el aprendizaje en servicio. Cada sesi\u00f3n concluye con un proyecto de servicio comunitario, como abastecer los estantes del banco de alimentos, crear y enviar tarjetas navide\u00f1as a los soldados o limpiar parques y patios de escuelas.<\/p>\n<p>Para obtener m\u00e1s informaci\u00f3n, comun\u00edquese con <a href=\"mailto:programs@spefct.org\">programs@spefct.org<\/a> o llame al (203) 965-7733.<\/p>\n<h3><strong>La felicidad es un libro nuevo, \u00a1o dos!<\/strong><\/h3>\n<p><strong>Books Across Stamford\u00a0<\/strong>es un atractivo programa de alfabetizaci\u00f3n centrado en motivar a los ni\u00f1os a leer mediante la distribuci\u00f3n de libros nuevos y gratuitos y recursos de alfabetizaci\u00f3n a ni\u00f1os y familias econ\u00f3micamente desfavorecidos. Cada a\u00f1o, SPEF tiene como objetivo distribuir al menos 5000 libros en todo Stamford para ayudar a los ni\u00f1os, desde preescolar hasta quinto grado, a construir bibliotecas en el hogar.<\/p>\n<p>Para obtener m\u00e1s informaci\u00f3n, visite nuestra p\u00e1gina Libros en Stamford.<\/p>\n\n\t\t<\/div>\n\t<\/div>\n<a href=\"https:\/\/spefct.org\/es\/books-across-stamford\/\" class=\"btn-shortcode dt-btn-l dt-btn default-btn-color default-btn-hover-color default-btn-bg-color default-btn-bg-hover-color mainbutton\" target=\"_blank\" id=\"dt-btn-1\" rel=\"noopener\"><span>BOOKS ACROSS STAMFORD<\/span><\/a><\/div><\/div><\/div><\/div><div class=\"vc_row wpb_row vc_inner vc_row-fluid vc_row-o-equal-height vc_row-flex\"><div class=\"wpb_column vc_column_container vc_col-sm-6 vc_col-has-fill\"><div class=\"vc_column-inner vc_custom_1679935710973\"><div class=\"wpb_wrapper\">\n\t<div class=\"wpb_text_column wpb_content_element  vc_custom_1704827480136\" >\n\t\t<div class=\"wpb_wrapper\">\n\t\t\t<h3><strong>Kyle, Escuela Primaria Hart<\/strong><\/h3>\n<p><span style=\"color: #000000;\"><em>\u201cMi actividad favorita era limpiar Mill River Park porque me gustaba trabajar con mi mejor amigo. Fue bueno ayudar a mejorar el mundo\u201d.\u00a0<\/em><\/span><\/p>\n\n\t\t<\/div>\n\t<\/div>\n<\/div><\/div><\/div><div class=\"wpb_column vc_column_container vc_col-sm-6 vc_col-has-fill\"><div class=\"vc_column-inner vc_custom_1679935757023\"><div class=\"wpb_wrapper\">\n\t<div class=\"wpb_text_column wpb_content_element  vc_custom_1704827493359\" >\n\t\t<div class=\"wpb_wrapper\">\n\t\t\t<h3><strong>Evan, Escuela Primaria Davenport<\/strong><\/h3>\n<p><span style=\"color: #000000;\"><em>\u201cMe gusta el Programa de mentores de Stamford porque tengo un mentor divertido y aprend\u00ed a ser amable y ayudar a nuestra comunidad\u201d.\u00a0<\/em><\/span><\/p>\n\n\t\t<\/div>\n\t<\/div>\n<\/div><\/div><\/div><\/div><\/div><\/div><\/div><\/div><\/div>","protected":false},"excerpt":{"rendered":"<p>Aprenda c\u00f3mo generar un impacto El Programa de tutor\u00eda para escuelas primarias de SPEF se est\u00e1 ejecutando actualmente para aulas de tercero a quinto grado en las Escuelas P\u00fablicas de Stamford. Las aulas participan en sesiones de tutor\u00eda semanales en las que mentores voluntarios de escuelas secundarias discuten temas con sus aprendices relacionados con el aprendizaje en servicio. Cada sesi\u00f3n concluye con un proyecto de servicio comunitario, como almacenar...<\/p>","protected":false},"author":50,"featured_media":0,"parent":0,"menu_order":0,"comment_status":"closed","ping_status":"closed","template":"","meta":{"om_disable_all_campaigns":false,"_monsterinsights_skip_tracking":false,"_monsterinsights_sitenote_active":false,"_monsterinsights_sitenote_note":"","_monsterinsights_sitenote_category":0,"footnotes":""},"class_list":["post-4071","page","type-page","status-publish","hentry","description-off"],"aioseo_notices":[],"_links":{"self":[{"href":"https:\/\/spefct.org\/es\/wp-json\/wp\/v2\/pages\/4071","targetHints":{"allow":["GET"]}}],"collection":[{"href":"https:\/\/spefct.org\/es\/wp-json\/wp\/v2\/pages"}],"about":[{"href":"https:\/\/spefct.org\/es\/wp-json\/wp\/v2\/types\/page"}],"author":[{"embeddable":true,"href":"https:\/\/spefct.org\/es\/wp-json\/wp\/v2\/users\/50"}],"replies":[{"embeddable":true,"href":"https:\/\/spefct.org\/es\/wp-json\/wp\/v2\/comments?post=4071"}],"version-history":[{"count":39,"href":"https:\/\/spefct.org\/es\/wp-json\/wp\/v2\/pages\/4071\/revisions"}],"predecessor-version":[{"id":12975,"href":"https:\/\/spefct.org\/es\/wp-json\/wp\/v2\/pages\/4071\/revisions\/12975"}],"wp:attachment":[{"href":"https:\/\/spefct.org\/es\/wp-json\/wp\/v2\/media?parent=4071"}],"curies":[{"name":"gracias","href":"https:\/\/api.w.org\/{rel}","templated":true}]}}