{"id":21,"date":"2015-07-16T18:54:32","date_gmt":"2015-07-16T18:54:32","guid":{"rendered":"http:\/\/kilakwa.net\/dev\/SPEF\/?page_id=21"},"modified":"2026-04-28T16:30:02","modified_gmt":"2026-04-28T20:30:02","slug":"home","status":"publish","type":"page","link":"https:\/\/spefct.org\/es\/","title":{"rendered":"HOGAR"},"content":{"rendered":"<div class=\"wpb-content-wrapper\"><div class=\"vc_row wpb_row vc_row-fluid\"><div class=\"wpb_column vc_column_container vc_col-sm-6\"><div class=\"vc_column-inner\"><div class=\"wpb_wrapper\">\n\t<div class=\"wpb_text_column wpb_content_element\" >\n\t\t<div class=\"wpb_wrapper\">\n\t\t\t<h3 style=\"text-align: center;\"><strong>NUESTRA MISI\u00d3N<\/strong><\/h3>\n\n\t\t<\/div>\n\t<\/div>\n\n\t<div  class=\"wpb_single_image wpb_content_element vc_align_center\">\n\t\t\n\t\t<figure class=\"wpb_wrapper vc_figure\">\n\t\t\t<div class=\"vc_single_image-wrapper vc_box_rounded  vc_box_border_grey\"><img decoding=\"async\" class=\"vc_single_image-img\" src=\"https:\/\/spefct.org\/wp-content\/uploads\/2023\/01\/umRPlBSA-e1673970582366-350x250-1.png\" width=\"350\" height=\"250\" alt=\"umRPlBSA-e1673970582366-350x250\" title=\"umRPlBSA-e1673970582366-350x250\" loading=\"lazy\"  data-dt-location=\"https:\/\/spefct.org\/es\/home\/umrplbsa-e1673970582366-350x250\/\" \/><\/div>\n\t\t<\/figure>\n\t<\/div>\n\n\t<div class=\"wpb_text_column wpb_content_element\" >\n\t\t<div class=\"wpb_wrapper\">\n\t\t\t<p>Nuestra misi\u00f3n es elevar el \u00e9xito de los estudiantes al ofrecer programas educativos y soluciones que promuevan el acceso equitativo a una educaci\u00f3n p\u00fablica de calidad en Stamford.<\/p>\n\n\t\t<\/div>\n\t<\/div>\n<\/div><\/div><\/div><div class=\"wpb_column vc_column_container vc_col-sm-6\"><div class=\"vc_column-inner\"><div class=\"wpb_wrapper\">\n\t<div class=\"wpb_text_column wpb_content_element\" >\n\t\t<div class=\"wpb_wrapper\">\n\t\t\t<h3 style=\"text-align: center;\"><strong>NUESTRA VISI\u00d3N<\/strong><\/h3>\n\n\t\t<\/div>\n\t<\/div>\n\n\t<div  class=\"wpb_single_image wpb_content_element vc_align_center\">\n\t\t\n\t\t<figure class=\"wpb_wrapper vc_figure\">\n\t\t\t<div class=\"vc_single_image-wrapper vc_box_rounded  vc_box_border_grey\"><img decoding=\"async\" class=\"vc_single_image-img\" src=\"https:\/\/spefct.org\/wp-content\/uploads\/2024\/01\/Untitled-design-28.png\" width=\"350\" height=\"250\" alt=\"Untitled design (28)\" title=\"Dise\u00f1o sin t\u00edtulo (28)\" loading=\"lazy\"  data-dt-location=\"https:\/\/spefct.org\/es\/home\/untitled-design-28\/\" \/><\/div>\n\t\t<\/figure>\n\t<\/div>\n\n\t<div class=\"wpb_text_column wpb_content_element\" >\n\t\t<div class=\"wpb_wrapper\">\n\t\t\t<p>Imaginamos una comunidad en la que cada estudiante est\u00e9 preparado e inspirado para prosperar.<\/p>\n\n\t\t<\/div>\n\t<\/div>\n<\/div><\/div><\/div><\/div><div class=\"vc_row wpb_row vc_row-fluid\"><div class=\"wpb_column vc_column_container vc_col-sm-12\"><div class=\"vc_column-inner\"><div class=\"wpb_wrapper\"><div class=\"vc_empty_space\"   style=\"height: 32px\"><span class=\"vc_empty_space_inner\"><\/span><\/div>\n\t<div class=\"wpb_text_column wpb_content_element\" >\n\t\t<div class=\"wpb_wrapper\">\n\t\t\t<h3 style=\"text-align: center;\"><strong>QUE HACEMOS<\/strong><\/h3>\n\n\t\t<\/div>\n\t<\/div>\n\n\t<div class=\"wpb_text_column wpb_content_element\" >\n\t\t<div class=\"wpb_wrapper\">\n\t\t\t<p><span data-teams=\"true\">Nuestros programas brindan a estudiantes y padres de bajos recursos las herramientas para generar un cambio duradero en sus vidas. En concreto, brindamos apoyo crucial en momentos cr\u00edticos de transici\u00f3n de primaria y secundaria.<\/span><\/p>\n\n\t\t<\/div>\n\t<\/div>\n<\/div><\/div><\/div><\/div><div class=\"vc_row wpb_row vc_row-fluid\"><div class=\"wpb_column vc_column_container vc_col-sm-4\"><div class=\"vc_column-inner\"><div class=\"wpb_wrapper\">\n\t<div  class=\"wpb_single_image wpb_content_element vc_align_center\">\n\t\t\n\t\t<figure class=\"wpb_wrapper vc_figure\">\n\t\t\t<div class=\"vc_single_image-wrapper vc_box_rounded  vc_box_border_grey\"><img decoding=\"async\" class=\"vc_single_image-img\" src=\"https:\/\/spefct.org\/wp-content\/uploads\/2023\/09\/IMG_3746-scaled-350x250.jpg\" width=\"350\" height=\"250\" alt=\"IMG_3746\" title=\"IMG_3746\" loading=\"lazy\"  data-dt-location=\"https:\/\/spefct.org\/es\/home\/img_3746-2\/\" \/><\/div>\n\t\t<\/figure>\n\t<\/div>\n\n\t<div class=\"wpb_text_column wpb_content_element\" >\n\t\t<div class=\"wpb_wrapper\">\n\t\t\t<h3 class=\"x_MsoNormal\" style=\"text-align: center;\"><a href=\"https:\/\/spefct.org\/es\/stamford-mentoring-program\/\"><strong><span style=\"color: #0077be;\">Mentor\u00eda de liderazgo comunitario <\/span><\/strong><\/a><\/h3>\n<p class=\"p1\"><span class=\"TextRun SCXW227229894 BCX0\" lang=\"EN-US\" xml:lang=\"EN-US\" data-contrast=\"auto\"><span class=\"NormalTextRun SCXW227229894 BCX0\">Proporciona 4<\/span><\/span><span class=\"TextRun SCXW227229894 BCX0\" lang=\"EN-US\" xml:lang=\"EN-US\" data-contrast=\"auto\"><span class=\"NormalTextRun Superscript SCXW227229894 BCX0\" data-fontsize=\"11.5\">el<\/span><\/span><span class=\"TextRun SCXW227229894 BCX0\" lang=\"EN-US\" xml:lang=\"EN-US\" data-contrast=\"auto\"><span class=\"NormalTextRun SCXW227229894 BCX0\"> y 5<\/span><\/span><span class=\"TextRun SCXW227229894 BCX0\" lang=\"EN-US\" xml:lang=\"EN-US\" data-contrast=\"auto\"><span class=\"NormalTextRun Superscript SCXW227229894 BCX0\" data-fontsize=\"11.5\">el<\/span><\/span><span class=\"TextRun SCXW227229894 BCX0\" lang=\"EN-US\" xml:lang=\"EN-US\" data-contrast=\"auto\"><span class=\"NormalTextRun SCXW227229894 BCX0\"> calificadores con<\/span> <span class=\"NormalTextRun SCXW227229894 BCX0\">Sesiones de tutor\u00eda semanales en las que mentores voluntarios de escuelas secundarias y preparatorias discuten temas <\/span><span class=\"NormalTextRun SCXW227229894 BCX0\">relacionado<\/span><span class=\"NormalTextRun SCXW227229894 BCX0\"> para aprender mediante servicio y completar un proyecto de servicio comunitario.\u00a0<\/span><\/span><span class=\"EOP SCXW227229894 BCX0\" data-ccp-props=\"{}\">\u00a0<\/span><\/p>\n\n\t\t<\/div>\n\t<\/div>\n<\/div><\/div><\/div><div class=\"wpb_column vc_column_container vc_col-sm-4\"><div class=\"vc_column-inner\"><div class=\"wpb_wrapper\">\n\t<div  class=\"wpb_single_image wpb_content_element vc_align_center\">\n\t\t\n\t\t<figure class=\"wpb_wrapper vc_figure\">\n\t\t\t<div class=\"vc_single_image-wrapper vc_box_rounded  vc_box_border_grey\"><img decoding=\"async\" class=\"vc_single_image-img\" src=\"https:\/\/spefct.org\/wp-content\/uploads\/2023\/09\/54DE7E0D-DABB-445A-BBFD-55FA0528AE4B-scaled-350x250.jpeg\" width=\"350\" height=\"250\" alt=\"54DE7E0D-DABB-445A-BBFD-55FA0528AE4B\" title=\"54DE7E0D-DABB-445A-BBFD-55FA0528AE4B\" loading=\"lazy\"  data-dt-location=\"https:\/\/spefct.org\/es\/home\/54de7e0d-dabb-445a-bbfd-55fa0528ae4b-2\/\" \/><\/div>\n\t\t<\/figure>\n\t<\/div>\n\n\t<div class=\"wpb_text_column wpb_content_element\" >\n\t\t<div class=\"wpb_wrapper\">\n\t\t\t<h3 class=\"x_MsoNormal\" style=\"text-align: center;\"><a href=\"https:\/\/spefct.org\/es\/service-learning\/\"><strong><span style=\"color: #0077be;\">Mentor\u00eda tradicional <\/span><\/strong><\/a><\/h3>\n<p class=\"p1\"><span class=\"TextRun SCXW135753326 BCX0\" lang=\"EN-US\" xml:lang=\"EN-US\" data-contrast=\"auto\"><span class=\"NormalTextRun SCXW135753326 BCX0\">Proporciona m<\/span><span class=\"NormalTextRun SCXW135753326 BCX0\">estudiantes de secundaria<\/span><\/span> <span class=\"TextRun SCXW135753326 BCX0\" lang=\"EN-US\" xml:lang=\"EN-US\" data-contrast=\"auto\"><span class=\"NormalTextRun SCXW135753326 BCX0\">Quien necesita <\/span><span class=\"NormalTextRun SCXW135753326 BCX0\">adicional<\/span><span class=\"NormalTextRun SCXW135753326 BCX0\"> Apoyo acad\u00e9mico y\/o socioemocional con recursos y orientaci\u00f3n necesarios para tener \u00e9xito.\u00a0<\/span><\/span><span class=\"EOP SCXW135753326 BCX0\" data-ccp-props=\"{}\">\u00a0<\/span><\/p>\n\n\t\t<\/div>\n\t<\/div>\n<\/div><\/div><\/div><div class=\"wpb_column vc_column_container vc_col-sm-4\"><div class=\"vc_column-inner\"><div class=\"wpb_wrapper\">\n\t<div  class=\"wpb_single_image wpb_content_element vc_align_center\">\n\t\t\n\t\t<figure class=\"wpb_wrapper vc_figure\">\n\t\t\t<div class=\"vc_single_image-wrapper vc_box_rounded  vc_box_border_grey\"><img decoding=\"async\" class=\"vc_single_image-img\" src=\"https:\/\/spefct.org\/wp-content\/uploads\/2023\/03\/1-1-350x250.png\" width=\"350\" height=\"250\" alt=\"1\" title=\"1\" loading=\"lazy\"  data-dt-location=\"https:\/\/spefct.org\/es\/high-school\/1-11\/\" \/><\/div>\n\t\t<\/figure>\n\t<\/div>\n\n\t<div class=\"wpb_text_column wpb_content_element\" >\n\t\t<div class=\"wpb_wrapper\">\n\t\t\t<h3 class=\"x_MsoNormal\" style=\"text-align: center;\"><a href=\"https:\/\/spefct.org\/es\/math-lab\/\"><strong><span style=\"color: #0077be;\">Mentor\u00eda de conexi\u00f3n profesional<\/span><\/strong><\/a><\/h3>\n<p class=\"p1\"><span class=\"TextRun SCXW16527788 BCX0\" lang=\"EN-US\" xml:lang=\"EN-US\" data-contrast=\"auto\"><span class=\"NormalTextRun SCXW16527788 BCX0\">Proporciona<\/span><\/span> <span class=\"TextRun SCXW16527788 BCX0\" lang=\"EN-US\" xml:lang=\"EN-US\" data-contrast=\"auto\"><span class=\"NormalTextRun SCXW16527788 BCX0\">yo<\/span><span class=\"NormalTextRun SCXW16527788 BCX0\">Estudiantes de secundaria<\/span><\/span> <span class=\"TextRun SCXW16527788 BCX0\" lang=\"EN-US\" xml:lang=\"EN-US\" data-contrast=\"auto\"><span class=\"NormalTextRun SCXW16527788 BCX0\">con los recursos y la orientaci\u00f3n necesarios para prosperar acad\u00e9mica, social y emocionalmente para el \u00e9xito postsecundario<\/span><span class=\"NormalTextRun SCXW16527788 BCX0\">, incluida la asociaci\u00f3n con un socio corporativo.<\/span><\/span><span class=\"EOP SCXW16527788 BCX0\" data-ccp-props=\"{}\">\u00a0<\/span><\/p>\n\n\t\t<\/div>\n\t<\/div>\n<\/div><\/div><\/div><\/div><div class=\"vc_row wpb_row vc_row-fluid\"><div class=\"wpb_column vc_column_container vc_col-sm-4\"><div class=\"vc_column-inner\"><div class=\"wpb_wrapper\">\n\t<div  class=\"wpb_single_image wpb_content_element vc_align_center\">\n\t\t\n\t\t<figure class=\"wpb_wrapper vc_figure\">\n\t\t\t<div class=\"vc_single_image-wrapper vc_box_rounded  vc_box_border_grey\"><img decoding=\"async\" class=\"vc_single_image-img\" src=\"https:\/\/spefct.org\/wp-content\/uploads\/2023\/09\/7B989AC3-0620-44EF-9F10-C709C7906455-350x250.jpeg\" width=\"350\" height=\"250\" alt=\"7B989AC3-0620-44EF-9F10-C709C7906455\" title=\"7B989AC3-0620-44EF-9F10-C709C7906455\" loading=\"lazy\"  data-dt-location=\"https:\/\/spefct.org\/es\/home\/7b989ac3-0620-44ef-9f10-c709c7906455-5\/\" \/><\/div>\n\t\t<\/figure>\n\t<\/div>\n\n\t<div class=\"wpb_text_column wpb_content_element\" >\n\t\t<div class=\"wpb_wrapper\">\n\t\t\t<h3 class=\"x_MsoNormal\" style=\"text-align: center;\"><a href=\"https:\/\/spefct.org\/es\/summer-start\/\"><strong><span style=\"color: #0077be;\">Preparaci\u00f3n para el jard\u00edn de infantes<\/span><\/strong><\/a><\/h3>\n<p>Summer Start es un programa de cinco semanas de \u201cpreparaci\u00f3n para el jard\u00edn de infantes\u201d para ni\u00f1os que ingresan a las Escuelas P\u00fablicas de Stamford sin haber tenido una experiencia preescolar completa.<\/p>\n\n\t\t<\/div>\n\t<\/div>\n<\/div><\/div><\/div><div class=\"wpb_column vc_column_container vc_col-sm-4\"><div class=\"vc_column-inner\"><div class=\"wpb_wrapper\">\n\t<div  class=\"wpb_single_image wpb_content_element vc_align_center\">\n\t\t\n\t\t<figure class=\"wpb_wrapper vc_figure\">\n\t\t\t<div class=\"vc_single_image-wrapper vc_box_rounded  vc_box_border_grey\"><img decoding=\"async\" class=\"vc_single_image-img\" src=\"https:\/\/spefct.org\/wp-content\/uploads\/2023\/09\/DSC00960-scaled-350x250.jpg\" width=\"350\" height=\"250\" alt=\"DSC00960\" title=\"DSC00960\" loading=\"lazy\"  data-dt-location=\"https:\/\/spefct.org\/es\/home\/dsc00960\/\" \/><\/div>\n\t\t<\/figure>\n\t<\/div>\n\n\t<div class=\"wpb_text_column wpb_content_element\" >\n\t\t<div class=\"wpb_wrapper\">\n\t\t\t<h3 class=\"x_MsoNormal\" style=\"text-align: center;\"><a href=\"https:\/\/spefct.org\/es\/parent-leadership-programs\/\"><strong><span style=\"color: #0077be;\">Liderazgo de adultos<\/span><\/strong><\/a><\/h3>\n<p>Permite a los padres y miembros de la comunidad convertirse en los principales defensores y agentes de cambio de la pr\u00f3xima generaci\u00f3n.<\/p>\n\n\t\t<\/div>\n\t<\/div>\n<\/div><\/div><\/div><div class=\"wpb_column vc_column_container vc_col-sm-4\"><div class=\"vc_column-inner\"><div class=\"wpb_wrapper\">\n\t<div  class=\"wpb_single_image wpb_content_element vc_align_center\">\n\t\t\n\t\t<figure class=\"wpb_wrapper vc_figure\">\n\t\t\t<div class=\"vc_single_image-wrapper vc_box_rounded  vc_box_border_grey\"><img decoding=\"async\" class=\"vc_single_image-img\" src=\"https:\/\/spefct.org\/wp-content\/uploads\/2023\/09\/PXL_20220728_215048479-scaled-350x250.jpg\" width=\"350\" height=\"250\" alt=\"PXL_20220728_215048479\" title=\"PXL_20220728_215048479\" loading=\"lazy\"  data-dt-location=\"https:\/\/spefct.org\/es\/home\/pxl_20220728_215048479\/\" \/><\/div>\n\t\t<\/figure>\n\t<\/div>\n\n\t<div class=\"wpb_text_column wpb_content_element\" >\n\t\t<div class=\"wpb_wrapper\">\n\t\t\t<h3 class=\"x_MsoNormal\" style=\"text-align: center;\"><a href=\"https:\/\/spefct.org\/es\/books-across-stamford\/\"><strong><span style=\"color: #0077be;\">Books Across Stamford<\/span><\/strong><\/a><\/h3>\n<p>Proporciona a los estudiantes libros nuevos y gratuitos para construir sus bibliotecas en casa.<\/p>\n\n\t\t<\/div>\n\t<\/div>\n<\/div><\/div><\/div><\/div><div class=\"vc_row wpb_row vc_row-fluid full-width\"><div class=\"wpb_column vc_column_container vc_col-sm-12 vc_col-has-fill\"><div class=\"vc_column-inner vc_custom_1674571870402\"><div class=\"wpb_wrapper\"><div class=\"vc_empty_space\"   style=\"height: 60px\"><span class=\"vc_empty_space_inner\"><\/span><\/div><div class=\"vc_row wpb_row vc_inner vc_row-fluid inner-row\"><div class=\"wpb_column vc_column_container vc_col-sm-6\"><div class=\"vc_column-inner\"><div class=\"wpb_wrapper\">\n\t<div class=\"wpb_video_widget wpb_content_element vc_clearfix   vc_video-aspect-ratio-169 vc_video-el-width-100 vc_video-align-left\" >\n\t\t<div class=\"wpb_wrapper\">\n\t\t\t\n\t\t\t<div class=\"wpb_video_wrapper\"><iframe loading=\"lazy\" title=\"SPEF: Programa de tutor\u00eda de Stamford, tradicional\" width=\"500\" height=\"281\" src=\"https:\/\/www.youtube.com\/embed\/Gql7rK1xZjU?feature=oembed\" frameborder=\"0\" allow=\"accelerometer; autoplay; clipboard-write; encrypted-media; gyroscope; picture-in-picture; web-share\" allowfullscreen><\/iframe><\/div>\n\t\t<\/div>\n\t<\/div>\n<\/div><\/div><\/div><div class=\"wpb_column vc_column_container vc_col-sm-6\"><div class=\"vc_column-inner vc_custom_1674576483872\"><div class=\"wpb_wrapper\">\n\t<div class=\"wpb_text_column wpb_content_element\" >\n\t\t<div class=\"wpb_wrapper\">\n\t\t\t<h3><strong><span style=\"color: white;\">15 a\u00f1os de mentor\u00eda<\/span><\/strong><\/h3>\n<p><b><span style=\"color: white;\">Durante 15 a\u00f1os, el Programa de tutor\u00eda tradicional de SPEF, reconocido a nivel nacional, ha brindado a los estudiantes recursos y orientaci\u00f3n que los ayudan a tener \u00e9xito acad\u00e9mico, social y emocional. Nos asociamos con voluntarios dedicados de universidades, comunidades y empresas para brindarles a los estudiantes sesiones semanales de tutor\u00eda individual y grupal durante todo el a\u00f1o escolar. <\/span><\/b><\/p>\n\n\t\t<\/div>\n\t<\/div>\n<a href=\"https:\/\/spefct.org\/es\/stamford-mentoring-program\/\" class=\"btn-shortcode dt-btn-l dt-btn default-btn-color default-btn-hover-color default-btn-bg-color default-btn-bg-hover-color mainbutton\" id=\"dt-btn-1\"><span>APRENDE M\u00c1S<\/span><\/a><\/div><\/div><\/div><\/div><\/div><\/div><\/div><\/div><div class=\"vc_row wpb_row vc_row-fluid full-width\"><div class=\"wpb_column vc_column_container vc_col-sm-12\"><div class=\"vc_column-inner\"><div class=\"wpb_wrapper\"><div class=\"vc_empty_space\"   style=\"height: 60px\"><span class=\"vc_empty_space_inner\"><\/span><\/div>\n\t<div class=\"wpb_text_column wpb_content_element\" >\n\t\t<div class=\"wpb_wrapper\">\n\t\t\t<h3 style=\"text-align: center;\"><strong>ACTUALIZACI\u00d3N DE LAS NOTICIAS<\/strong><\/h3>\n\n\t\t<\/div>\n\t<\/div>\n<\/div><\/div><\/div><\/div><div class=\"vc_row wpb_row vc_row-fluid vc_custom_1692904679767\"><div class=\"wpb_column vc_column_container vc_col-sm-12\"><div class=\"vc_column-inner\"><div class=\"wpb_wrapper\">\n\t<div class=\"wpb_raw_code wpb_raw_html wpb_content_element\" >\n\t\t<div class=\"wpb_wrapper\">\n\t\t\t\t\t<div id=\"instagram-gallery-feed-1\" class=\"instagram-gallery-feed\" data-feed=\"{&quot;id&quot;:1,&quot;account_id&quot;:&quot;6633371890100229&quot;,&quot;source&quot;:&quot;username&quot;,&quot;tag&quot;:&quot;wordpress&quot;,&quot;order_by&quot;:&quot;top_media&quot;,&quot;layout&quot;:&quot;gallery&quot;,&quot;limit&quot;:3,&quot;columns&quot;:3,&quot;spacing&quot;:10,&quot;lazy&quot;:false,&quot;responsive&quot;:{&quot;desktop&quot;:{&quot;columns&quot;:3,&quot;spacing&quot;:10},&quot;tablet&quot;:{&quot;columns&quot;:2,&quot;spacing&quot;:8},&quot;mobile&quot;:{&quot;columns&quot;:1,&quot;spacing&quot;:6},&quot;breakpoints&quot;:{&quot;tablet&quot;:768,&quot;mobile&quot;:480}},&quot;aspect_ratio&quot;:{&quot;width&quot;:1,&quot;height&quot;:1},&quot;highlight&quot;:{&quot;tag&quot;:&quot;&quot;,&quot;id&quot;:&quot;&quot;,&quot;position&quot;:&quot;1,3,5&quot;},&quot;reel&quot;:{&quot;hide&quot;:false},&quot;copyright&quot;:{&quot;hide&quot;:false,&quot;placeholder&quot;:&quot;&quot;},&quot;profile&quot;:{&quot;display&quot;:false,&quot;username&quot;:&quot;&quot;,&quot;nickname&quot;:&quot;&quot;,&quot;website&quot;:&quot;&quot;,&quot;biography&quot;:&quot;&quot;,&quot;link_text&quot;:&quot;Follow&quot;,&quot;website_text&quot;:&quot;Website&quot;,&quot;avatar&quot;:&quot;&quot;},&quot;box&quot;:{&quot;display&quot;:false,&quot;padding&quot;:1,&quot;radius&quot;:0,&quot;background&quot;:&quot;#fefefe&quot;,&quot;profile&quot;:false,&quot;desc&quot;:&quot;&quot;,&quot;text_color&quot;:&quot;#000000&quot;},&quot;mask&quot;:{&quot;display&quot;:true,&quot;background&quot;:&quot;#000000&quot;,&quot;icon_color&quot;:&quot;#ffffff&quot;,&quot;likes_count&quot;:true,&quot;comments_count&quot;:true},&quot;card&quot;:{&quot;display&quot;:false,&quot;radius&quot;:1,&quot;font_size&quot;:12,&quot;background&quot;:&quot;#ffffff&quot;,&quot;background_hover&quot;:&quot;&quot;,&quot;text_color&quot;:&quot;#000000&quot;,&quot;padding&quot;:5,&quot;likes_count&quot;:true,&quot;text_length&quot;:10,&quot;comments_count&quot;:true,&quot;text_align&quot;:&quot;left&quot;},&quot;carousel&quot;:{&quot;centered_slides&quot;:false,&quot;autoplay&quot;:false,&quot;autoplay_interval&quot;:3000,&quot;navarrows&quot;:true,&quot;navarrows_color&quot;:&quot;&quot;,&quot;pagination&quot;:true,&quot;pagination_color&quot;:&quot;&quot;},&quot;modal&quot;:{&quot;display&quot;:true,&quot;profile&quot;:true,&quot;media_description&quot;:true,&quot;likes_count&quot;:true,&quot;comments_count&quot;:true,&quot;comments_list&quot;:false,&quot;text_align&quot;:&quot;left&quot;,&quot;modal_align&quot;:&quot;right&quot;,&quot;text_length&quot;:10000,&quot;font_size&quot;:12},&quot;button&quot;:{&quot;display&quot;:true,&quot;text&quot;:&quot;View on Instagram&quot;,&quot;text_color&quot;:&quot;#ffff&quot;,&quot;background&quot;:&quot;&quot;,&quot;background_hover&quot;:&quot;&quot;},&quot;button_load&quot;:{&quot;display&quot;:false,&quot;text&quot;:&quot;Load more...&quot;,&quot;text_color&quot;:&quot;#ffff&quot;,&quot;background&quot;:&quot;&quot;,&quot;background_hover&quot;:&quot;&quot;}}\">\n\t\t<!-- <FeedContainer\/> -->\n\t\t<\/div>\n\t\t\n\t\t<\/div>\n\t<\/div>\n<\/div><\/div><\/div><\/div><\/div>","protected":false},"excerpt":{"rendered":"<p>NUESTRA MISI\u00d3N: Nuestra misi\u00f3n es impulsar el \u00e9xito estudiantil mediante programas y soluciones educativas que promuevan el acceso equitativo a una educaci\u00f3n p\u00fablica de calidad en Stamford. NUESTRA VISI\u00d3N: Imaginamos una comunidad donde cada estudiante est\u00e9 preparado e inspirado para prosperar. QU\u00c9 HACEMOS: Nuestros programas brindan a estudiantes y padres de bajos recursos las herramientas para crear\u2026<\/p>","protected":false},"author":15,"featured_media":0,"parent":0,"menu_order":0,"comment_status":"closed","ping_status":"closed","template":"","meta":{"om_disable_all_campaigns":false,"_monsterinsights_skip_tracking":false,"_monsterinsights_sitenote_active":false,"_monsterinsights_sitenote_note":"","_monsterinsights_sitenote_category":0,"footnotes":""},"class_list":["post-21","page","type-page","status-publish","hentry","description-off"],"aioseo_notices":[],"_links":{"self":[{"href":"https:\/\/spefct.org\/es\/wp-json\/wp\/v2\/pages\/21","targetHints":{"allow":["GET"]}}],"collection":[{"href":"https:\/\/spefct.org\/es\/wp-json\/wp\/v2\/pages"}],"about":[{"href":"https:\/\/spefct.org\/es\/wp-json\/wp\/v2\/types\/page"}],"author":[{"embeddable":true,"href":"https:\/\/spefct.org\/es\/wp-json\/wp\/v2\/users\/15"}],"replies":[{"embeddable":true,"href":"https:\/\/spefct.org\/es\/wp-json\/wp\/v2\/comments?post=21"}],"version-history":[{"count":255,"href":"https:\/\/spefct.org\/es\/wp-json\/wp\/v2\/pages\/21\/revisions"}],"predecessor-version":[{"id":12989,"href":"https:\/\/spefct.org\/es\/wp-json\/wp\/v2\/pages\/21\/revisions\/12989"}],"wp:attachment":[{"href":"https:\/\/spefct.org\/es\/wp-json\/wp\/v2\/media?parent=21"}],"curies":[{"name":"gracias","href":"https:\/\/api.w.org\/{rel}","templated":true}]}}