{"id":126,"date":"2015-07-16T23:40:30","date_gmt":"2015-07-16T23:40:30","guid":{"rendered":"http:\/\/kilakwa.net\/dev\/SPEF\/?page_id=126"},"modified":"2021-06-15T13:45:36","modified_gmt":"2021-06-15T17:45:36","slug":"newsreleases","status":"publish","type":"page","link":"https:\/\/spefct.org\/es\/news-events\/newsreleases\/","title":{"rendered":"COMUNICADOS DE PRENSA"},"content":{"rendered":"<div class=\"wpb-content-wrapper\"><div class=\"vc_row wpb_row vc_row-fluid\"><div class=\"wpb_column vc_column_container vc_col-sm-12\"><div class=\"vc_column-inner\"><div class=\"wpb_wrapper\"><section class=\"items-grid wf-container round-images\"><div class=\"wf-cell wf-1-2\"><article class=\"post-format-standard\"><div class=\"mini-post-img\"><a class=\"alignleft post-rollover layzr-bg\" href=\"https:\/\/spefct.org\/es\/stamford-youth-mental-health-alliance-and-dr-bianca-shinn-desras-to-be-honored-at-spefs-2026-excellence-in-education-awards\/\" aria-label=\"Publicar imagen\"><img decoding=\"async\" class=\"preload-me lazy-load aspect\" src=\"data:image\/svg+xml,%3Csvg%20xmlns%3D&#39;http%3A%2F%2Fwww.w3.org%2F2000%2Fsvg&#39;%20viewBox%3D&#39;0%200%20100%20100&#39;%2F%3E\" data-src=\"https:\/\/spefct.org\/wp-content\/uploads\/2026\/02\/EIE2026-Banner-100x100.png\" data-srcset=\"https:\/\/spefct.org\/wp-content\/uploads\/2026\/02\/EIE2026-Banner-100x100.png 100w, https:\/\/spefct.org\/wp-content\/uploads\/2026\/02\/EIE2026-Banner-200x200.png 200w\" loading=\"eager\" style=\"--ratio: 100 \/ 100\" sizes=\"(max-width: 100px) 100vw, 100px\" width=\"100\" height=\"100\"  alt=\"\" \/><\/a><\/div><div class=\"post-content\"><a href=\"https:\/\/spefct.org\/es\/stamford-youth-mental-health-alliance-and-dr-bianca-shinn-desras-to-be-honored-at-spefs-2026-excellence-in-education-awards\/\">Stamford Youth Mental Health Alliance and Dr. Bianca Shinn\u2011Desras to Be Honored at SPEF\u2019s 2026 Excellence in Education Awards<\/a><br \/><time class=\"text-secondary\" datetime=\"2026-02-17T19:35:21-05:00\">febrero 17, 2026<\/time><\/div><\/article><\/div><div class=\"wf-cell wf-1-2\"><article class=\"post-format-standard\"><div class=\"mini-post-img\"><a class=\"alignleft post-rollover layzr-bg\" href=\"https:\/\/spefct.org\/es\/stamford-community-steps-out-for-education-with-record-breaking-participation-at-spefs-5k-walk-run\/\" aria-label=\"Publicar imagen\"><img decoding=\"async\" class=\"preload-me lazy-load aspect\" src=\"data:image\/svg+xml,%3Csvg%20xmlns%3D&#39;http%3A%2F%2Fwww.w3.org%2F2000%2Fsvg&#39;%20viewBox%3D&#39;0%200%20100%20100&#39;%2F%3E\" data-src=\"https:\/\/spefct.org\/wp-content\/uploads\/2023\/10\/test38-scaled-100x100.jpg\" data-srcset=\"https:\/\/spefct.org\/wp-content\/uploads\/2023\/10\/test38-scaled-100x100.jpg 100w, https:\/\/spefct.org\/wp-content\/uploads\/2023\/10\/test38-scaled-200x200.jpg 200w\" loading=\"eager\" style=\"--ratio: 100 \/ 100\" sizes=\"(max-width: 100px) 100vw, 100px\" width=\"100\" height=\"100\"  alt=\"\" \/><\/a><\/div><div class=\"post-content\"><a href=\"https:\/\/spefct.org\/es\/stamford-community-steps-out-for-education-with-record-breaking-participation-at-spefs-5k-walk-run\/\">La comunidad de Stamford da un paso al frente por la educaci\u00f3n con una participaci\u00f3n r\u00e9cord en la caminata y carrera de 5 km de SPEF<\/a><br \/><time class=\"text-secondary\" datetime=\"2023-10-04T02:50:45-04:00\">octubre 4, 2023<\/time><\/div><\/article><\/div><div class=\"wf-cell wf-1-2\"><article class=\"post-format-standard\"><div class=\"mini-post-img\"><a class=\"alignleft post-rollover layzr-bg\" href=\"https:\/\/spefct.org\/es\/registration-is-open-for-stamford-public-education-foundations-annual-5k-walk-run\/\" aria-label=\"Publicar imagen\"><img decoding=\"async\" class=\"preload-me lazy-load aspect\" src=\"data:image\/svg+xml,%3Csvg%20xmlns%3D&#39;http%3A%2F%2Fwww.w3.org%2F2000%2Fsvg&#39;%20viewBox%3D&#39;0%200%20100%20100&#39;%2F%3E\" data-src=\"https:\/\/spefct.org\/wp-content\/uploads\/2021\/08\/MarcUS_9044-1-scaled-100x100.jpg\" data-srcset=\"https:\/\/spefct.org\/wp-content\/uploads\/2021\/08\/MarcUS_9044-1-scaled-100x100.jpg 100w, https:\/\/spefct.org\/wp-content\/uploads\/2021\/08\/MarcUS_9044-1-scaled-200x200.jpg 200w\" loading=\"eager\" style=\"--ratio: 100 \/ 100\" sizes=\"(max-width: 100px) 100vw, 100px\" width=\"100\" height=\"100\"  alt=\"\" \/><\/a><\/div><div class=\"post-content\"><a href=\"https:\/\/spefct.org\/es\/registration-is-open-for-stamford-public-education-foundations-annual-5k-walk-run\/\">La inscripci\u00f3n est\u00e1 abierta para la caminata y carrera anual de 5 km de la Fundaci\u00f3n de Educaci\u00f3n P\u00fablica de Stamford<\/a><br \/><time class=\"text-secondary\" datetime=\"2023-08-23T02:50:45-04:00\">agosto 23, 2023<\/time><\/div><\/article><\/div><div class=\"wf-cell wf-1-2\"><article class=\"post-format-standard\"><div class=\"mini-post-img\"><a class=\"alignleft post-rollover layzr-bg\" href=\"https:\/\/spefct.org\/es\/spefs-golf-tournament-tee-off-for-education-swung-into-action-to-raise-funds-for-its-educational-programming\/\" aria-label=\"Publicar imagen\"><img decoding=\"async\" class=\"preload-me lazy-load aspect\" src=\"data:image\/svg+xml,%3Csvg%20xmlns%3D&#39;http%3A%2F%2Fwww.w3.org%2F2000%2Fsvg&#39;%20viewBox%3D&#39;0%200%20100%20100&#39;%2F%3E\" data-src=\"https:\/\/spefct.org\/wp-content\/uploads\/2023\/07\/Untitled-design-12-100x100.png\" data-srcset=\"https:\/\/spefct.org\/wp-content\/uploads\/2023\/07\/Untitled-design-12-100x100.png 100w, https:\/\/spefct.org\/wp-content\/uploads\/2023\/07\/Untitled-design-12-200x200.png 200w\" loading=\"eager\" style=\"--ratio: 100 \/ 100\" sizes=\"(max-width: 100px) 100vw, 100px\" width=\"100\" height=\"100\"  alt=\"\" \/><\/a><\/div><div class=\"post-content\"><a href=\"https:\/\/spefct.org\/es\/spefs-golf-tournament-tee-off-for-education-swung-into-action-to-raise-funds-for-its-educational-programming\/\">El Torneo de Golf de SPEF, Tee Off for Education, entr\u00f3 en acci\u00f3n para recaudar fondos para su programaci\u00f3n educativa<\/a><br \/><time class=\"text-secondary\" datetime=\"2023-07-10T16:25:45-04:00\">julio 10, 2023<\/time><\/div><\/article><\/div><div class=\"wf-cell wf-1-2\"><article class=\"post-format-standard\"><div class=\"mini-post-img\"><a class=\"alignleft post-rollover layzr-bg\" href=\"https:\/\/spefct.org\/es\/registration-is-open-for-spefs-golf-tournament-tee-off-for-education\/\" aria-label=\"Publicar imagen\"><img decoding=\"async\" class=\"preload-me lazy-load aspect\" src=\"data:image\/svg+xml,%3Csvg%20xmlns%3D&#39;http%3A%2F%2Fwww.w3.org%2F2000%2Fsvg&#39;%20viewBox%3D&#39;0%200%20100%20100&#39;%2F%3E\" data-src=\"https:\/\/spefct.org\/wp-content\/uploads\/2023\/07\/DSC_1097-100x100.jpg\" data-srcset=\"https:\/\/spefct.org\/wp-content\/uploads\/2023\/07\/DSC_1097-100x100.jpg 100w, https:\/\/spefct.org\/wp-content\/uploads\/2023\/07\/DSC_1097-200x200.jpg 200w\" loading=\"eager\" style=\"--ratio: 100 \/ 100\" sizes=\"(max-width: 100px) 100vw, 100px\" width=\"100\" height=\"100\"  alt=\"\" \/><\/a><\/div><div class=\"post-content\"><a href=\"https:\/\/spefct.org\/es\/registration-is-open-for-spefs-golf-tournament-tee-off-for-education\/\">Abiertas las inscripciones para el Torneo de Golf de la SPEF, Tee Off for Education<\/a><br \/><time class=\"text-secondary\" datetime=\"2023-06-07T16:25:45-04:00\">junio 7, 2023<\/time><\/div><\/article><\/div><div class=\"wf-cell wf-1-2\"><article class=\"post-format-standard\"><div class=\"mini-post-img\"><a class=\"alignleft post-rollover layzr-bg\" href=\"https:\/\/spefct.org\/es\/hart-magnet-elementary-school-teacher-wendy-tang-receives-spef-educator-award-at-the-2023-excellence-in-education-awards\/\" aria-label=\"Publicar imagen\"><img decoding=\"async\" class=\"preload-me lazy-load aspect\" src=\"data:image\/svg+xml,%3Csvg%20xmlns%3D&#39;http%3A%2F%2Fwww.w3.org%2F2000%2Fsvg&#39;%20viewBox%3D&#39;0%200%20100%20100&#39;%2F%3E\" data-src=\"https:\/\/spefct.org\/wp-content\/uploads\/2023\/05\/345048531_6351922548218012_4309276116388308580_n-100x100.jpeg\" data-srcset=\"https:\/\/spefct.org\/wp-content\/uploads\/2023\/05\/345048531_6351922548218012_4309276116388308580_n-100x100.jpeg 100w, https:\/\/spefct.org\/wp-content\/uploads\/2023\/05\/345048531_6351922548218012_4309276116388308580_n-200x200.jpeg 200w\" loading=\"eager\" style=\"--ratio: 100 \/ 100\" sizes=\"(max-width: 100px) 100vw, 100px\" width=\"100\" height=\"100\"  alt=\"\" \/><\/a><\/div><div class=\"post-content\"><a href=\"https:\/\/spefct.org\/es\/hart-magnet-elementary-school-teacher-wendy-tang-receives-spef-educator-award-at-the-2023-excellence-in-education-awards\/\">La maestra de la Escuela Primaria Hart Magnet, Wendy Tang, recibe el Premio Educador SPEF en los Premios a la Excelencia en Educaci\u00f3n 2023<\/a><br \/><time class=\"text-secondary\" datetime=\"2023-05-05T16:25:45-04:00\">mayo 5, 2023<\/time><\/div><\/article><\/div><\/section>\n\t<div class=\"wpb_text_column wpb_content_element\" >\n\t\t<div class=\"wpb_wrapper\">\n\t\t\t<p style=\"text-align: center;\"><a href=\"http:\/\/spefct.org\/es\/category\/newsroom\/news-releases\/\">Ver todos los comunicados de prensa &gt;<\/a><\/p>\n\n\t\t<\/div>\n\t<\/div>\n<\/div><\/div><\/div><\/div><\/div>","protected":false},"excerpt":{"rendered":"\u2026","protected":false},"author":15,"featured_media":0,"parent":23,"menu_order":0,"comment_status":"closed","ping_status":"closed","template":"","meta":{"om_disable_all_campaigns":false,"_monsterinsights_skip_tracking":false,"_monsterinsights_sitenote_active":false,"_monsterinsights_sitenote_note":"","_monsterinsights_sitenote_category":0,"footnotes":""},"class_list":["post-126","page","type-page","status-publish","hentry","description-off"],"aioseo_notices":[],"_links":{"self":[{"href":"https:\/\/spefct.org\/es\/wp-json\/wp\/v2\/pages\/126","targetHints":{"allow":["GET"]}}],"collection":[{"href":"https:\/\/spefct.org\/es\/wp-json\/wp\/v2\/pages"}],"about":[{"href":"https:\/\/spefct.org\/es\/wp-json\/wp\/v2\/types\/page"}],"author":[{"embeddable":true,"href":"https:\/\/spefct.org\/es\/wp-json\/wp\/v2\/users\/15"}],"replies":[{"embeddable":true,"href":"https:\/\/spefct.org\/es\/wp-json\/wp\/v2\/comments?post=126"}],"version-history":[{"count":20,"href":"https:\/\/spefct.org\/es\/wp-json\/wp\/v2\/pages\/126\/revisions"}],"predecessor-version":[{"id":8950,"href":"https:\/\/spefct.org\/es\/wp-json\/wp\/v2\/pages\/126\/revisions\/8950"}],"up":[{"embeddable":true,"href":"https:\/\/spefct.org\/es\/wp-json\/wp\/v2\/pages\/23"}],"wp:attachment":[{"href":"https:\/\/spefct.org\/es\/wp-json\/wp\/v2\/media?parent=126"}],"curies":[{"name":"gracias","href":"https:\/\/api.w.org\/{rel}","templated":true}]}}