{"id":12580,"date":"2025-02-24T13:03:49","date_gmt":"2025-02-24T18:03:49","guid":{"rendered":"https:\/\/spefct.org\/?page_id=12580"},"modified":"2025-10-15T12:11:45","modified_gmt":"2025-10-15T16:11:45","slug":"sponsorships","status":"publish","type":"page","link":"https:\/\/spefct.org\/es\/sponsorships\/","title":{"rendered":"Patrocinios"},"content":{"rendered":"<div class=\"wpb-content-wrapper\"><div class=\"vc_row wpb_row vc_row-fluid\"><div class=\"wpb_column vc_column_container vc_col-sm-12\"><div class=\"vc_column-inner\"><div class=\"wpb_wrapper\"><div class=\"vc_row wpb_row vc_inner vc_row-fluid\"><div class=\"wpb_column vc_column_container vc_col-sm-6\"><div class=\"vc_column-inner\"><div class=\"wpb_wrapper\">\n\t<div class=\"wpb_text_column wpb_content_element\" >\n\t\t<div class=\"wpb_wrapper\">\n\t\t\t<h1 class=\"p1\"><strong>OPORTUNIDADES DE PATROCINIO CORPORATIVO<\/strong><\/h1>\n<p class=\"p1\">\u00a1Gracias por considerar una oportunidad de patrocinio con SPEF para garantizar la visibilidad de su marca durante todo el a\u00f1o en todos nuestros eventos! En 2024-25, SPEF se enorgullece de asociarse con m\u00e1s de 30 empresas comprometidas con la mejora de la educaci\u00f3n en la comunidad de Stamford.<\/p>\n\n\t\t<\/div>\n\t<\/div>\n\n\t<div class=\"wpb_text_column wpb_content_element\" >\n\t\t<div class=\"wpb_wrapper\">\n\t\t\t<p>The <strong><span style=\"color: #0077be;\">Premios a la Excelencia en Educaci\u00f3n<\/span><\/strong> Partidarios destacados de la educaci\u00f3n p\u00fablica en Stamford. Este evento formal re\u00fane a 200 educadores, l\u00edderes comunitarios, defensores, socios corporativos y funcionarios electos para celebrar la dedicaci\u00f3n y la pasi\u00f3n que impulsan la educaci\u00f3n en nuestra comunidad.<\/p>\n\n\t\t<\/div>\n\t<\/div>\n\n\t<div class=\"wpb_text_column wpb_content_element\" >\n\t\t<div class=\"wpb_wrapper\">\n\t\t\t<p class=\"p1\"><strong><span class=\"s1\"><span style=\"color: #4cb748;\">Juegue por la educaci\u00f3n,<\/span><\/span><\/strong> Nuestro torneo de golf anual atrae a 100 entusiastas del golf, profesionales de negocios y fil\u00e1ntropos que se dedican a mejorar las oportunidades educativas en nuestra comunidad.<\/p>\n\n\t\t<\/div>\n\t<\/div>\n\n\t<div class=\"wpb_text_column wpb_content_element\" >\n\t\t<div class=\"wpb_wrapper\">\n\t\t\t<p class=\"p1\"><span class=\"s1\">The <span style=\"color: #f47524;\"><strong>Carrera y caminata SPEF 5K<\/strong><\/span><\/span> es un evento familiar que combina la actividad f\u00edsica con la recaudaci\u00f3n de fondos para SPEF. Con m\u00e1s de 750 participantes de la comunidad de Stamford, el evento enfatiza la importancia de la educaci\u00f3n p\u00fablica y promueve el esp\u00edritu comunitario y escolar.<\/p>\n\n\t\t<\/div>\n\t<\/div>\n<\/div><\/div><\/div><div class=\"wpb_column vc_column_container vc_col-sm-6 vc_col-has-fill\"><div class=\"vc_column-inner vc_custom_1740167388753\"><div class=\"wpb_wrapper\">\n\t<div class=\"wpb_text_column wpb_content_element\" >\n\t\t<div class=\"wpb_wrapper\">\n\t\t\t<h2 class=\"p1\" style=\"text-align: center;\"><b><span style=\"color: #0077be;\">EVENTOS PRINCIPALES<\/span><\/b><\/h2>\n<p class=\"p3\" style=\"text-align: center;\"><b>Excellence in Education Awards<\/b><\/p>\n<p class=\"p4\" style=\"text-align: center;\">Abril<\/p>\n<p class=\"p3\" style=\"text-align: center;\"><b>Tee Off para la educaci\u00f3n<\/b><\/p>\n<p class=\"p4\" style=\"text-align: center;\">Julio<\/p>\n<p class=\"p3\" style=\"text-align: center;\"><b>Carrera y caminata SPEF 5K<\/b><\/p>\n<p class=\"p4\" style=\"text-align: center;\">Septiembre<\/p>\n<p class=\"p3\" style=\"text-align: center;\"><b>Books Across Stamford<\/b><\/p>\n<p class=\"p4\" style=\"text-align: center;\">Eventos m\u00faltiples<\/p>\n\n\t\t<\/div>\n\t<\/div>\n<style type=\"text\/css\" data-type=\"the7_shortcodes-inline-css\">#default-btn-ad1b2f3f8ad8787540303a95da93b63b.ico-right-side > i {\n  margin-right: 0px;\n  margin-left: 8px;\n}\n#default-btn-ad1b2f3f8ad8787540303a95da93b63b > i {\n  margin-right: 8px;\n}\n<\/style><div class=\"btn-align-center\"><a href=\"https:\/\/spefct.salsalabs.org\/corporate-sponsorship\/index.html?page=register\" class=\"default-btn-shortcode dt-btn dt-btn-l pulse animate-element animation-builder link-hover-off\" target=\"_blank\" id=\"default-btn-ad1b2f3f8ad8787540303a95da93b63b\" rel=\"noopener\"><span>CONVI\u00c9RTASE EN SOCIO<\/span><\/a><\/div><div class=\"vc_empty_space\"   style=\"height: 32px\"><span class=\"vc_empty_space_inner\"><\/span><\/div>\n\t<div  class=\"wpb_single_image wpb_content_element vc_align_center\">\n\t\t\n\t\t<figure class=\"wpb_wrapper vc_figure\">\n\t\t\t<div class=\"vc_single_image-wrapper   vc_box_border_grey\"><img loading=\"lazy\" decoding=\"async\" width=\"300\" height=\"221\" src=\"https:\/\/spefct.org\/wp-content\/uploads\/2024\/03\/DSC_8378-300x221.jpg\" class=\"vc_single_image-img attachment-medium\" alt=\"\" title=\"DSC_8378\" srcset=\"https:\/\/spefct.org\/wp-content\/uploads\/2024\/03\/DSC_8378-300x221.jpg 300w, https:\/\/spefct.org\/wp-content\/uploads\/2024\/03\/DSC_8378-1024x755.jpg 1024w, https:\/\/spefct.org\/wp-content\/uploads\/2024\/03\/DSC_8378-768x567.jpg 768w, https:\/\/spefct.org\/wp-content\/uploads\/2024\/03\/DSC_8378-1536x1133.jpg 1536w, https:\/\/spefct.org\/wp-content\/uploads\/2024\/03\/DSC_8378-2048x1511.jpg 2048w, https:\/\/spefct.org\/wp-content\/uploads\/2024\/03\/DSC_8378-16x12.jpg 16w\" sizes=\"auto, (max-width: 300px) 100vw, 300px\"  data-dt-location=\"https:\/\/spefct.org\/es\/dt_gallery\/excellence-in-education-2024-awards\/dsc_8378\/\" \/><\/div>\n\t\t<\/figure>\n\t<\/div>\n<\/div><\/div><\/div><\/div><\/div><\/div><\/div><\/div><div class=\"vc_row wpb_row vc_row-fluid\"><div class=\"wpb_column vc_column_container vc_col-sm-12\"><div class=\"vc_column-inner\"><div class=\"wpb_wrapper\"><div class=\"vc_empty_space\"   style=\"height: 100px\"><span class=\"vc_empty_space_inner\"><\/span><\/div><\/div><\/div><\/div><\/div><div class=\"vc_row wpb_row vc_row-fluid\"><div class=\"wpb_column vc_column_container vc_col-sm-12\"><div class=\"vc_column-inner\"><div class=\"wpb_wrapper\"><div class=\"vc_row wpb_row vc_inner vc_row-fluid\"><div class=\"wpb_column vc_column_container vc_col-sm-3\"><div class=\"vc_column-inner\"><div class=\"wpb_wrapper\">\n\t<div class=\"wpb_text_column wpb_content_element\" >\n\t\t<div class=\"wpb_wrapper\">\n\t\t\t<h1 class=\"p1\" style=\"text-align: left;\"><strong>POR QU\u00c9<\/strong><\/h1>\n<h1 class=\"p1\" style=\"text-align: left;\"><strong>PAREJA<\/strong><\/h1>\n<h1 class=\"p1\" style=\"text-align: left;\"><strong>\u00bfCON NOSOTROS?<\/strong><\/h1>\n\n\t\t<\/div>\n\t<\/div>\n<\/div><\/div><\/div><div class=\"wpb_column vc_column_container vc_col-sm-9\"><div class=\"vc_column-inner\"><div class=\"wpb_wrapper\">\n\t<div class=\"wpb_text_column wpb_content_element  vc_custom_1741027334875\" >\n\t\t<div class=\"wpb_wrapper\">\n\t\t\t<p class=\"p1\"><b><span style=\"color: #0077be;\">Maximice su visibilidad durante todo el a\u00f1o<\/span><\/b><\/p>\n<p class=\"p2\">Aseg\u00farese de que su marca se destaque en la comunidad de Stamford a trav\u00e9s de una exposici\u00f3n constante en eventos clave y en varias plataformas durante todo el a\u00f1o.<span class=\"Apple-converted-space\">\u00a0<\/span><\/p>\n<p class=\"p1\"><b><span style=\"color: #0077be;\">Eleve su marca con asociaciones de confianza<\/span><\/b><\/p>\n<p class=\"p2\">As\u00f3ciese con SPEF, un nombre respetado en el mundo sin fines de lucro, para elevar su identidad corporativa y mejorar la reputaci\u00f3n de la marca.<span class=\"s1\"><span class=\"Apple-converted-space\">\u00a0<\/span><\/span><\/p>\n<p class=\"p1\"><b><span style=\"color: #0077be;\">Demuestre su compromiso con la responsabilidad corporativa<\/span><\/b><\/p>\n<p class=\"p2\">Posicione su empresa como l\u00edder en ciudadan\u00eda corporativa apoyando iniciativas educativas que beneficien tanto a los estudiantes locales como a la comunidad en general.<span class=\"Apple-converted-space\">\u00a0<\/span><\/p>\n<p class=\"p1\"><b><span style=\"color: #0077be;\">Obtenga un retorno de la inversi\u00f3n medible de su patrocinio<\/span><\/b><\/p>\n<p class=\"p2\">Experimente un retorno significativo de su inversi\u00f3n a trav\u00e9s de visibilidad espec\u00edfica, exposici\u00f3n en los medios y participaci\u00f3n de la comunidad que brindan beneficios tangibles y duraderos.<\/p>\n\n\t\t<\/div>\n\t<\/div>\n<\/div><\/div><\/div><\/div><\/div><\/div><\/div><\/div><div class=\"vc_row wpb_row vc_row-fluid\"><div class=\"wpb_column vc_column_container vc_col-sm-12\"><div class=\"vc_column-inner\"><div class=\"wpb_wrapper\"><div class=\"vc_empty_space\"   style=\"height: 32px\"><span class=\"vc_empty_space_inner\"><\/span><\/div><\/div><\/div><\/div><\/div><div class=\"vc_row wpb_row vc_row-fluid\"><div class=\"wpb_column vc_column_container vc_col-sm-12\"><div class=\"vc_column-inner\"><div class=\"wpb_wrapper\"><div class=\"vc_row wpb_row vc_inner vc_row-fluid\"><div class=\"wpb_column vc_column_container vc_col-sm-6\"><div class=\"vc_column-inner\"><div class=\"wpb_wrapper\">\n\t<div class=\"wpb_text_column wpb_content_element\" >\n\t\t<div class=\"wpb_wrapper\">\n\t\t\t<h2 class=\"p1\" style=\"text-align: center;\"><b>\u00bfLISTO PARA ASOCIARSE?<\/b><\/h2>\n\n\t\t<\/div>\n\t<\/div>\n<\/div><\/div><\/div><div class=\"wpb_column vc_column_container vc_col-sm-6\"><div class=\"vc_column-inner\"><div class=\"wpb_wrapper\"><style type=\"text\/css\" data-type=\"the7_shortcodes-inline-css\">#default-btn-1acf5e3557195dff70c388fb72006079.ico-right-side > i {\n  margin-right: 0px;\n  margin-left: 8px;\n}\n#default-btn-1acf5e3557195dff70c388fb72006079 > i {\n  margin-right: 8px;\n}\n<\/style><div class=\"btn-align-center\"><a href=\"https:\/\/spefct.salsalabs.org\/corporate-sponsorship\/index.html?page=register\" class=\"default-btn-shortcode dt-btn dt-btn-l link-hover-off full-width-btn\" target=\"_blank\" id=\"default-btn-1acf5e3557195dff70c388fb72006079\" rel=\"noopener\"><span>CONVI\u00c9RTASE EN SOCIO<\/span><\/a><\/div><\/div><\/div><\/div><\/div><\/div><\/div><\/div><\/div><\/div>","protected":false},"excerpt":{"rendered":"<p>OPORTUNIDADES DE PATROCINIO CORPORATIVO: Gracias por considerar una oportunidad de patrocinio con SPEF para garantizar la visibilidad de su marca durante todo el a\u00f1o en todos nuestros eventos. En el ciclo escolar 2024-25, SPEF se enorgullece de colaborar con m\u00e1s de 30 empresas comprometidas con la mejora de la educaci\u00f3n en la comunidad de Stamford. Los Premios a la Excelencia en la Educaci\u00f3n reconocen a quienes apoyan de manera destacada el sector p\u00fablico\u2026<\/p>","protected":false},"author":50,"featured_media":0,"parent":0,"menu_order":0,"comment_status":"closed","ping_status":"closed","template":"","meta":{"om_disable_all_campaigns":false,"_monsterinsights_skip_tracking":false,"_monsterinsights_sitenote_active":false,"_monsterinsights_sitenote_note":"","_monsterinsights_sitenote_category":0,"footnotes":""},"class_list":["post-12580","page","type-page","status-publish","hentry","description-off"],"aioseo_notices":[],"_links":{"self":[{"href":"https:\/\/spefct.org\/es\/wp-json\/wp\/v2\/pages\/12580","targetHints":{"allow":["GET"]}}],"collection":[{"href":"https:\/\/spefct.org\/es\/wp-json\/wp\/v2\/pages"}],"about":[{"href":"https:\/\/spefct.org\/es\/wp-json\/wp\/v2\/types\/page"}],"author":[{"embeddable":true,"href":"https:\/\/spefct.org\/es\/wp-json\/wp\/v2\/users\/50"}],"replies":[{"embeddable":true,"href":"https:\/\/spefct.org\/es\/wp-json\/wp\/v2\/comments?post=12580"}],"version-history":[{"count":60,"href":"https:\/\/spefct.org\/es\/wp-json\/wp\/v2\/pages\/12580\/revisions"}],"predecessor-version":[{"id":12888,"href":"https:\/\/spefct.org\/es\/wp-json\/wp\/v2\/pages\/12580\/revisions\/12888"}],"wp:attachment":[{"href":"https:\/\/spefct.org\/es\/wp-json\/wp\/v2\/media?parent=12580"}],"curies":[{"name":"gracias","href":"https:\/\/api.w.org\/{rel}","templated":true}]}}