{"id":12527,"date":"2024-11-12T10:35:19","date_gmt":"2024-11-12T15:35:19","guid":{"rendered":"https:\/\/spefct.org\/?page_id=12527"},"modified":"2024-11-12T10:35:19","modified_gmt":"2024-11-12T15:35:19","slug":"alfredo-enriquez-jr","status":"publish","type":"page","link":"https:\/\/spefct.org\/es\/alfredo-enriquez-jr\/","title":{"rendered":"Alfredo Enr\u00edquez"},"content":{"rendered":"<div class=\"wpb-content-wrapper\"><div class=\"vc_row wpb_row vc_row-fluid\"><div class=\"wpb_column vc_column_container vc_col-sm-12\"><div class=\"vc_column-inner\"><div class=\"wpb_wrapper\"><div class=\"vc_row wpb_row vc_inner vc_row-fluid\"><div class=\"wpb_column vc_column_container vc_col-sm-3\"><div class=\"vc_column-inner\"><div class=\"wpb_wrapper\">\n\t<div  class=\"wpb_single_image wpb_content_element vc_align_left\">\n\t\t\n\t\t<figure class=\"wpb_wrapper vc_figure\">\n\t\t\t<div class=\"vc_single_image-wrapper   vc_box_border_grey\"><img loading=\"lazy\" decoding=\"async\" width=\"300\" height=\"300\" src=\"https:\/\/spefct.org\/wp-content\/uploads\/2023\/10\/Alfredo-Enriquez-300x300.jpg\" class=\"vc_single_image-img attachment-medium\" alt=\"\" title=\"Alfredo Enr\u00edquez\" srcset=\"https:\/\/spefct.org\/wp-content\/uploads\/2023\/10\/Alfredo-Enriquez-300x300.jpg 300w, https:\/\/spefct.org\/wp-content\/uploads\/2023\/10\/Alfredo-Enriquez-1024x1024.jpg 1024w, https:\/\/spefct.org\/wp-content\/uploads\/2023\/10\/Alfredo-Enriquez-150x150.jpg 150w, https:\/\/spefct.org\/wp-content\/uploads\/2023\/10\/Alfredo-Enriquez-768x768.jpg 768w, https:\/\/spefct.org\/wp-content\/uploads\/2023\/10\/Alfredo-Enriquez-1536x1536.jpg 1536w, https:\/\/spefct.org\/wp-content\/uploads\/2023\/10\/Alfredo-Enriquez-2048x2048.jpg 2048w, https:\/\/spefct.org\/wp-content\/uploads\/2023\/10\/Alfredo-Enriquez-12x12.jpg 12w\" sizes=\"auto, (max-width: 300px) 100vw, 300px\"  data-dt-location=\"https:\/\/spefct.org\/es\/alfredo-enriquez\/\" \/><\/div>\n\t\t<\/figure>\n\t<\/div>\n<\/div><\/div><\/div><div class=\"wpb_column vc_column_container vc_col-sm-9\"><div class=\"vc_column-inner\"><div class=\"wpb_wrapper\">\n\t<div class=\"wpb_text_column wpb_content_element\" >\n\t\t<div class=\"wpb_wrapper\">\n\t\t\t<h3><strong>Alfredo Enriquez, Gerente de Programa<\/strong><\/h3>\n<p>Alfredo Enriquez Jr. es el gerente de programas de SPEF, donde supervisa las operaciones del Programa de tutor\u00eda de Stamford de SPEF y tambi\u00e9n implementa el componente de participaci\u00f3n de los padres del Programa Summer Start. Con m\u00e1s de 8 a\u00f1os de experiencia en educaci\u00f3n y trabajo sin fines de lucro, Alfredo tiene un historial comprobado de defensa y trabajo con comunidades desfavorecidas.<\/p>\n<p>Antes de unirse a SPEF como tutor de matem\u00e1ticas, Alfredo trabaj\u00f3 en el Bronx y en Norwalk para cerrar la brecha entre la comunidad de necesidades especiales y los recursos disponibles para ellos. Tiene una licenciatura en comunicaci\u00f3n y una maestr\u00eda en bellas artes de la Universidad de Fairfield.<\/p>\n<p>Adem\u00e1s de su trabajo profesional, a Alfredo le apasiona la escritura creativa. Cuando no est\u00e1 trabajando, le gusta jugar a la ficci\u00f3n con su hija, ver a los Mets de Nueva York y pedirle a su esposa que lea otro borrador de un gui\u00f3n.<\/p>\n\n\t\t<\/div>\n\t<\/div>\n<\/div><\/div><\/div><\/div><\/div><\/div><\/div><\/div><\/div>","protected":false},"excerpt":{"rendered":"<p>Alfredo Enriquez, Gerente de Programa. Alfredo Enriquez Jr. es el Gerente de Programa en SPEF, donde supervisa las operaciones del Programa de Mentor\u00eda de Stamford de SPEF, as\u00ed como la implementaci\u00f3n del componente de Participaci\u00f3n de Padres del Programa Summer Start. Con m\u00e1s de 8 a\u00f1os de experiencia en educaci\u00f3n y trabajo sin fines de lucro, Alfredo cuenta con una trayectoria comprobada en defensa de...<\/p>","protected":false},"author":50,"featured_media":0,"parent":0,"menu_order":0,"comment_status":"closed","ping_status":"closed","template":"","meta":{"om_disable_all_campaigns":false,"_monsterinsights_skip_tracking":false,"_monsterinsights_sitenote_active":false,"_monsterinsights_sitenote_note":"","_monsterinsights_sitenote_category":0,"footnotes":""},"class_list":["post-12527","page","type-page","status-publish","hentry","description-off"],"aioseo_notices":[],"_links":{"self":[{"href":"https:\/\/spefct.org\/es\/wp-json\/wp\/v2\/pages\/12527","targetHints":{"allow":["GET"]}}],"collection":[{"href":"https:\/\/spefct.org\/es\/wp-json\/wp\/v2\/pages"}],"about":[{"href":"https:\/\/spefct.org\/es\/wp-json\/wp\/v2\/types\/page"}],"author":[{"embeddable":true,"href":"https:\/\/spefct.org\/es\/wp-json\/wp\/v2\/users\/50"}],"replies":[{"embeddable":true,"href":"https:\/\/spefct.org\/es\/wp-json\/wp\/v2\/comments?post=12527"}],"version-history":[{"count":2,"href":"https:\/\/spefct.org\/es\/wp-json\/wp\/v2\/pages\/12527\/revisions"}],"predecessor-version":[{"id":12529,"href":"https:\/\/spefct.org\/es\/wp-json\/wp\/v2\/pages\/12527\/revisions\/12529"}],"wp:attachment":[{"href":"https:\/\/spefct.org\/es\/wp-json\/wp\/v2\/media?parent=12527"}],"curies":[{"name":"gracias","href":"https:\/\/api.w.org\/{rel}","templated":true}]}}