{"id":12423,"date":"2022-01-20T12:16:25","date_gmt":"2022-01-20T17:16:25","guid":{"rendered":"https:\/\/spefct.org\/?page_id=12423"},"modified":"2024-09-24T16:05:20","modified_gmt":"2024-09-24T20:05:20","slug":"gabriel-wc-otis","status":"publish","type":"page","link":"https:\/\/spefct.org\/es\/gabriel-wc-otis\/","title":{"rendered":"Gabriel WC Otis"},"content":{"rendered":"<div class=\"wpb-content-wrapper\"><div class=\"vc_row wpb_row vc_row-fluid\"><div class=\"wpb_column vc_column_container vc_col-sm-3\"><div class=\"vc_column-inner\"><div class=\"wpb_wrapper\">\n\t<div  class=\"wpb_single_image wpb_content_element vc_align_center\">\n\t\t\n\t\t<figure class=\"wpb_wrapper vc_figure\">\n\t\t\t<div class=\"vc_single_image-wrapper   vc_box_border_grey\"><img loading=\"lazy\" decoding=\"async\" width=\"300\" height=\"300\" src=\"https:\/\/spefct.org\/wp-content\/uploads\/2024\/09\/Gabriel-300x300.jpg\" class=\"vc_single_image-img attachment-medium\" alt=\"\" title=\"Gabriel\" srcset=\"https:\/\/spefct.org\/wp-content\/uploads\/2024\/09\/Gabriel-300x300.jpg 300w, https:\/\/spefct.org\/wp-content\/uploads\/2024\/09\/Gabriel-1024x1024.jpg 1024w, https:\/\/spefct.org\/wp-content\/uploads\/2024\/09\/Gabriel-150x150.jpg 150w, https:\/\/spefct.org\/wp-content\/uploads\/2024\/09\/Gabriel-768x768.jpg 768w, https:\/\/spefct.org\/wp-content\/uploads\/2024\/09\/Gabriel-1536x1536.jpg 1536w, https:\/\/spefct.org\/wp-content\/uploads\/2024\/09\/Gabriel-2048x2048.jpg 2048w, https:\/\/spefct.org\/wp-content\/uploads\/2024\/09\/Gabriel-12x12.jpg 12w\" sizes=\"auto, (max-width: 300px) 100vw, 300px\"  data-dt-location=\"https:\/\/spefct.org\/es\/gabriel-wc-otis\/gabriel\/\" \/><\/div>\n\t\t<\/figure>\n\t<\/div>\n<\/div><\/div><\/div><div class=\"wpb_column vc_column_container vc_col-sm-9\"><div class=\"vc_column-inner\"><div class=\"wpb_wrapper\">\n\t<div class=\"wpb_text_column wpb_content_element\" >\n\t\t<div class=\"wpb_wrapper\">\n\t\t\t<h3><strong>Gabriel WC Otis, Director de Desarrollo y Relaciones Externas <\/strong><\/h3>\n<p>Gabriel Otis se desempe\u00f1a como Director de Desarrollo y Relaciones Externas en la Fundaci\u00f3n de Educaci\u00f3n P\u00fablica de Stamford (SPEF). Gabriel se uni\u00f3 a la SPEF despu\u00e9s de trabajar como consultor s\u00e9nior, donde asesor\u00f3 al gobierno federal sobre la participaci\u00f3n de las partes interesadas y estrategias m\u00e1s amplias de asociaciones p\u00fablico-privadas.<\/p>\n<p>Antes de trabajar en SPEF, Gabriel ocup\u00f3 cargos en el Instituto de Seguridad Nacional, una organizaci\u00f3n sin fines de lucro en Washington, DC, y en el gobierno de Nueva Zelanda en Wellington, Nueva Zelanda. Como oficial de escritorio en el Ministerio de Defensa de Nueva Zelanda, se centr\u00f3 en asuntos europeos, sudamericanos y canadienses. En este puesto, Gabriel se destac\u00f3 por construir relaciones s\u00f3lidas, interactuar con diversas partes interesadas y colaborar en iniciativas estrat\u00e9gicas. Tambi\u00e9n trabaj\u00f3 en el Departamento de Asuntos Internos de Nueva Zelanda.<\/p>\n<p>La experiencia de Gabriel en pol\u00edtica interna de Estados Unidos comenz\u00f3 como analista legislativo en la C\u00e1mara de Representantes de Haw\u00e1i, donde se concentr\u00f3 en servicios humanos, atenci\u00f3n m\u00e9dica y atenci\u00f3n a las personas sin hogar. Su carrera comenz\u00f3 como pasante de Asuntos Pol\u00edticos y Econ\u00f3micos en la Embajada de Estados Unidos en Wellington, Nueva Zelanda.<\/p>\n<p>Originario de Oceanside, California, Gabriel pas\u00f3 gran parte de su infancia en Napier, Nueva Zelanda y es un orgulloso producto de la educaci\u00f3n p\u00fablica. Obtuvo una licenciatura en Relaciones Internacionales y Ciencias Pol\u00edticas de la Universidad Victoria de Wellington y actualmente cursa una maestr\u00eda en la Escuela Elliott de Asuntos Internacionales de la Universidad George Washington.<\/p>\n\n\t\t<\/div>\n\t<\/div>\n<\/div><\/div><\/div><\/div><\/div>","protected":false},"excerpt":{"rendered":"<p>Gabriel WC Otis, Director de Desarrollo y Relaciones Externas Gabriel Otis se desempe\u00f1a como Director de Desarrollo y Relaciones Externas en la Fundaci\u00f3n de Educaci\u00f3n P\u00fablica de Stamford (SPEF). Gabriel se uni\u00f3 a SPEF despu\u00e9s de trabajar como consultor s\u00e9nior, donde asesor\u00f3 al gobierno federal sobre la participaci\u00f3n de las partes interesadas y estrategias m\u00e1s amplias de asociaciones p\u00fablico-privadas. Antes de SPEF, Gabriel ocup\u00f3 cargos en la Fundaci\u00f3n Nacional de Educaci\u00f3n (SPEF)\u2026<\/p>","protected":false},"author":50,"featured_media":0,"parent":0,"menu_order":0,"comment_status":"closed","ping_status":"closed","template":"","meta":{"om_disable_all_campaigns":false,"_monsterinsights_skip_tracking":false,"_monsterinsights_sitenote_active":false,"_monsterinsights_sitenote_note":"","_monsterinsights_sitenote_category":0,"footnotes":""},"class_list":["post-12423","page","type-page","status-publish","hentry","description-off"],"aioseo_notices":[],"_links":{"self":[{"href":"https:\/\/spefct.org\/es\/wp-json\/wp\/v2\/pages\/12423","targetHints":{"allow":["GET"]}}],"collection":[{"href":"https:\/\/spefct.org\/es\/wp-json\/wp\/v2\/pages"}],"about":[{"href":"https:\/\/spefct.org\/es\/wp-json\/wp\/v2\/types\/page"}],"author":[{"embeddable":true,"href":"https:\/\/spefct.org\/es\/wp-json\/wp\/v2\/users\/50"}],"replies":[{"embeddable":true,"href":"https:\/\/spefct.org\/es\/wp-json\/wp\/v2\/comments?post=12423"}],"version-history":[{"count":1,"href":"https:\/\/spefct.org\/es\/wp-json\/wp\/v2\/pages\/12423\/revisions"}],"predecessor-version":[{"id":12425,"href":"https:\/\/spefct.org\/es\/wp-json\/wp\/v2\/pages\/12423\/revisions\/12425"}],"wp:attachment":[{"href":"https:\/\/spefct.org\/es\/wp-json\/wp\/v2\/media?parent=12423"}],"curies":[{"name":"gracias","href":"https:\/\/api.w.org\/{rel}","templated":true}]}}