{"id":12310,"date":"2024-06-28T12:36:56","date_gmt":"2024-06-28T16:36:56","guid":{"rendered":"https:\/\/spefct.org\/?page_id=12310"},"modified":"2026-03-05T12:36:28","modified_gmt":"2026-03-05T17:36:28","slug":"wh-class-of-74","status":"publish","type":"page","link":"https:\/\/spefct.org\/es\/scholarships\/wh-class-of-74\/","title":{"rendered":"Fondo de becas WHS 1974"},"content":{"rendered":"<div class=\"wpb-content-wrapper\"><div class=\"vc_row wpb_row vc_row-fluid\"><div class=\"wpb_column vc_column_container vc_col-sm-12\"><div class=\"vc_column-inner\"><div class=\"wpb_wrapper\"><div class=\"vc_row wpb_row vc_inner vc_row-fluid\"><div class=\"wpb_column vc_column_container vc_col-sm-12\"><div class=\"vc_column-inner\"><div class=\"wpb_wrapper\">\n\t<div class=\"wpb_text_column wpb_content_element\" >\n\t\t<div class=\"wpb_wrapper\">\n\t\t\t<p><img loading=\"lazy\" decoding=\"async\" class=\"wp-image-12313 aligncenter\" src=\"https:\/\/spefct.org\/wp-content\/uploads\/2024\/06\/thumbnail_WHS-Scholarship.png\" alt=\"\" width=\"505\" height=\"163\" srcset=\"https:\/\/spefct.org\/wp-content\/uploads\/2024\/06\/thumbnail_WHS-Scholarship.png 1920w, https:\/\/spefct.org\/wp-content\/uploads\/2024\/06\/thumbnail_WHS-Scholarship-300x97.png 300w, https:\/\/spefct.org\/wp-content\/uploads\/2024\/06\/thumbnail_WHS-Scholarship-1024x331.png 1024w, https:\/\/spefct.org\/wp-content\/uploads\/2024\/06\/thumbnail_WHS-Scholarship-768x248.png 768w, https:\/\/spefct.org\/wp-content\/uploads\/2024\/06\/thumbnail_WHS-Scholarship-1536x497.png 1536w, https:\/\/spefct.org\/wp-content\/uploads\/2024\/06\/thumbnail_WHS-Scholarship-18x6.png 18w\" sizes=\"auto, (max-width: 505px) 100vw, 505px\" \/><\/p>\n\n\t\t<\/div>\n\t<\/div>\n<\/div><\/div><\/div><\/div>\n\t<div class=\"wpb_text_column wpb_content_element\" >\n\t\t<div class=\"wpb_wrapper\">\n\t\t\t<p>The WHS Class of \u201974 has been raising funds every reunion year and issuing need-based scholarships to Westhill HS graduating seniors. Since our 10th reunion, we have awarded more than $23,000 in scholarships.<\/p>\n<p>Una vez que los estudiantes cumplen con ciertos criterios, se realiza la selecci\u00f3n. El dinero se entrega directamente al ganador de la beca a fines de agosto para ayudarlo a compensar los costos adicionales de continuar su educaci\u00f3n en una universidad, una escuela vocacional o un colegio comunitario. A lo largo de los a\u00f1os, los fondos se han utilizado para ayudar a los estudiantes a pagar libros, computadoras, art\u00edculos para los dormitorios, transporte y otras necesidades.<\/p>\n<p>Hemos descubierto que esto tiene un gran impacto para los estudiantes.<\/p>\n<p>Este a\u00f1o, nos complace anunciar que ahora estamos bajo el paraguas de la Fundaci\u00f3n de Educaci\u00f3n P\u00fablica de Stamford (SPEF), una 501c3, por lo que sus donaciones son deducibles de impuestos.<\/p>\n<p>Esperamos seguir apoyando a los estudiantes en su b\u00fasqueda de una educaci\u00f3n continua. Esperamos poder otorgar becas todos los a\u00f1os en los pr\u00f3ximos a\u00f1os.<\/p>\n<p>\u00a1Por favor sea generoso en su apoyo!<\/p>\n<p>&nbsp;<\/p>\n<p>\u00a1Muchas gracias!<\/p>\n<p>El comit\u00e9 de becas de la clase &#039;74 de WHS<\/p>\n\n\t\t<\/div>\n\t<\/div>\n<a href=\"https:\/\/spefct.salsalabs.org\/whs74\/index.html\" class=\"btn-shortcode dt-btn-l dt-btn default-btn-color default-btn-hover-color default-btn-bg-color default-btn-bg-hover-color mainbutton\" target=\"_blank\" id=\"dt-btn-1\" rel=\"noopener\"><span>HAGA UNA DONACI\u00d3N<\/span><\/a><\/div><\/div><\/div><\/div><div class=\"vc_row wpb_row vc_row-fluid\"><div class=\"wpb_column vc_column_container vc_col-sm-12\"><div class=\"vc_column-inner\"><div class=\"wpb_wrapper\"><a href=\"https:\/\/www.cognitoforms.com\/spef1\/whs1974scholarshipapplication\" class=\"btn-shortcode dt-btn-l dt-btn default-btn-color default-btn-hover-color default-btn-bg-color default-btn-bg-hover-color mainbutton\" target=\"_blank\" id=\"dt-btn-2\" rel=\"noopener\"><span>SOLICITE LA BECA<\/span><\/a><\/div><\/div><\/div><\/div><\/div>","protected":false},"excerpt":{"rendered":"<p>The WHS Class of \u201974 has been raising funds every reunion year and issuing need-based scholarships to Westhill HS graduating seniors. Since our 10th reunion, we have awarded more than $23,000 in scholarships. Once students meet certain criteria, the selection(s) are made. Money goes directly to the scholarship winner(s) at the end of August to&hellip;<\/p>","protected":false},"author":50,"featured_media":0,"parent":169,"menu_order":0,"comment_status":"closed","ping_status":"closed","template":"","meta":{"om_disable_all_campaigns":false,"_monsterinsights_skip_tracking":false,"_monsterinsights_sitenote_active":false,"_monsterinsights_sitenote_note":"","_monsterinsights_sitenote_category":0,"footnotes":""},"class_list":["post-12310","page","type-page","status-publish","hentry","description-off"],"aioseo_notices":[],"_links":{"self":[{"href":"https:\/\/spefct.org\/es\/wp-json\/wp\/v2\/pages\/12310","targetHints":{"allow":["GET"]}}],"collection":[{"href":"https:\/\/spefct.org\/es\/wp-json\/wp\/v2\/pages"}],"about":[{"href":"https:\/\/spefct.org\/es\/wp-json\/wp\/v2\/types\/page"}],"author":[{"embeddable":true,"href":"https:\/\/spefct.org\/es\/wp-json\/wp\/v2\/users\/50"}],"replies":[{"embeddable":true,"href":"https:\/\/spefct.org\/es\/wp-json\/wp\/v2\/comments?post=12310"}],"version-history":[{"count":19,"href":"https:\/\/spefct.org\/es\/wp-json\/wp\/v2\/pages\/12310\/revisions"}],"predecessor-version":[{"id":12949,"href":"https:\/\/spefct.org\/es\/wp-json\/wp\/v2\/pages\/12310\/revisions\/12949"}],"up":[{"embeddable":true,"href":"https:\/\/spefct.org\/es\/wp-json\/wp\/v2\/pages\/169"}],"wp:attachment":[{"href":"https:\/\/spefct.org\/es\/wp-json\/wp\/v2\/media?parent=12310"}],"curies":[{"name":"gracias","href":"https:\/\/api.w.org\/{rel}","templated":true}]}}