{"id":12304,"date":"2022-01-20T12:16:25","date_gmt":"2022-01-20T17:16:25","guid":{"rendered":"https:\/\/spefct.org\/?page_id=12304"},"modified":"2024-06-27T14:28:47","modified_gmt":"2024-06-27T18:28:47","slug":"haley-argueta","status":"publish","type":"page","link":"https:\/\/spefct.org\/es\/haley-argueta\/","title":{"rendered":"Haley Argueta"},"content":{"rendered":"<div class=\"wpb-content-wrapper\"><div class=\"vc_row wpb_row vc_row-fluid\"><div class=\"wpb_column vc_column_container vc_col-sm-3\"><div class=\"vc_column-inner\"><div class=\"wpb_wrapper\">\n\t<div  class=\"wpb_single_image wpb_content_element vc_align_center\">\n\t\t\n\t\t<figure class=\"wpb_wrapper vc_figure\">\n\t\t\t<div class=\"vc_single_image-wrapper   vc_box_border_grey\"><img loading=\"lazy\" decoding=\"async\" width=\"300\" height=\"300\" src=\"https:\/\/spefct.org\/wp-content\/uploads\/2015\/08\/Haley-1x1-8530-300x300.jpg\" class=\"vc_single_image-img attachment-medium\" alt=\"\" title=\"Haley 1x1 8530\" srcset=\"https:\/\/spefct.org\/wp-content\/uploads\/2015\/08\/Haley-1x1-8530-300x300.jpg 300w, https:\/\/spefct.org\/wp-content\/uploads\/2015\/08\/Haley-1x1-8530-1024x1024.jpg 1024w, https:\/\/spefct.org\/wp-content\/uploads\/2015\/08\/Haley-1x1-8530-150x150.jpg 150w, https:\/\/spefct.org\/wp-content\/uploads\/2015\/08\/Haley-1x1-8530-768x768.jpg 768w, https:\/\/spefct.org\/wp-content\/uploads\/2015\/08\/Haley-1x1-8530-250x250.jpg 250w, https:\/\/spefct.org\/wp-content\/uploads\/2015\/08\/Haley-1x1-8530-1536x1536.jpg 1536w, https:\/\/spefct.org\/wp-content\/uploads\/2015\/08\/Haley-1x1-8530-2048x2048.jpg 2048w, https:\/\/spefct.org\/wp-content\/uploads\/2015\/08\/Haley-1x1-8530-12x12.jpg 12w\" sizes=\"auto, (max-width: 300px) 100vw, 300px\"  data-dt-location=\"https:\/\/spefct.org\/es\/dt_team\/haley-argueta\/haley-1x1-8530\/\" \/><\/div>\n\t\t<\/figure>\n\t<\/div>\n<\/div><\/div><\/div><div class=\"wpb_column vc_column_container vc_col-sm-9\"><div class=\"vc_column-inner\"><div class=\"wpb_wrapper\">\n\t<div class=\"wpb_text_column wpb_content_element\" >\n\t\t<div class=\"wpb_wrapper\">\n\t\t\t<h3><strong>Haley Argueta, directora de programaci\u00f3n<\/strong><\/h3>\n<p>Haley es una graduada universitaria de primera generaci\u00f3n y nativa de Stamford. Recibi\u00f3 una Licenciatura en Desarrollo Humano y Estudios de la Familia con especializaci\u00f3n en Estudios de la Mujer, G\u00e9nero y Sexualidad de la Universidad de Connecticut en 2017.<\/p>\n<p>Como nativa de Stamford, est\u00e1 comprometida con retribuir a su comunidad y servir a los estudiantes de las Escuelas P\u00fablicas de Stamford. Como ex estudiante de las Escuelas P\u00fablicas de Stamford, comprende los desaf\u00edos que pueden surgir al intentar navegar por el sistema escolar y hacer planes de educaci\u00f3n postsecundaria.<\/p>\n<p>Haley ha trabajado para SPEF durante siete a\u00f1os desempe\u00f1ando una variedad de funciones que la hacen especialmente calificada para este puesto. Se uni\u00f3 a SPEF en 2017 como Coordinadora de Programas, implementando y<\/p>\n<p>gestionar los programas de mentor\u00eda de la organizaci\u00f3n. Se desempe\u00f1\u00f3 como voluntaria, coordinadora de programas y gerente durante varios a\u00f1os antes de ser ascendida a directora de programaci\u00f3n.<\/p>\n<p>Ahora supervisa las iniciativas de preparaci\u00f3n para el jard\u00edn de infantes, preparaci\u00f3n universitaria y profesional y participaci\u00f3n familiar de la organizaci\u00f3n, entre otras responsabilidades de liderazgo que incluyen la supervisi\u00f3n del programa de tutores. Su compromiso con la participaci\u00f3n de los estudiantes y las familias la convierte en una parte integral del equipo, especialmente cuando involucra a los estudiantes en la importancia de su educaci\u00f3n.<\/p>\n\n\t\t<\/div>\n\t<\/div>\n<\/div><\/div><\/div><\/div><\/div>","protected":false},"excerpt":{"rendered":"<p>Haley Argueta, directora de programaci\u00f3n Haley es una graduada universitaria de primera generaci\u00f3n y oriunda de Stamford. Obtuvo una licenciatura en Desarrollo Humano y Estudios Familiares con una especializaci\u00f3n en Estudios de la Mujer, G\u00e9nero y Sexualidad de la Universidad de Connecticut en 2017. Como oriunda de Stamford, est\u00e1 comprometida con retribuir a\u2026<\/p>","protected":false},"author":50,"featured_media":0,"parent":0,"menu_order":0,"comment_status":"closed","ping_status":"closed","template":"","meta":{"om_disable_all_campaigns":false,"_monsterinsights_skip_tracking":false,"_monsterinsights_sitenote_active":false,"_monsterinsights_sitenote_note":"","_monsterinsights_sitenote_category":0,"footnotes":""},"class_list":["post-12304","page","type-page","status-publish","hentry","description-off"],"aioseo_notices":[],"_links":{"self":[{"href":"https:\/\/spefct.org\/es\/wp-json\/wp\/v2\/pages\/12304","targetHints":{"allow":["GET"]}}],"collection":[{"href":"https:\/\/spefct.org\/es\/wp-json\/wp\/v2\/pages"}],"about":[{"href":"https:\/\/spefct.org\/es\/wp-json\/wp\/v2\/types\/page"}],"author":[{"embeddable":true,"href":"https:\/\/spefct.org\/es\/wp-json\/wp\/v2\/users\/50"}],"replies":[{"embeddable":true,"href":"https:\/\/spefct.org\/es\/wp-json\/wp\/v2\/comments?post=12304"}],"version-history":[{"count":2,"href":"https:\/\/spefct.org\/es\/wp-json\/wp\/v2\/pages\/12304\/revisions"}],"predecessor-version":[{"id":12306,"href":"https:\/\/spefct.org\/es\/wp-json\/wp\/v2\/pages\/12304\/revisions\/12306"}],"wp:attachment":[{"href":"https:\/\/spefct.org\/es\/wp-json\/wp\/v2\/media?parent=12304"}],"curies":[{"name":"gracias","href":"https:\/\/api.w.org\/{rel}","templated":true}]}}