{"id":12100,"date":"2018-11-23T02:50:28","date_gmt":"2018-11-23T07:50:28","guid":{"rendered":"https:\/\/spefct.org\/?page_id=12100"},"modified":"2025-06-11T14:34:58","modified_gmt":"2025-06-11T18:34:58","slug":"tee-off-for-education","status":"publish","type":"page","link":"https:\/\/spefct.org\/es\/tee-off-for-education\/","title":{"rendered":"TEE OFF FOR EDUCATION"},"content":{"rendered":"<div class=\"wpb-content-wrapper\"><div class=\"vc_row wpb_row vc_row-fluid\"><div class=\"wpb_column vc_column_container vc_col-sm-12\"><div class=\"vc_column-inner\"><div class=\"wpb_wrapper\"><div class=\"vc_row wpb_row vc_inner vc_row-fluid\"><div class=\"wpb_column vc_column_container vc_col-sm-2\"><div class=\"vc_column-inner\"><div class=\"wpb_wrapper\"><\/div><\/div><\/div><div class=\"wpb_column vc_column_container vc_col-sm-8\"><div class=\"vc_column-inner\"><div class=\"wpb_wrapper\">\n\t<div class=\"wpb_raw_code wpb_raw_html wpb_content_element\" >\n\t\t<div class=\"wpb_wrapper\">\n\t\t\t<!-- Google tag (gtag.js) -->\r\n<script async src=\"https:\/\/www.googletagmanager.com\/gtag\/js?id=AW-969747961\"><\/script>\r\n<script>\r\n  window.dataLayer = window.dataLayer || [];\r\n  function gtag(){dataLayer.push(arguments);}\r\n  gtag('js', new Date());\r\n\r\n  gtag('config', 'AW-969747961');\r\n<\/script>\r\n\n\t\t<\/div>\n\t<\/div>\n\n\t<div class=\"wpb_text_column wpb_content_element\" >\n\t\t<div class=\"wpb_wrapper\">\n\t\t\t<h1 style=\"text-align: center;\"><span style=\"color: #4db748;\">Tee Off para la educaci\u00f3n<\/span><\/h1>\n<h3 style=\"text-align: center;\"><strong><span style=\"color: #4db748;\">El tercer torneo anual de golf en beneficio de la<br \/>\nFundaci\u00f3n de Educaci\u00f3n P\u00fablica de Stamford.<\/span><\/strong><\/h3>\n<p style=\"text-align: center;\"><strong>Jueves 10 de julio ~ 7:00 a. m. EDT a 2:00 p. m. EDT<\/strong><br \/>\n<strong><b>Campo de golf Sterling Farms | Avenida Newfield 1349 | Stamford, CT 06905 |<\/b><\/strong><\/p>\n\n\t\t<\/div>\n\t<\/div>\n<\/div><\/div><\/div><div class=\"wpb_column vc_column_container vc_col-sm-2\"><div class=\"vc_column-inner\"><div class=\"wpb_wrapper\"><\/div><\/div><\/div><\/div><div class=\"vc_row wpb_row vc_inner vc_row-fluid vc_custom_1683647999536 vc_row-o-equal-height vc_row-flex\"><div class=\"wpb_column vc_column_container vc_col-sm-12 vc_hidden-lg vc_hidden-md vc_hidden-sm vc_hidden-xs\"><div class=\"vc_column-inner\"><div class=\"wpb_wrapper\">\n\t<div class=\"wpb_raw_code wpb_raw_html wpb_content_element\" >\n\t\t<div class=\"wpb_wrapper\">\n\t\t\t<div class=\"mainbuttonTEE\">\n\n<a class=\"buttonTEE vc_general vc_btn3 vc_btn3-size-md vc_btn3-shape-rounded vc_btn3-style-modern vc_btn3-color-success\" href=\"https:\/\/app.charityauctionstoday.com\/auctions\/tee-off-for-education-2024-41971\" title=\"\" target=\"#\">SUBASTA EN VIVO<\/a>\n\n<\/div>\n\t\t<\/div>\n\t<\/div>\n<\/div><\/div><\/div><\/div><div class=\"vc_row wpb_row vc_inner vc_row-fluid vc_custom_1683647999536 vc_row-o-equal-height vc_row-flex\"><div class=\"wpb_column vc_column_container vc_col-sm-12 vc_hidden-lg vc_hidden-md vc_hidden-sm vc_hidden-xs\"><div class=\"vc_column-inner\"><div class=\"wpb_wrapper\">\n\t<div class=\"wpb_raw_code wpb_raw_html wpb_content_element\" >\n\t\t<div class=\"wpb_wrapper\">\n\t\t\t<div class=\"mainbuttonTEE\">\n\n<a class=\"buttonTEE vc_general vc_btn3 vc_btn3-size-md vc_btn3-shape-rounded vc_btn3-style-modern vc_btn3-color-success\" href=\" https:\/\/spefct.salsalabs.org\/TeeOffforEducation2023?page=register\" title=\"\" target=\"_blank\">Patrocinios<\/a>\n\n<\/div>\n\t\t<\/div>\n\t<\/div>\n\n\t<div class=\"wpb_raw_code wpb_raw_html wpb_content_element\" >\n\t\t<div class=\"wpb_wrapper\">\n\t\t\t<div class=\"mainbuttonTEE\">\n\n<a class=\"buttonTEE vc_general vc_btn3 vc_btn3-size-md vc_btn3-shape-rounded vc_btn3-style-modern vc_btn3-color-success\" href=\" https:\/\/spefct.salsalabs.org\/TeeOffforEducation2023?page=register\" title=\"\" target=\"_blank\">Reg\u00edstrese en Golf<\/a>\n\n<\/div>\n\t\t<\/div>\n\t<\/div>\n\n\t<div class=\"wpb_raw_code wpb_raw_html wpb_content_element\" >\n\t\t<div class=\"wpb_wrapper\">\n\t\t\t<div class=\"mainbuttonTEE\">\n\n<a class=\"buttonTEE vc_general vc_btn3 vc_btn3-size-md vc_btn3-shape-rounded vc_btn3-style-modern vc_btn3-color-success\" href=\"https:\/\/spefct.salsalabs.org\/TeeOffForEducationNonTicketSales\/index.html\" title=\"\" target=\"#\">Boleto de Recepci\u00f3n<\/a>\n\n<\/div>\n\t\t<\/div>\n\t<\/div>\n<\/div><\/div><\/div><\/div><div class=\"vc_row wpb_row vc_inner vc_row-fluid\"><div class=\"wpb_column vc_column_container vc_col-sm-12 vc_hidden-xs\"><div class=\"vc_column-inner\"><div class=\"wpb_wrapper\">\n\t<div class=\"wpb_raw_code wpb_raw_html wpb_content_element\" >\n\t\t<div class=\"wpb_wrapper\">\n\t\t\t<hr style=\"height:5px;border-width:0;color:#007cba;background-color:#4db748\">\n\t\t<\/div>\n\t<\/div>\n<\/div><\/div><\/div><\/div><\/div><\/div><\/div><\/div><div class=\"vc_row wpb_row vc_row-fluid\"><div class=\"wpb_column vc_column_container vc_col-sm-12\"><div class=\"vc_column-inner\"><div class=\"wpb_wrapper\">\n\t<div class=\"wpb_text_column wpb_content_element\" >\n\t\t<div class=\"wpb_wrapper\">\n\t\t\t<h3 class=\"x_MsoNormal\"><strong><span style=\"color: #4db748;\">\u00a1ENTRA EN ACCI\u00d3N CON SPEF!<\/span><\/strong><\/h3>\n<p>Apunta el jueves 10 de julio y \u00fanete a SPEF en Sterling Farms para una ma\u00f1ana inolvidable de diversi\u00f3n. Empieza el d\u00eda con un delicioso desayuno, participa en nuestro emocionante torneo de scramble y qu\u00e9date despu\u00e9s para el almuerzo y una animada recepci\u00f3n de premios.<\/p>\n<p>Todos los fondos recibidos nos ayudan a continuar el trabajo que hacemos para apoyar a los estudiantes de Stamford. \u00a1Con su generoso apoyo, nuestros programas pueden alcanzar nuevas alturas en la educaci\u00f3n y el empoderamiento de la pr\u00f3xima generaci\u00f3n de Stamford!<\/p>\n\n\t\t<\/div>\n\t<\/div>\n<\/div><\/div><\/div><\/div><div class=\"vc_row wpb_row vc_row-fluid\"><div class=\"wpb_column vc_column_container vc_col-sm-4\"><div class=\"vc_column-inner\"><div class=\"wpb_wrapper\">\n\t<div class=\"wpb_raw_code wpb_raw_html wpb_content_element\" >\n\t\t<div class=\"wpb_wrapper\">\n\t\t\t<div class=\"mainbuttonTEE\">\n\n<a class=\"buttonTEE vc_general vc_btn3 vc_btn3-size-md vc_btn3-shape-rounded vc_btn3-style-modern vc_btn3-color-success\" href=\"https:\/\/spefct.salsalabs.org\/teeoffforeducation2025\/index.html\" title=\"\" target=\"_blank\">Patrocinios<\/a>\n\n<\/div>\n\t\t<\/div>\n\t<\/div>\n<\/div><\/div><\/div><div class=\"wpb_column vc_column_container vc_col-sm-4\"><div class=\"vc_column-inner\"><div class=\"wpb_wrapper\">\n\t<div class=\"wpb_raw_code wpb_raw_html wpb_content_element\" >\n\t\t<div class=\"wpb_wrapper\">\n\t\t\t<div class=\"mainbuttonTEE\">\n\n<a class=\"buttonTEE vc_general vc_btn3 vc_btn3-size-md vc_btn3-shape-rounded vc_btn3-style-modern vc_btn3-color-success\" href=\" https:\/\/spefct.salsalabs.org\/teeoffforeducation2025\/index.html\" title=\"\" target=\"_blank\">Reg\u00edstrese en Golf<\/a>\n\n<\/div>\n\t\t<\/div>\n\t<\/div>\n<\/div><\/div><\/div><div class=\"wpb_column vc_column_container vc_col-sm-4\"><div class=\"vc_column-inner\"><div class=\"wpb_wrapper\">\n\t<div class=\"wpb_raw_code wpb_raw_html wpb_content_element\" >\n\t\t<div class=\"wpb_wrapper\">\n\t\t\t<div class=\"mainbuttonTEE\">\n\n<a class=\"buttonTEE vc_general vc_btn3 vc_btn3-size-md vc_btn3-shape-rounded vc_btn3-style-modern vc_btn3-color-success\" href=\"https:\/\/spefct.salsalabs.org\/teeoffforeducationnonticketsales2025\/index.html\" title=\"\" target=\"#\">Boleto de Recepci\u00f3n<\/a>\n\n<\/div>\n\t\t<\/div>\n\t<\/div>\n<\/div><\/div><\/div><\/div><div class=\"vc_row wpb_row vc_row-fluid\"><div class=\"wpb_column vc_column_container vc_col-sm-12\"><div class=\"vc_column-inner\"><div class=\"wpb_wrapper\">\n\t<div class=\"wpb_raw_code wpb_raw_html wpb_content_element\" >\n\t\t<div class=\"wpb_wrapper\">\n\t\t\t<hr style=\"height:5px;border-width:0;color:#007cba;background-color:#4db748\">\n\t\t<\/div>\n\t<\/div>\n<\/div><\/div><\/div><\/div><div class=\"vc_row wpb_row vc_row-fluid\"><div class=\"wpb_column vc_column_container vc_col-sm-6\"><div class=\"vc_column-inner\"><div class=\"wpb_wrapper\">\n\t<div class=\"wpb_text_column wpb_content_element\" >\n\t\t<div class=\"wpb_wrapper\">\n\t\t\t<h3 class=\"x_MsoNormal\" style=\"text-align: center;\"><strong><span style=\"color: #4db748;\">\u00c1lbumes de fotos<\/span><\/strong><\/h3>\n\n\t\t<\/div>\n\t<\/div>\n<div class=\"ult-ih-container ult-adjust-bottom-margin\" >\t<ul class=\"ult-ih-list\"  data-shape=\"square\"  data-width=\"250\"  data-height=\"250\"  style=\"text-align:center; \"><li id=\"ult-ih-list-item-2205\" class=\"ult-ih-list-item\" style=\"height: 250px; width: 250px;  margin: 15px\"><a class=\"ult-ih-link\" href=\"https:\/\/www.facebook.com\/SPEFConn\/posts\/pfbid02rK9kYBix8DbCxK7u5EvE64in7vbMwD1uHqrXg7yP5XmCeiBRtpAzEqQUgqypEqq7l\" target=\"_blank\" rel=\"noopener\"  ><div style=\"height: 250px; width: 250px; \" class=\"ult-ih-item ult-ih-effect6   ult-ih-scale_up\"><div class=\"ult-ih-image-block\" style=\"height: 250px; width: 250px; \">\t<div class=\"ult-ih-wrapper\" style=\"border-style: solid; border-color: rgba(255,255,255,0.2); border-width: 20px;\"><\/div>\t<img decoding=\"async\" class=\"ult-ih-image\" src=\"https:\/\/spefct.org\/wp-content\/uploads\/2024\/06\/1.png\" alt=\"null\"><\/div><div class=\"ult-ih-info\" style=\"background-color: #4db748; \">\t<div class=\"ult-ih-info-back\">\t<div class=\"ult-ih-content\">\t\t\t<div class=\"ult-ih-heading-block\" style=\"\">\t\t\t\t<h3 class=\"ult-ih-heading ult-responsive\" style=\"color:#ffffff;\"  data-ultimate-target='#ult-ih-list-item-2205 .ult-ih-heading'  data-responsive-json-new='{\"font-size\":\"desktop:22px;\",\"line-height\":\"desktop:28px;\"}' >Lugares de inter\u00e9s alrededor de la libra esterlina<\/h3>\t\t\t<\/div>\t\t\t<div class=\"ult-ih-divider-block\" style=\"height:1px;\">\t\t\t\t<span class=\"ult-ih-line\" style=\"border-style:solid;border-color:rgba(255,255,255,0.75);width:100px;border-width:1px;\"><\/span>\t\t\t<\/div>\t\t\t<div class=\"ult-ih-description-block\" style=\"\">\t\t\t\t<div class=\"ult-ih-description ult-responsive\" style=\"color:#ffffff;\"  data-ultimate-target='#ult-ih-list-item-2205 .ult-ih-description, #ult-ih-list-item-2205 .ult-ih-description p'  data-responsive-json-new='{\"font-size\":\"desktop:12px;\",\"line-height\":\"desktop:18px;\"}' ><p>Haga clic para ver el \u00e1lbum<\/p>\n\t\t\t\t<\/div>\t\t\t<\/div>\t<\/div>\t<\/div><\/div><\/div><\/a><\/li>\t<\/ul><\/div><div class=\"ult-ih-container ult-adjust-bottom-margin\" >\t<ul class=\"ult-ih-list\"  data-shape=\"square\"  data-width=\"250\"  data-height=\"250\"  style=\"text-align:center; \"><li id=\"ult-ih-list-item-4932\" class=\"ult-ih-list-item\" style=\"height: 250px; width: 250px;  margin: 15px\"><a class=\"ult-ih-link\" href=\"https:\/\/www.facebook.com\/SPEFConn\/posts\/pfbid02NSjbqvTa673o3J2JAz5FhnA3YREnh5ySyNKmkgfT7apjXJaCd9gRVhERJtbYGxml\" target=\"_blank\" rel=\"noopener\"  ><div style=\"height: 250px; width: 250px; \" class=\"ult-ih-item ult-ih-effect6   ult-ih-scale_up\"><div class=\"ult-ih-image-block\" style=\"height: 250px; width: 250px; \">\t<div class=\"ult-ih-wrapper\" style=\"border-style: solid; border-color: rgba(255,255,255,0.2); border-width: 20px;\"><\/div>\t<img decoding=\"async\" class=\"ult-ih-image\" src=\"https:\/\/spefct.org\/wp-content\/uploads\/2024\/06\/2.png\" alt=\"null\"><\/div><div class=\"ult-ih-info\" style=\"background-color: #4db748; \">\t<div class=\"ult-ih-info-back\">\t<div class=\"ult-ih-content\">\t\t\t<div class=\"ult-ih-heading-block\" style=\"\">\t\t\t\t<h3 class=\"ult-ih-heading ult-responsive\" style=\"color:#ffffff;\"  data-ultimate-target='#ult-ih-list-item-4932 .ult-ih-heading'  data-responsive-json-new='{\"font-size\":\"desktop:22px;\",\"line-height\":\"desktop:28px;\"}' >fabuloso cuarteto<\/h3>\t\t\t<\/div>\t\t\t<div class=\"ult-ih-divider-block\" style=\"height:1px;\">\t\t\t\t<span class=\"ult-ih-line\" style=\"border-style:solid;border-color:rgba(255,255,255,0.75);width:100px;border-width:1px;\"><\/span>\t\t\t<\/div>\t\t\t<div class=\"ult-ih-description-block\" style=\"\">\t\t\t\t<div class=\"ult-ih-description ult-responsive\" style=\"color:#ffffff;\"  data-ultimate-target='#ult-ih-list-item-4932 .ult-ih-description, #ult-ih-list-item-4932 .ult-ih-description p'  data-responsive-json-new='{\"font-size\":\"desktop:12px;\",\"line-height\":\"desktop:18px;\"}' ><p>Haga clic para ver el \u00e1lbum<\/p>\n\t\t\t\t<\/div>\t\t\t<\/div>\t<\/div>\t<\/div><\/div><\/div><\/a><\/li>\t<\/ul><\/div><\/div><\/div><\/div><div class=\"wpb_column vc_column_container vc_col-sm-6 vc_col-has-fill\"><div class=\"vc_column-inner vc_custom_1747150073567\"><div class=\"wpb_wrapper\">\n\t<div class=\"wpb_text_column wpb_content_element\" >\n\t\t<div class=\"wpb_wrapper\">\n\t\t\t<h3 class=\"x_MsoNormal\" style=\"text-align: center;\"><strong><span style=\"color: #4db748;\">Horario de eventos<\/span><\/strong><\/h3>\n\n\t\t<\/div>\n\t<\/div>\n\n\t<div class=\"wpb_text_column wpb_content_element\" >\n\t\t<div class=\"wpb_wrapper\">\n\t\t\t<p style=\"text-align: center;\"><strong>Las inscripciones abren con un desayuno ligero<\/strong><br \/>\n7:00 a. m.<\/p>\n<p style=\"text-align: center;\"><strong>Informe a los carros de golf<\/strong><br \/>\n7:45 a. m.<\/p>\n<p style=\"text-align: center;\"><strong>Salida de escopeta<br \/>\n<\/strong>8:00 AM<\/p>\n<p style=\"text-align: center;\"><strong>Recepci\u00f3n de premios posterior al torneo<\/strong><br \/>\n12:00 p. m.<\/p>\n<p style=\"text-align: center;\"><strong>Anuncio de premios con premios.<\/strong><br \/>\n12:30 PM<\/p>\n<p style=\"text-align: center;\"><strong>Salidas<\/strong><br \/>\n2:00 p. m.<\/p>\n\n\t\t<\/div>\n\t<\/div>\n\n\t<div class=\"wpb_raw_code wpb_raw_html wpb_content_element\" >\n\t\t<div class=\"wpb_wrapper\">\n\t\t\t<div class=\"mainbuttonTEE\">\n\n<a class=\"buttonTEE vc_general vc_btn3 vc_btn3-size-md vc_btn3-shape-rounded vc_btn3-style-modern vc_btn3-color-success\" href=\"https:\/\/spefct.org\/wp-content\/uploads\/2025\/05\/Tee-Off-For-Education-2025.ics\" title=\"\" target=\"#\">A\u00d1ADIR AL CALENDARIO<\/a>\n\n<\/div>\n\t\t<\/div>\n\t<\/div>\n<\/div><\/div><\/div><\/div><div class=\"vc_row wpb_row vc_row-fluid\"><div class=\"wpb_column vc_column_container vc_col-sm-12\"><div class=\"vc_column-inner\"><div class=\"wpb_wrapper\">\n\t<div class=\"wpb_raw_code wpb_raw_html wpb_content_element\" >\n\t\t<div class=\"wpb_wrapper\">\n\t\t\t<hr style=\"height:5px;border-width:0;color:#007cba;background-color:#4db748\">\n\t\t<\/div>\n\t<\/div>\n<\/div><\/div><\/div><\/div><div class=\"vc_row wpb_row vc_row-fluid\"><div class=\"wpb_column vc_column_container vc_col-sm-12\"><div class=\"vc_column-inner\"><div class=\"wpb_wrapper\">\n\t<div class=\"wpb_text_column wpb_content_element\" >\n\t\t<div class=\"wpb_wrapper\">\n\t\t\t<h3 class=\"x_MsoNormal\" style=\"text-align: center;\"><strong><span style=\"color: #4db748;\">SPEF AGRADECE A LOS PATROCINADORES DE 2025<\/span><\/strong><\/h3>\n\n\t\t<\/div>\n\t<\/div>\n\n\t<div class=\"wpb_text_column wpb_content_element\" >\n\t\t<div class=\"wpb_wrapper\">\n\t\t\t<p><img loading=\"lazy\" decoding=\"async\" class=\"wp-image-12796 aligncenter\" src=\"https:\/\/spefct.org\/wp-content\/uploads\/2025\/06\/TeeOffSponsors.png\" alt=\"\" width=\"478\" height=\"520\" srcset=\"https:\/\/spefct.org\/wp-content\/uploads\/2025\/06\/TeeOffSponsors.png 1898w, https:\/\/spefct.org\/wp-content\/uploads\/2025\/06\/TeeOffSponsors-276x300.png 276w, https:\/\/spefct.org\/wp-content\/uploads\/2025\/06\/TeeOffSponsors-941x1024.png 941w, https:\/\/spefct.org\/wp-content\/uploads\/2025\/06\/TeeOffSponsors-768x836.png 768w, https:\/\/spefct.org\/wp-content\/uploads\/2025\/06\/TeeOffSponsors-1411x1536.png 1411w, https:\/\/spefct.org\/wp-content\/uploads\/2025\/06\/TeeOffSponsors-1881x2048.png 1881w, https:\/\/spefct.org\/wp-content\/uploads\/2025\/06\/TeeOffSponsors-11x12.png 11w\" sizes=\"auto, (max-width: 478px) 100vw, 478px\" \/><\/p>\n\n\t\t<\/div>\n\t<\/div>\n<\/div><\/div><\/div><\/div><div class=\"vc_row wpb_row vc_row-fluid\"><div class=\"wpb_column vc_column_container vc_col-sm-12\"><div class=\"vc_column-inner\"><div class=\"wpb_wrapper\">\n\t<div  class=\"wpb_single_image wpb_content_element vc_align_center\">\n\t\t\n\t\t<figure class=\"wpb_wrapper vc_figure\">\n\t\t\t<div class=\"vc_single_image-wrapper   vc_box_border_grey\"><img loading=\"lazy\" decoding=\"async\" width=\"2560\" height=\"681\" src=\"https:\/\/spefct.org\/wp-content\/uploads\/2023\/05\/Ariel10-scaled.jpeg\" class=\"vc_single_image-img attachment-full\" alt=\"\" title=\"DCIM116MEDIADJI_0639.JPG\" srcset=\"https:\/\/spefct.org\/wp-content\/uploads\/2023\/05\/Ariel10-scaled.jpeg 2560w, https:\/\/spefct.org\/wp-content\/uploads\/2023\/05\/Ariel10-300x80.jpeg 300w, https:\/\/spefct.org\/wp-content\/uploads\/2023\/05\/Ariel10-1024x272.jpeg 1024w, https:\/\/spefct.org\/wp-content\/uploads\/2023\/05\/Ariel10-768x204.jpeg 768w, https:\/\/spefct.org\/wp-content\/uploads\/2023\/05\/Ariel10-1536x409.jpeg 1536w, https:\/\/spefct.org\/wp-content\/uploads\/2023\/05\/Ariel10-2048x545.jpeg 2048w, https:\/\/spefct.org\/wp-content\/uploads\/2023\/05\/Ariel10-18x5.jpeg 18w\" sizes=\"auto, (max-width: 2560px) 100vw, 2560px\"  data-dt-location=\"https:\/\/spefct.org\/es\/?attachment_id=11397\" \/><\/div>\n\t\t<\/figure>\n\t<\/div>\n<div class=\"vc_row wpb_row vc_inner vc_row-fluid\"><div class=\"wpb_column vc_column_container vc_col-sm-4\"><div class=\"vc_column-inner\"><div class=\"wpb_wrapper\">\n\t<div  class=\"wpb_single_image wpb_content_element vc_align_left\">\n\t\t\n\t\t<figure class=\"wpb_wrapper vc_figure\">\n\t\t\t<div class=\"vc_single_image-wrapper   vc_box_border_grey\"><img decoding=\"async\" class=\"vc_single_image-img\" src=\"https:\/\/spefct.org\/wp-content\/uploads\/2024\/06\/3.png\" width=\"500\" height=\"300\" alt=\"3\" title=\"3\" loading=\"lazy\"  data-dt-location=\"https:\/\/spefct.org\/es\/tee-off-for-education\/3-11\/\" \/><\/div>\n\t\t<\/figure>\n\t<\/div>\n<\/div><\/div><\/div><div class=\"wpb_column vc_column_container vc_col-sm-4\"><div class=\"vc_column-inner\"><div class=\"wpb_wrapper\">\n\t<div  class=\"wpb_single_image wpb_content_element vc_align_left\">\n\t\t\n\t\t<figure class=\"wpb_wrapper vc_figure\">\n\t\t\t<div class=\"vc_single_image-wrapper   vc_box_border_grey\"><img decoding=\"async\" class=\"vc_single_image-img\" src=\"https:\/\/spefct.org\/wp-content\/uploads\/2024\/06\/1-1.png\" width=\"500\" height=\"300\" alt=\"1\" title=\"1\" loading=\"lazy\"  data-dt-location=\"https:\/\/spefct.org\/es\/tee-off-for-education\/1-19\/\" \/><\/div>\n\t\t<\/figure>\n\t<\/div>\n<\/div><\/div><\/div><div class=\"wpb_column vc_column_container vc_col-sm-4\"><div class=\"vc_column-inner\"><div class=\"wpb_wrapper\">\n\t<div  class=\"wpb_single_image wpb_content_element vc_align_left\">\n\t\t\n\t\t<figure class=\"wpb_wrapper vc_figure\">\n\t\t\t<div class=\"vc_single_image-wrapper   vc_box_border_grey\"><img decoding=\"async\" class=\"vc_single_image-img\" src=\"https:\/\/spefct.org\/wp-content\/uploads\/2024\/06\/2-1.png\" width=\"500\" height=\"300\" alt=\"2\" title=\"2\" loading=\"lazy\"  data-dt-location=\"https:\/\/spefct.org\/es\/tee-off-for-education\/2-20\/\" \/><\/div>\n\t\t<\/figure>\n\t<\/div>\n<\/div><\/div><\/div><\/div><\/div><\/div><\/div><\/div><div class=\"vc_row wpb_row vc_row-fluid\"><div class=\"wpb_column vc_column_container vc_col-sm-12\"><div class=\"vc_column-inner\"><div class=\"wpb_wrapper\"><\/div><\/div><\/div><\/div><\/div>","protected":false},"excerpt":{"rendered":"<p>\u00a1Juega por la Educaci\u00f3n! El tercer torneo anual de golf a beneficio de la Fundaci\u00f3n de Educaci\u00f3n P\u00fablica de Stamford. Jueves 10 de julio, de 7:00 a. m. EDT a 2:00 p. m. EDT. Campo de golf Sterling Farms | 1349 Newfield Avenue | Stamford, CT 06905 | SUBASTA EN VIVO. Patrocinios. Reg\u00edstrate para la recepci\u00f3n de golf. \u00a1Entra en acci\u00f3n con SPEF! Anota en tu calendario\u2026<\/p>","protected":false},"author":50,"featured_media":0,"parent":0,"menu_order":0,"comment_status":"closed","ping_status":"closed","template":"","meta":{"om_disable_all_campaigns":false,"_monsterinsights_skip_tracking":false,"_monsterinsights_sitenote_active":false,"_monsterinsights_sitenote_note":"","_monsterinsights_sitenote_category":0,"footnotes":""},"class_list":["post-12100","page","type-page","status-publish","hentry","description-off"],"aioseo_notices":[],"_links":{"self":[{"href":"https:\/\/spefct.org\/es\/wp-json\/wp\/v2\/pages\/12100","targetHints":{"allow":["GET"]}}],"collection":[{"href":"https:\/\/spefct.org\/es\/wp-json\/wp\/v2\/pages"}],"about":[{"href":"https:\/\/spefct.org\/es\/wp-json\/wp\/v2\/types\/page"}],"author":[{"embeddable":true,"href":"https:\/\/spefct.org\/es\/wp-json\/wp\/v2\/users\/50"}],"replies":[{"embeddable":true,"href":"https:\/\/spefct.org\/es\/wp-json\/wp\/v2\/comments?post=12100"}],"version-history":[{"count":43,"href":"https:\/\/spefct.org\/es\/wp-json\/wp\/v2\/pages\/12100\/revisions"}],"predecessor-version":[{"id":12797,"href":"https:\/\/spefct.org\/es\/wp-json\/wp\/v2\/pages\/12100\/revisions\/12797"}],"wp:attachment":[{"href":"https:\/\/spefct.org\/es\/wp-json\/wp\/v2\/media?parent=12100"}],"curies":[{"name":"gracias","href":"https:\/\/api.w.org\/{rel}","templated":true}]}}