{"id":120,"date":"2015-07-16T23:38:53","date_gmt":"2015-07-17T03:38:53","guid":{"rendered":"http:\/\/kilakwa.net\/dev\/SPEF\/?page_id=120"},"modified":"2024-12-02T09:49:51","modified_gmt":"2024-12-02T14:49:51","slug":"join-the-team","status":"publish","type":"page","link":"https:\/\/spefct.org\/es\/join-the-team\/","title":{"rendered":"\u00daNETE AL EQUIPO"},"content":{"rendered":"<div class=\"wpb-content-wrapper\"><div class=\"vc_row wpb_row vc_row-fluid\"><div class=\"wpb_column vc_column_container vc_col-sm-12\"><div class=\"vc_column-inner\"><div class=\"wpb_wrapper\">\n\t<div class=\"wpb_text_column wpb_content_element\" >\n\t\t<div class=\"wpb_wrapper\">\n\t\t\t<h3><strong><span style=\"color: #0077be;\">OPORTUNIDADES DE PR\u00c1CTICAS Y ESTUDIO LABORAL<\/span><\/strong><\/h3>\n<p><span style=\"color: #000000;\">No hay aberturas en este momento.<\/span><\/p>\n<h3><strong><span style=\"color: #0077be;\">OPORTUNIDADES DE EMPLEO<\/span><\/strong><\/h3>\n<p><a href=\"https:\/\/www.indeed.com\/cmp\/Stamford-Public-Education-Foundation,-(spef)\/jobs\" target=\"_blank\" rel=\"noopener\"><span style=\"color: #000000;\">Aplicar aqu\u00ed<\/span><\/a><\/p>\n<h3><strong><span style=\"color: #0077be;\">OPORTUNIDADES PARA MIEMBROS DE LA JUNTA<\/span><\/strong><\/h3>\n<p><span class=\"TextRun SCXW135766017 BCX0\" lang=\"EN-US\" xml:lang=\"EN-US\" data-contrast=\"auto\"><span class=\"NormalTextRun SCXW135766017 BCX0\">Est\u00e9 atento a nuestra p\u00e1gina Indeed para conocer las oportunidades m\u00e1s actualizadas. Adem\u00e1s, si desea que lo consideren para puestos futuros, env\u00ede un curr\u00edculum para futuras oportunidades a <\/span><\/span><a class=\"Hyperlink SCXW135766017 BCX0\" href=\"mailto:info@spefct.org\" target=\"_blank\" rel=\"noreferrer noopener\"><span class=\"TextRun Underlined SCXW135766017 BCX0\" lang=\"EN-US\" xml:lang=\"EN-US\" data-contrast=\"none\"><span class=\"NormalTextRun SCXW135766017 BCX0\" data-ccp-charstyle=\"Hyperlink\">info@spefct.org<\/span><\/span><\/a><span class=\"TextRun SCXW135766017 BCX0\" lang=\"EN-US\" xml:lang=\"EN-US\" data-contrast=\"auto\"><span class=\"NormalTextRun SCXW135766017 BCX0\"> o a trav\u00e9s de nuestro portal en l\u00ednea.\u00a0<\/span><\/span><span class=\"EOP SCXW135766017 BCX0\" data-ccp-props=\"{}\">\u00a0<\/span><\/p>\n\n\t\t<\/div>\n\t<\/div>\n\n\t<div class=\"wpb_text_column wpb_content_element\" >\n\t\t<div class=\"wpb_wrapper\">\n\t\t\t<h3><strong><span style=\"color: #0077be;\">VOLUNTARIO<\/span><\/strong><\/h3>\n\n\t\t<\/div>\n\t<\/div>\n<a href=\"https:\/\/spefct.salsalabs.org\/volunteer\/index.html\" class=\"btn-shortcode dt-btn-l dt-btn default-btn-color default-btn-hover-color default-btn-bg-color default-btn-bg-hover-color mainbutton\" target=\"_blank\" id=\"dt-btn-1\" rel=\"noopener\"><span>APLICAR AQU\u00cd<\/span><\/a><\/div><\/div><\/div><\/div><div class=\"vc_row wpb_row vc_row-fluid\"><div class=\"wpb_column vc_column_container vc_col-sm-12\"><div class=\"vc_column-inner\"><div class=\"wpb_wrapper\">\n\t<div class=\"wpb_text_column wpb_content_element\" >\n\t\t<div class=\"wpb_wrapper\">\n\t\t\t<h3 style=\"text-align: center;\"><strong><span style=\"color: #0077be;\">Env\u00ede su curr\u00edculum para futuras oportunidades<br \/>\n<\/span><\/strong><\/h3>\n\n\t\t<\/div>\n\t<\/div>\n\n\t<div class=\"wpb_raw_code wpb_raw_html wpb_content_element\" >\n\t\t<div class=\"wpb_wrapper\">\n\t\t\t<script src=\"https:\/\/www.cognitoforms.com\/f\/seamless.js\" data-key=\"wxjBUXkplEatpmc4zgep4A\" data-form=\"1\"><\/script>\n\t\t<\/div>\n\t<\/div>\n<\/div><\/div><\/div><\/div><\/div>","protected":false},"excerpt":{"rendered":"<p>OPORTUNIDADES DE PR\u00c1CTICAS Y TRABAJO\/ESTUDIO: No hay vacantes disponibles por el momento. OPORTUNIDADES DE EMPLEO: Post\u00falese aqu\u00ed. OPORTUNIDADES PARA MIEMBROS DE LA JUNTA DIRECTIVA: Est\u00e9 atento a nuestra p\u00e1gina de Indeed para ver las oportunidades m\u00e1s recientes. Adem\u00e1s, si desea ser considerado para futuros puestos, env\u00ede su curr\u00edculum a info@spefct.org o a trav\u00e9s de nuestro sitio web\u2026<\/p>","protected":false},"author":50,"featured_media":0,"parent":0,"menu_order":0,"comment_status":"closed","ping_status":"closed","template":"","meta":{"om_disable_all_campaigns":false,"_monsterinsights_skip_tracking":false,"_monsterinsights_sitenote_active":false,"_monsterinsights_sitenote_note":"","_monsterinsights_sitenote_category":0,"footnotes":""},"class_list":["post-120","page","type-page","status-publish","hentry","description-off"],"aioseo_notices":[],"_links":{"self":[{"href":"https:\/\/spefct.org\/es\/wp-json\/wp\/v2\/pages\/120","targetHints":{"allow":["GET"]}}],"collection":[{"href":"https:\/\/spefct.org\/es\/wp-json\/wp\/v2\/pages"}],"about":[{"href":"https:\/\/spefct.org\/es\/wp-json\/wp\/v2\/types\/page"}],"author":[{"embeddable":true,"href":"https:\/\/spefct.org\/es\/wp-json\/wp\/v2\/users\/50"}],"replies":[{"embeddable":true,"href":"https:\/\/spefct.org\/es\/wp-json\/wp\/v2\/comments?post=120"}],"version-history":[{"count":95,"href":"https:\/\/spefct.org\/es\/wp-json\/wp\/v2\/pages\/120\/revisions"}],"predecessor-version":[{"id":11674,"href":"https:\/\/spefct.org\/es\/wp-json\/wp\/v2\/pages\/120\/revisions\/11674"}],"wp:attachment":[{"href":"https:\/\/spefct.org\/es\/wp-json\/wp\/v2\/media?parent=120"}],"curies":[{"name":"gracias","href":"https:\/\/api.w.org\/{rel}","templated":true}]}}