{"id":116,"date":"2015-07-16T23:38:08","date_gmt":"2015-07-17T03:38:08","guid":{"rendered":"http:\/\/kilakwa.net\/dev\/SPEF\/?page_id=116"},"modified":"2026-02-10T11:33:36","modified_gmt":"2026-02-10T16:33:36","slug":"donate","status":"publish","type":"page","link":"https:\/\/spefct.org\/es\/donate\/","title":{"rendered":"DONAR"},"content":{"rendered":"<div class=\"wpb-content-wrapper\"><div class=\"vc_row wpb_row vc_row-fluid\"><div class=\"wpb_column vc_column_container vc_col-sm-6\"><div class=\"vc_column-inner\"><div class=\"wpb_wrapper\">\n\t<div class=\"wpb_raw_code wpb_raw_html wpb_content_element\" >\n\t\t<div class=\"wpb_wrapper\">\n\t\t\t<div id=\"WlSxWmFIzW\">\n    <script type=\"text\/javascript\" src=\"https:\/\/default.salsalabs.org\/api\/widget\/template\/736a4add-c9ea-4bbe-90f8-a5a96bb482fa\/?tId=WlSxWmFIzW\" ><\/script>\n<\/div>\n\t\t<\/div>\n\t<\/div>\n<\/div><\/div><\/div><div class=\"wpb_column vc_column_container vc_col-sm-6\"><div class=\"vc_column-inner\"><div class=\"wpb_wrapper\">\n\t<div class=\"wpb_text_column wpb_content_element\" >\n\t\t<div class=\"wpb_wrapper\">\n\t\t\t<h3><strong>Apoye la Campa\u00f1a Anual del SPEF<\/strong><\/h3>\n<div id=\"b98459bc-ea31-45fb-95fc-62359f956aa2\">\n<p>\u00a1\u00danase a nuestra misi\u00f3n de mejorar el \u00e9xito de los estudiantes en Stamford! La Fundaci\u00f3n de Educaci\u00f3n P\u00fablica de Stamford (SPEF) se dedica a promover el acceso equitativo a una educaci\u00f3n p\u00fablica de calidad, y su apoyo es crucial. Este a\u00f1o, estamos emocionados de celebrar 15 a\u00f1os de mentor\u00eda, impactando a miles de j\u00f3venes y brind\u00e1ndoles habilidades vitales para la vida.<\/p>\n<p>Este a\u00f1o, su generosa contribuci\u00f3n influir\u00e1 directamente en las vidas de nuestros estudiantes y ayudar\u00e1 a crear un cambio duradero en nuestra comunidad. Nuestra Junta Directiva ha prometido una donaci\u00f3n equivalente de $50,000, lo que garantiza que cada donaci\u00f3n, sin importar el tama\u00f1o, se igualar\u00e1 d\u00f3lar por d\u00f3lar, duplicando su impacto. <strong>\u00a1Ay\u00fadenos a alcanzar nuestra meta de $100,000 para apoyar a los estudiantes de Stamford!<\/strong><\/p>\n<p>Considere hacer una donaci\u00f3n recurrente para lograr un impacto a\u00fan mayor a largo plazo. Juntos, podemos celebrar nuestros logros e invertir en un futuro m\u00e1s brillante para los j\u00f3venes de Stamford. \u00a1Gracias por su apoyo inquebrantable!<\/p>\n<\/div>\n\n\t\t<\/div>\n\t<\/div>\n<div class=\"vc_tta-container\" data-vc-action=\"collapseAll\"><div class=\"vc_general vc_tta vc_tta-accordion vc_tta-color-grey vc_tta-style-flat vc_tta-shape-square vc_tta-spacing-5 vc_tta-gap-5 vc_tta-controls-align-default vc_tta-o-no-fill vc_tta-o-all-clickable  accordionDonate wpb_animate_when_almost_visible wpb_fadeIn fadeIn\"><div class=\"vc_tta-panels-container\"><div class=\"vc_tta-panels\"><div class=\"vc_tta-panel\" id=\"1609868971524-d30f0754-258c\" data-vc-content=\".vc_tta-panel-body\"><div class=\"vc_tta-panel-heading\"><h4 class=\"vc_tta-panel-title vc_tta-controls-icon-position-left\"><a href=\"#1609868971524-d30f0754-258c\" data-vc-accordion data-vc-container=\".vc_tta-container\"><span class=\"vc_tta-title-text\">Donar por Cheque<\/span><i class=\"vc_tta-controls-icon vc_tta-controls-icon-triangle\"><\/i><\/a><\/h4><\/div><div class=\"vc_tta-panel-body\">\n\t<div class=\"wpb_text_column wpb_content_element\" >\n\t\t<div class=\"wpb_wrapper\">\n\t\t\t<p>Haga su cheque a nombre de Stamford Public Education Foundation y env\u00edelo por correo a: 177 Broad Street, 3rd floor Stamford CT, 06901.<\/p>\n\n\t\t<\/div>\n\t<\/div>\n<\/div><\/div><div class=\"vc_tta-panel\" id=\"1694615391631-13215075-a1ee\" data-vc-content=\".vc_tta-panel-body\"><div class=\"vc_tta-panel-heading\"><h4 class=\"vc_tta-panel-title vc_tta-controls-icon-position-left\"><a href=\"#1694615391631-13215075-a1ee\" data-vc-accordion data-vc-container=\".vc_tta-container\"><span class=\"vc_tta-title-text\">Donar usando Venmo<\/span><i class=\"vc_tta-controls-icon vc_tta-controls-icon-triangle\"><\/i><\/a><\/h4><\/div><div class=\"vc_tta-panel-body\">\n\t<div class=\"wpb_text_column wpb_content_element\" >\n\t\t<div class=\"wpb_wrapper\">\n\t\t\t<p><a href=\"https:\/\/account.venmo.com\/u\/SPEFCT\" target=\"_blank\" rel=\"noopener\">Haga clic aqu\u00ed o escanee el QR a continuaci\u00f3n para donar<\/a><\/p>\n<p><a class=\"dt-pswp-item\" href=\"https:\/\/spefct.org\/es\/donate\/qrcode\/\" data-dt-img-description=\"\" data-large_image_width=\"309\" data-large_image_height=\"309\"><img loading=\"lazy\" decoding=\"async\" class=\"alignnone wp-image-11749\" src=\"https:\/\/spefct.org\/wp-content\/uploads\/2023\/09\/qrcode-300x300.png\" alt=\"\" width=\"137\" height=\"137\" srcset=\"https:\/\/spefct.org\/wp-content\/uploads\/2023\/09\/qrcode-300x300.png 300w, https:\/\/spefct.org\/wp-content\/uploads\/2023\/09\/qrcode-150x150.png 150w, https:\/\/spefct.org\/wp-content\/uploads\/2023\/09\/qrcode-250x250.png 250w, https:\/\/spefct.org\/wp-content\/uploads\/2023\/09\/qrcode-12x12.png 12w, https:\/\/spefct.org\/wp-content\/uploads\/2023\/09\/qrcode.png 309w\" sizes=\"auto, (max-width: 137px) 100vw, 137px\" \/><\/a><\/p>\n\n\t\t<\/div>\n\t<\/div>\n<\/div><\/div><div class=\"vc_tta-panel\" id=\"1609868971544-d1fff4e1-bbce\" data-vc-content=\".vc_tta-panel-body\"><div class=\"vc_tta-panel-heading\"><h4 class=\"vc_tta-panel-title vc_tta-controls-icon-position-left\"><a href=\"#1609868971544-d1fff4e1-bbce\" data-vc-accordion data-vc-container=\".vc_tta-container\"><span class=\"vc_tta-title-text\">Donar acciones u otros valores<\/span><i class=\"vc_tta-controls-icon vc_tta-controls-icon-triangle\"><\/i><\/a><\/h4><\/div><div class=\"vc_tta-panel-body\">\n\t<div class=\"wpb_text_column wpb_content_element\" >\n\t\t<div class=\"wpb_wrapper\">\n\t\t\t<p>Para transferir valores a Stamford Public Education Foundation electr\u00f3nicamente, comun\u00edquese con Malena Loucks, directora ejecutiva, en mloucks@spefct.org para recibir la informaci\u00f3n de la cuenta de SPEF y el DTC # para entreg\u00e1rselo a su corredor. Los valores ser\u00e1n transferidos directamente a la cuenta del SPEF.<\/p>\n\n\t\t<\/div>\n\t<\/div>\n<\/div><\/div><div class=\"vc_tta-panel\" id=\"1610479577480-60bb282f-01a3\" data-vc-content=\".vc_tta-panel-body\"><div class=\"vc_tta-panel-heading\"><h4 class=\"vc_tta-panel-title vc_tta-controls-icon-position-left\"><a href=\"#1610479577480-60bb282f-01a3\" data-vc-accordion data-vc-container=\".vc_tta-container\"><span class=\"vc_tta-title-text\">Donaciones heredadas<\/span><i class=\"vc_tta-controls-icon vc_tta-controls-icon-triangle\"><\/i><\/a><\/h4><\/div><div class=\"vc_tta-panel-body\">\n\t<div class=\"wpb_text_column wpb_content_element\" >\n\t\t<div class=\"wpb_wrapper\">\n\t\t\t<p>A trav\u00e9s de donaciones planificadas, puede garantizar que los estudiantes de las escuelas p\u00fablicas de Stamford y sus familias tengan oportunidades de triunfar en los a\u00f1os venideros. Antes de hacer una donaci\u00f3n heredada, le recomendamos que consulte a su abogado o asesor fiscal para obtener asesoramiento. Para obtener m\u00e1s informaci\u00f3n o informar a SPEF sobre sus intenciones, comun\u00edquese con Malena Loucks, directora ejecutiva en mloucks@spefct.org.<\/p>\n\n\t\t<\/div>\n\t<\/div>\n<\/div><\/div><\/div><\/div><\/div><\/div><div class=\"vc_row wpb_row vc_inner vc_row-fluid\"><div class=\"wpb_column vc_column_container vc_col-sm-12\"><div class=\"vc_column-inner\"><div class=\"wpb_wrapper\">\n\t<div  class=\"wpb_single_image wpb_content_element vc_align_center\">\n\t\t\n\t\t<figure class=\"wpb_wrapper vc_figure\">\n\t\t\t<div class=\"vc_single_image-wrapper   vc_box_border_grey\"><img loading=\"lazy\" decoding=\"async\" width=\"300\" height=\"300\" src=\"https:\/\/spefct.org\/wp-content\/uploads\/2021\/01\/donation-300x300.png\" class=\"vc_single_image-img attachment-medium\" alt=\"\" title=\"donaci\u00f3n\" srcset=\"https:\/\/spefct.org\/wp-content\/uploads\/2021\/01\/donation-300x300.png 300w, https:\/\/spefct.org\/wp-content\/uploads\/2021\/01\/donation-150x150.png 150w, https:\/\/spefct.org\/wp-content\/uploads\/2021\/01\/donation.png 630w\" sizes=\"auto, (max-width: 300px) 100vw, 300px\"  data-dt-location=\"https:\/\/spefct.org\/es\/donate\/donation\/\" \/><\/div>\n\t\t<\/figure>\n\t<\/div>\n\n\t<div class=\"wpb_text_column wpb_content_element\" >\n\t\t<div class=\"wpb_wrapper\">\n\t\t\t<div id=\"images\"><a href=\"https:\/\/www.charitynavigator.org\/ein\/061462359\" target=\"_blank\" rel=\"noopener\"><img loading=\"lazy\" decoding=\"async\" class=\"fblogo alignnone\" src=\"https:\/\/spefct.org\/wp-content\/uploads\/2021\/10\/CN_Encompass_030121_Version3_Takeaway_97.png\" alt=\"Mail\" width=\"101\" height=\"78\" border=\"0\" \/><\/a><a href=\"https:\/\/www.guidestar.org\/profile\/06-1462359\" target=\"_blank\" rel=\"noopener\"><img loading=\"lazy\" decoding=\"async\" class=\"fblogo alignnone\" src=\"https:\/\/widgets.guidestar.org\/gximage2?o=6877878&amp;l=v4\" alt=\"Facebook\" width=\"86\" height=\"86\" border=\"0\" \/><\/a><\/div>\n\n\t\t<\/div>\n\t<\/div>\n<\/div><\/div><\/div><\/div><\/div><\/div><\/div><\/div><div class=\"vc_row wpb_row vc_row-fluid\"><div class=\"wpb_column vc_column_container vc_col-sm-12 vc_col-has-fill\"><div class=\"vc_column-inner vc_custom_1661376584366\"><div class=\"wpb_wrapper\"><div class=\"ult-just-icon-wrapper\"><div class=\"align-icon\" style=\"text-align:center;\">\n<div class=\"aio-icon none\"  style=\"color:#0077be;font-size:32px;display:inline-block;\">\n\t<i class=\"Defaults-check-circle\"><\/i>\n<\/div><\/div><\/div>\n\t<div class=\"wpb_text_column wpb_content_element  vc_custom_1661376740322\" >\n\t\t<div class=\"wpb_wrapper\">\n\t\t\t<h3 class=\"x_MsoNormal\" style=\"text-align: center;\"><strong><span style=\"color: #0077be;\">Informaci\u00f3n SPEF<\/span><\/strong><\/h3>\n\n\t\t<\/div>\n\t<\/div>\n<div class=\"vc_row wpb_row vc_inner vc_row-fluid vc_custom_1661376384341 vc_row-has-fill\"><div class=\"wpb_column vc_column_container vc_col-sm-3\"><div class=\"vc_column-inner\"><div class=\"wpb_wrapper\">\n\t<div class=\"wpb_text_column wpb_content_element\" >\n\t\t<div class=\"wpb_wrapper\">\n\t\t\t<p>Al enviar una donaci\u00f3n equivalente a trav\u00e9s del portal electr\u00f3nico de su empresa, o si su empresa todav\u00eda usa un formulario en papel, es posible que necesite lo siguiente:<\/p>\n\n\t\t<\/div>\n\t<\/div>\n<\/div><\/div><\/div><div class=\"wpb_column vc_column_container vc_col-sm-3\"><div class=\"vc_column-inner\"><div class=\"wpb_wrapper\">\n\t<div class=\"wpb_text_column wpb_content_element\" >\n\t\t<div class=\"wpb_wrapper\">\n\t\t\t<p style=\"text-align: left;\"><strong><span style=\"color: #0077be;\">EIN:<\/span><\/strong> 06-1462359<\/p>\n\n\t\t<\/div>\n\t<\/div>\n<\/div><\/div><\/div><div class=\"wpb_column vc_column_container vc_col-sm-3\"><div class=\"vc_column-inner\"><div class=\"wpb_wrapper\">\n\t<div class=\"wpb_text_column wpb_content_element\" >\n\t\t<div class=\"wpb_wrapper\">\n\t\t\t<p style=\"text-align: left;\"><strong><span style=\"color: #0077be;\">Direcci\u00f3n de envio:<\/span><\/strong><br \/>\nFundaci\u00f3n de Educaci\u00f3n P\u00fablica de Stamford<br \/>\n34 Woodland Avenue, Suite 209<br \/>\nAtenci\u00f3n: Regalos a juego<br \/>\nStamford, CT 06902<\/p>\n\n\t\t<\/div>\n\t<\/div>\n<\/div><\/div><\/div><div class=\"wpb_column vc_column_container vc_col-sm-3\"><div class=\"vc_column-inner\"><div class=\"wpb_wrapper\">\n\t<div class=\"wpb_text_column wpb_content_element\" >\n\t\t<div class=\"wpb_wrapper\">\n\t\t\t<p style=\"text-align: left;\"><strong><span style=\"color: #0077be;\">Contacto:<br \/>\n<\/span><\/strong>Malena Loucks<br \/>\nDirector Ejecutivo<br \/>\n203-965-7733 o mloucks@spefct.org<\/p>\n\n\t\t<\/div>\n\t<\/div>\n<\/div><\/div><\/div><\/div><\/div><\/div><\/div><\/div><div class=\"vc_row wpb_row vc_row-fluid\"><div class=\"wpb_column vc_column_container vc_col-sm-12\"><div class=\"vc_column-inner\"><div class=\"wpb_wrapper\"><\/div><\/div><\/div><\/div><\/div>","protected":false},"excerpt":{"rendered":"<p>Apoye la Campa\u00f1a Anual de la SPEF. \u00a1\u00danase a nuestra misi\u00f3n para impulsar el \u00e9xito estudiantil en Stamford! La Fundaci\u00f3n de Educaci\u00f3n P\u00fablica de Stamford (SPEF) se dedica a promover el acceso equitativo a una educaci\u00f3n p\u00fablica de calidad, y su apoyo es crucial. Este a\u00f1o, nos complace celebrar 15 a\u00f1os de mentor\u00eda, impactando a miles de j\u00f3venes y brind\u00e1ndoles\u2026<\/p>","protected":false},"author":50,"featured_media":0,"parent":0,"menu_order":0,"comment_status":"closed","ping_status":"closed","template":"","meta":{"om_disable_all_campaigns":false,"_monsterinsights_skip_tracking":false,"_monsterinsights_sitenote_active":false,"_monsterinsights_sitenote_note":"","_monsterinsights_sitenote_category":0,"footnotes":""},"class_list":["post-116","page","type-page","status-publish","hentry","description-off"],"aioseo_notices":[],"_links":{"self":[{"href":"https:\/\/spefct.org\/es\/wp-json\/wp\/v2\/pages\/116","targetHints":{"allow":["GET"]}}],"collection":[{"href":"https:\/\/spefct.org\/es\/wp-json\/wp\/v2\/pages"}],"about":[{"href":"https:\/\/spefct.org\/es\/wp-json\/wp\/v2\/types\/page"}],"author":[{"embeddable":true,"href":"https:\/\/spefct.org\/es\/wp-json\/wp\/v2\/users\/50"}],"replies":[{"embeddable":true,"href":"https:\/\/spefct.org\/es\/wp-json\/wp\/v2\/comments?post=116"}],"version-history":[{"count":63,"href":"https:\/\/spefct.org\/es\/wp-json\/wp\/v2\/pages\/116\/revisions"}],"predecessor-version":[{"id":12933,"href":"https:\/\/spefct.org\/es\/wp-json\/wp\/v2\/pages\/116\/revisions\/12933"}],"wp:attachment":[{"href":"https:\/\/spefct.org\/es\/wp-json\/wp\/v2\/media?parent=116"}],"curies":[{"name":"gracias","href":"https:\/\/api.w.org\/{rel}","templated":true}]}}