{"id":10630,"date":"2022-08-23T17:26:04","date_gmt":"2022-08-23T21:26:04","guid":{"rendered":"https:\/\/spefct.org\/?page_id=10630"},"modified":"2022-08-24T10:09:41","modified_gmt":"2022-08-24T14:09:41","slug":"matching-gifts-multiply-the-impact-of-your-donation","status":"publish","type":"page","link":"https:\/\/spefct.org\/es\/matching-gifts-multiply-the-impact-of-your-donation\/","title":{"rendered":"REGALOS IGUALADOS: MULTIPLICA EL IMPACTO DE TU DONACI\u00d3N"},"content":{"rendered":"<div class=\"wpb-content-wrapper\"><div class=\"vc_row wpb_row vc_row-fluid\"><div class=\"wpb_column vc_column_container vc_col-sm-12\"><div class=\"vc_column-inner\"><div class=\"wpb_wrapper\"><div class=\"vc_row wpb_row vc_inner vc_row-fluid\"><div class=\"wpb_column vc_column_container vc_col-sm-8\"><div class=\"vc_column-inner\"><div class=\"wpb_wrapper\">\n\t<div class=\"wpb_text_column wpb_content_element\" >\n\t\t<div class=\"wpb_wrapper\">\n\t\t\t<h4>Su contribuci\u00f3n a la Fundaci\u00f3n de Educaci\u00f3n P\u00fablica de Stamford puede ser elegible para una donaci\u00f3n equivalente de su empleador.<\/h4>\n\n\t\t<\/div>\n\t<\/div>\n\n\t<div class=\"wpb_raw_code wpb_raw_html wpb_content_element\" >\n\t\t<div class=\"wpb_wrapper\">\n\t\t\t<script>var DDCONF = { API_KEY: \"u8GljaCaCVb9TSRo\" };<\/script> <script src=\"https:\/\/doublethedonation.com\/api\/js\/ddplugin.js\"><\/script> <div id=\"dd-container\"><a href=\"https:\/\/doublethedonation.com\/matching-grant-resources\/matching-gift-basics\/\">Regalo a juego<\/a> y <a href=\"https:\/\/doublethedonation.com\/matching-grant-resources\/volunteer-grant-basics\/\">Beca de voluntariado<\/a> informaci\u00f3n proporcionada por <br><a href=\"https:\/\/doublethedonation.com\"><img decoding=\"async\" alt=\"Powered by Double the Donation\" src=\"https:\/\/doublethedonation.com\/api\/img\/powered-by.png\" \/><\/a><\/div>\n\t\t<\/div>\n\t<\/div>\n\n\t<div class=\"wpb_text_column wpb_content_element\" >\n\t\t<div class=\"wpb_wrapper\">\n\t\t\t<h3 style=\"text-align: center;\"><strong>\u00a1Gracias por tu apoyo!<\/strong><\/h3>\n\n\t\t<\/div>\n\t<\/div>\n<\/div><\/div><\/div><div class=\"wpb_column vc_column_container vc_col-sm-4\"><div class=\"vc_column-inner\"><div class=\"wpb_wrapper\"><div class=\"ult-content-box-container\" >\t\t<div class=\"ult-content-box\" style=\"background-color:#ebebeb;box-shadow: px px px px none;-webkit-transition: all 700ms ease;-moz-transition: all 700ms ease;-ms-transition: all 700ms ease;-o-transition: all 700ms ease;transition: all 700ms ease;\"  data-hover_box_shadow=\"none\"     data-bg=\"#ebebeb\" ><div class=\"ult-just-icon-wrapper   vc_custom_1661289704459\"><div class=\"align-icon\" style=\"text-align:center;\">\n<div class=\"aio-icon none\"  style=\"color:#0077be;font-size:32px;display:inline-block;\">\n\t<i class=\"dt-icon-the7-misc-017\"><\/i>\n<\/div><\/div><\/div>\n\t<div class=\"wpb_text_column wpb_content_element  vc_custom_1661350172439\" >\n\t\t<div class=\"wpb_wrapper\">\n\t\t\t<h3 class=\"x_MsoNormal\" style=\"text-align: center;\"><strong><span style=\"color: #0077be;\">Informaci\u00f3n SPEF<\/span><\/strong><\/h3>\n<p>Al enviar una donaci\u00f3n equivalente a trav\u00e9s del portal electr\u00f3nico de su empresa, o si su empresa todav\u00eda usa un formulario en papel, es posible que necesite lo siguiente:<\/p>\n<p><strong><span style=\"color: #0077be;\">EIN:<\/span><\/strong> 06-1462359<\/p>\n<p><strong><span style=\"color: #0077be;\">Direcci\u00f3n de envio:<\/span><\/strong><br \/>\nFundaci\u00f3n de Educaci\u00f3n P\u00fablica de Stamford<br \/>\n177 Broad Street, 3rd Floor<br \/>\nAtenci\u00f3n: Regalos a juego<br \/>\nStamford, CT 06901<\/p>\n<p><strong><span style=\"color: #0077be;\">Contacto:<br \/>\n<\/span><\/strong>Lynn Tusa<br \/>\nDirector de Desarrollo y Comunicaciones<br \/>\n203-965-7733 o ltusa@spefct.org<\/p>\n\n\t\t<\/div>\n\t<\/div>\n\t\t<\/div><\/div><\/div><\/div><\/div><\/div><\/div><\/div><\/div><\/div><\/div>","protected":false},"excerpt":{"rendered":"<p>Su contribuci\u00f3n a la Fundaci\u00f3n de Educaci\u00f3n P\u00fablica de Stamford puede ser elegible para una donaci\u00f3n equivalente de su empleador. Informaci\u00f3n sobre donaciones equivalentes y subvenciones para voluntarios proporcionada por \u00a1Gracias por su apoyo! Informaci\u00f3n SPEF Al enviar una donaci\u00f3n equivalente a trav\u00e9s del portal electr\u00f3nico de su empresa, o si su empresa todav\u00eda usa un formulario en papel, es posible que necesite la...<\/p>","protected":false},"author":50,"featured_media":0,"parent":0,"menu_order":0,"comment_status":"closed","ping_status":"closed","template":"","meta":{"om_disable_all_campaigns":false,"_monsterinsights_skip_tracking":false,"_monsterinsights_sitenote_active":false,"_monsterinsights_sitenote_note":"","_monsterinsights_sitenote_category":0,"footnotes":""},"class_list":["post-10630","page","type-page","status-publish","hentry","description-off"],"aioseo_notices":[],"_links":{"self":[{"href":"https:\/\/spefct.org\/es\/wp-json\/wp\/v2\/pages\/10630","targetHints":{"allow":["GET"]}}],"collection":[{"href":"https:\/\/spefct.org\/es\/wp-json\/wp\/v2\/pages"}],"about":[{"href":"https:\/\/spefct.org\/es\/wp-json\/wp\/v2\/types\/page"}],"author":[{"embeddable":true,"href":"https:\/\/spefct.org\/es\/wp-json\/wp\/v2\/users\/50"}],"replies":[{"embeddable":true,"href":"https:\/\/spefct.org\/es\/wp-json\/wp\/v2\/comments?post=10630"}],"version-history":[{"count":25,"href":"https:\/\/spefct.org\/es\/wp-json\/wp\/v2\/pages\/10630\/revisions"}],"predecessor-version":[{"id":11873,"href":"https:\/\/spefct.org\/es\/wp-json\/wp\/v2\/pages\/10630\/revisions\/11873"}],"wp:attachment":[{"href":"https:\/\/spefct.org\/es\/wp-json\/wp\/v2\/media?parent=10630"}],"curies":[{"name":"gracias","href":"https:\/\/api.w.org\/{rel}","templated":true}]}}