{"id":1055,"date":"2015-08-27T12:33:06","date_gmt":"2015-08-27T12:33:06","guid":{"rendered":"http:\/\/kilakwa.net\/dev\/SPEF\/?page_id=1055"},"modified":"2021-06-15T14:25:12","modified_gmt":"2021-06-15T18:25:12","slug":"media-coverage","status":"publish","type":"page","link":"https:\/\/spefct.org\/es\/news-events\/media-coverage\/","title":{"rendered":"COBERTURA MEDI\u00c1TICA"},"content":{"rendered":"<div class=\"wpb-content-wrapper\"><div class=\"vc_row wpb_row vc_row-fluid\"><div class=\"wpb_column vc_column_container vc_col-sm-12\"><div class=\"vc_column-inner\"><div class=\"wpb_wrapper\"><section class=\"items-grid wf-container round-images\"><div class=\"wf-cell wf-1-2\"><article class=\"post-format-standard\"><div class=\"mini-post-img\"><a class=\"alignleft post-rollover layzr-bg\" href=\"https:\/\/spefct.org\/es\/spef-5k-walk-run-for-education\/\" aria-label=\"Publicar imagen\"><img decoding=\"async\" class=\"preload-me lazy-load aspect\" src=\"data:image\/svg+xml,%3Csvg%20xmlns%3D&#39;http%3A%2F%2Fwww.w3.org%2F2000%2Fsvg&#39;%20viewBox%3D&#39;0%200%20100%20100&#39;%2F%3E\" data-src=\"https:\/\/spefct.org\/wp-content\/uploads\/2024\/10\/DSC00409-scaled-100x100.jpg\" data-srcset=\"https:\/\/spefct.org\/wp-content\/uploads\/2024\/10\/DSC00409-scaled-100x100.jpg 100w, https:\/\/spefct.org\/wp-content\/uploads\/2024\/10\/DSC00409-scaled-200x200.jpg 200w\" loading=\"eager\" style=\"--ratio: 100 \/ 100\" sizes=\"(max-width: 100px) 100vw, 100px\" width=\"100\" height=\"100\"  alt=\"\" \/><\/a><\/div><div class=\"post-content\"><a href=\"https:\/\/spefct.org\/es\/spef-5k-walk-run-for-education\/\">Caminata y carrera de 5 km del SPEF por la educaci\u00f3n<\/a><br \/><time class=\"text-secondary\" datetime=\"2024-10-22T11:25:44-04:00\">22 de octubre de 2024<\/time><\/div><\/article><\/div><div class=\"wf-cell wf-1-2\"><article class=\"post-format-standard\"><div class=\"mini-post-img\"><a class=\"alignleft post-rollover layzr-bg\" href=\"https:\/\/spefct.org\/es\/spef-5k-walk-and-run-returns-to-mill-river-park\/\" aria-label=\"Publicar imagen\"><img decoding=\"async\" class=\"preload-me lazy-load aspect\" src=\"data:image\/svg+xml,%3Csvg%20xmlns%3D&#39;http%3A%2F%2Fwww.w3.org%2F2000%2Fsvg&#39;%20viewBox%3D&#39;0%200%20100%20100&#39;%2F%3E\" data-src=\"https:\/\/spefct.org\/wp-content\/uploads\/2024\/10\/DSC00419-scaled-100x100.jpg\" data-srcset=\"https:\/\/spefct.org\/wp-content\/uploads\/2024\/10\/DSC00419-scaled-100x100.jpg 100w, https:\/\/spefct.org\/wp-content\/uploads\/2024\/10\/DSC00419-scaled-200x200.jpg 200w\" loading=\"eager\" style=\"--ratio: 100 \/ 100\" sizes=\"(max-width: 100px) 100vw, 100px\" width=\"100\" height=\"100\"  alt=\"\" \/><\/a><\/div><div class=\"post-content\"><a href=\"https:\/\/spefct.org\/es\/spef-5k-walk-and-run-returns-to-mill-river-park\/\">La caminata y carrera SPEF 5K regresa al parque Mill River<\/a><br \/><time class=\"text-secondary\" datetime=\"2024-09-16T11:20:00-04:00\">16 de septiembre de 2024<\/time><\/div><\/article><\/div><div class=\"wf-cell wf-1-2\"><article class=\"post-format-standard\"><div class=\"mini-post-img\"><a class=\"alignleft post-rollover layzr-bg\" href=\"https:\/\/spefct.org\/es\/from-congress-to-stamford-2m-for-school-sidewalks-4-5m-for-mill-river-park\/\" aria-label=\"Publicar imagen\"><img decoding=\"async\" class=\"preload-me lazy-load aspect\" src=\"data:image\/svg+xml,%3Csvg%20xmlns%3D&#39;http%3A%2F%2Fwww.w3.org%2F2000%2Fsvg&#39;%20viewBox%3D&#39;0%200%20100%20100&#39;%2F%3E\" data-src=\"https:\/\/spefct.org\/wp-content\/uploads\/2024\/03\/Screen-Shot-2024-03-28-at-10.05.14-AM-100x100.png\" data-srcset=\"https:\/\/spefct.org\/wp-content\/uploads\/2024\/03\/Screen-Shot-2024-03-28-at-10.05.14-AM-100x100.png 100w, https:\/\/spefct.org\/wp-content\/uploads\/2024\/03\/Screen-Shot-2024-03-28-at-10.05.14-AM-200x200.png 200w\" loading=\"eager\" style=\"--ratio: 100 \/ 100\" sizes=\"(max-width: 100px) 100vw, 100px\" width=\"100\" height=\"100\"  alt=\"\" \/><\/a><\/div><div class=\"post-content\"><a href=\"https:\/\/spefct.org\/es\/from-congress-to-stamford-2m-for-school-sidewalks-4-5m-for-mill-river-park\/\">Del Congreso a Stamford: $2M para aceras escolares, $4.5M para Mill River Park<\/a><br \/><time class=\"text-secondary\" datetime=\"2024-03-28T10:05:36-04:00\">marzo 28, 2024<\/time><\/div><\/article><\/div><div class=\"wf-cell wf-1-2\"><article class=\"post-format-standard\"><div class=\"mini-post-img\"><a class=\"alignleft post-rollover layzr-bg\" href=\"https:\/\/spefct.org\/es\/simmons-announces-recipients-of-2023-community-microgrants\/\" aria-label=\"Publicar imagen\"><img decoding=\"async\" class=\"preload-me lazy-load aspect\" src=\"data:image\/svg+xml,%3Csvg%20xmlns%3D&#39;http%3A%2F%2Fwww.w3.org%2F2000%2Fsvg&#39;%20viewBox%3D&#39;0%200%20100%20100&#39;%2F%3E\" data-src=\"https:\/\/spefct.org\/wp-content\/uploads\/2023\/08\/Screen-Shot-2023-08-23-at-2.47.41-PM-100x100.png\" data-srcset=\"https:\/\/spefct.org\/wp-content\/uploads\/2023\/08\/Screen-Shot-2023-08-23-at-2.47.41-PM-100x100.png 100w, https:\/\/spefct.org\/wp-content\/uploads\/2023\/08\/Screen-Shot-2023-08-23-at-2.47.41-PM-200x200.png 200w\" loading=\"eager\" style=\"--ratio: 100 \/ 100\" sizes=\"(max-width: 100px) 100vw, 100px\" width=\"100\" height=\"100\"  alt=\"\" \/><\/a><\/div><div class=\"post-content\"><a href=\"https:\/\/spefct.org\/es\/simmons-announces-recipients-of-2023-community-microgrants\/\">Simmons anuncia los beneficiarios de las microsubvenciones comunitarias de 2023<\/a><br \/><time class=\"text-secondary\" datetime=\"2023-08-23T10:15:29-04:00\">agosto 23, 2023<\/time><\/div><\/article><\/div><div class=\"wf-cell wf-1-2\"><article class=\"post-format-standard\"><div class=\"mini-post-img\"><a class=\"alignleft post-rollover layzr-bg\" href=\"https:\/\/spefct.org\/es\/stamford-public-education-foundation-spreads-thousands-of-books-across-city\/\" aria-label=\"Publicar imagen\"><img decoding=\"async\" class=\"preload-me lazy-load aspect\" src=\"data:image\/svg+xml,%3Csvg%20xmlns%3D&#39;http%3A%2F%2Fwww.w3.org%2F2000%2Fsvg&#39;%20viewBox%3D&#39;0%200%20100%20100&#39;%2F%3E\" data-src=\"https:\/\/spefct.org\/wp-content\/uploads\/2023\/07\/Screen-Shot-2023-08-01-at-10.40.16-AM-100x100.png\" data-srcset=\"https:\/\/spefct.org\/wp-content\/uploads\/2023\/07\/Screen-Shot-2023-08-01-at-10.40.16-AM-100x100.png 100w, https:\/\/spefct.org\/wp-content\/uploads\/2023\/07\/Screen-Shot-2023-08-01-at-10.40.16-AM-200x200.png 200w\" loading=\"eager\" style=\"--ratio: 100 \/ 100\" sizes=\"(max-width: 100px) 100vw, 100px\" width=\"100\" height=\"100\"  alt=\"\" \/><\/a><\/div><div class=\"post-content\"><a href=\"https:\/\/spefct.org\/es\/stamford-public-education-foundation-spreads-thousands-of-books-across-city\/\">La Fundaci\u00f3n de Educaci\u00f3n P\u00fablica de Stamford distribuye miles de libros por toda la ciudad<\/a><br \/><time class=\"text-secondary\" datetime=\"2023-08-01T10:15:29-04:00\">agosto 1, 2023<\/time><\/div><\/article><\/div><div class=\"wf-cell wf-1-2\"><article class=\"post-format-standard\"><div class=\"mini-post-img\"><a class=\"alignleft post-rollover layzr-bg\" href=\"https:\/\/spefct.org\/es\/stamford-high-student-sinks-hole-in-one-at-1st-spef-golf-tournament\/\" aria-label=\"Publicar imagen\"><img decoding=\"async\" class=\"preload-me lazy-load aspect\" src=\"data:image\/svg+xml,%3Csvg%20xmlns%3D&#39;http%3A%2F%2Fwww.w3.org%2F2000%2Fsvg&#39;%20viewBox%3D&#39;0%200%20100%20100&#39;%2F%3E\" data-src=\"https:\/\/spefct.org\/wp-content\/uploads\/2023\/07\/Untitled-design-14-100x100.png\" data-srcset=\"https:\/\/spefct.org\/wp-content\/uploads\/2023\/07\/Untitled-design-14-100x100.png 100w, https:\/\/spefct.org\/wp-content\/uploads\/2023\/07\/Untitled-design-14-200x200.png 200w\" loading=\"eager\" style=\"--ratio: 100 \/ 100\" sizes=\"(max-width: 100px) 100vw, 100px\" width=\"100\" height=\"100\"  alt=\"\" \/><\/a><\/div><div class=\"post-content\"><a href=\"https:\/\/spefct.org\/es\/stamford-high-student-sinks-hole-in-one-at-1st-spef-golf-tournament\/\">Estudiante de Stamford High se hunde en un hoyo en uno en el primer torneo de golf SPEF<\/a><br \/><time class=\"text-secondary\" datetime=\"2023-07-14T12:15:29-04:00\">julio 14, 2023<\/time><\/div><\/article><\/div><\/section>\n\t<div class=\"wpb_text_column wpb_content_element\" >\n\t\t<div class=\"wpb_wrapper\">\n\t\t\t<p style=\"text-align: center;\"><a href=\"http:\/\/spefct.org\/es\/category\/newsroom\/media-coverage\/\">Ver toda la cobertura de medios &gt;<\/a><\/p>\n\n\t\t<\/div>\n\t<\/div>\n<\/div><\/div><\/div><\/div><\/div>","protected":false},"excerpt":{"rendered":"\u2026","protected":false},"author":15,"featured_media":0,"parent":23,"menu_order":0,"comment_status":"closed","ping_status":"closed","template":"","meta":{"om_disable_all_campaigns":false,"_monsterinsights_skip_tracking":false,"_monsterinsights_sitenote_active":false,"_monsterinsights_sitenote_note":"","_monsterinsights_sitenote_category":0,"footnotes":""},"class_list":["post-1055","page","type-page","status-publish","hentry","description-off"],"aioseo_notices":[],"_links":{"self":[{"href":"https:\/\/spefct.org\/es\/wp-json\/wp\/v2\/pages\/1055","targetHints":{"allow":["GET"]}}],"collection":[{"href":"https:\/\/spefct.org\/es\/wp-json\/wp\/v2\/pages"}],"about":[{"href":"https:\/\/spefct.org\/es\/wp-json\/wp\/v2\/types\/page"}],"author":[{"embeddable":true,"href":"https:\/\/spefct.org\/es\/wp-json\/wp\/v2\/users\/15"}],"replies":[{"embeddable":true,"href":"https:\/\/spefct.org\/es\/wp-json\/wp\/v2\/comments?post=1055"}],"version-history":[{"count":11,"href":"https:\/\/spefct.org\/es\/wp-json\/wp\/v2\/pages\/1055\/revisions"}],"predecessor-version":[{"id":8951,"href":"https:\/\/spefct.org\/es\/wp-json\/wp\/v2\/pages\/1055\/revisions\/8951"}],"up":[{"embeddable":true,"href":"https:\/\/spefct.org\/es\/wp-json\/wp\/v2\/pages\/23"}],"wp:attachment":[{"href":"https:\/\/spefct.org\/es\/wp-json\/wp\/v2\/media?parent=1055"}],"curies":[{"name":"gracias","href":"https:\/\/api.w.org\/{rel}","templated":true}]}}